{"id":13565,"date":"2026-03-05T09:52:10","date_gmt":"2026-03-05T09:52:10","guid":{"rendered":"https:\/\/miamedic.lt\/?post_type=product&#038;p=13565"},"modified":"2026-03-13T11:49:10","modified_gmt":"2026-03-13T11:49:10","slug":"valmont-lumisence","status":"publish","type":"product","link":"https:\/\/miamedic.lt\/en\/shop\/valmont-lumisence\/","title":{"rendered":"Valmont Lumisence"},"content":{"rendered":"<p data-start=\"0\" data-end=\"81\"><strong data-start=\"0\" data-end=\"81\"><span class=\"whitespace-normal\">Valmont LumiSence<\/span> \u2013 skaistum\u0105 aktyvuojantis veido serumas<\/strong><\/p>\n<p data-start=\"83\" data-end=\"470\">Lengvos, vandens-pavidalo tekst\u016bros serumas, sukurtas <strong data-start=\"137\" data-end=\"191\">odai skaistinti, lyginti ir por\u0173 matomumui ma\u017einti<\/strong>. Itin lengva formul\u0117 greitai \u012fsigeria ir padeda suaktyvinti nat\u016bralius odos \u0161vyt\u0117jimo mechanizmus, tod\u0117l oda atrodo lygesn\u0117, \u0161velnesn\u0117 ir labiau spindinti. Reguliariai naudojant oda tampa tolygesn\u0117s tekst\u016bros, o poros \u2013 ma\u017eiau pastebimos.<\/p>\n<p data-start=\"472\" data-end=\"485\"><strong data-start=\"472\" data-end=\"485\">Effect:<\/strong><\/p>\n<p data-start=\"487\" data-end=\"732\">\u2022 Ma\u017eina por\u0173 matomum\u0105 ir lygina odos tekst\u016br\u0105<br data-start=\"533\" data-end=\"536\" \/>\u2022 Skatina nat\u016bral\u0173 odos skaistum\u0105 ir \u0161vyt\u0117jim\u0105<br data-start=\"582\" data-end=\"585\" \/>\u2022 Aktyvina odos l\u0105steli\u0173 veikl\u0105 gilesniuose sluoksniuose<br data-start=\"641\" data-end=\"644\" \/>\u2022 Suteikia odai \u0161ilkin\u012f lygum\u0105 ir tolygesn\u012f ton\u0105<\/p>\n<p data-start=\"734\" data-end=\"749\"><strong data-start=\"734\" data-end=\"749\">Usage:<\/strong><\/p>\n<p data-start=\"751\" data-end=\"1013\">Naudoti pagal kosmetologo rekomendacijas. Kelis serumo paspaudimus paskirstyti ant \u0161varios veido ir kaklo odos <strong data-start=\"862\" data-end=\"887\">ryte ir (arba) vakare<\/strong>, \u0161velniai \u012fmasa\u017euoti, kol visi\u0161kai \u012fsigers. Po to naudoti m\u0117gstam\u0105 dr\u0117kinam\u0105j\u012f krem\u0105.<\/p>\n<p data-start=\"1015\" data-end=\"1231\">Tinka vis\u0173 tip\u0173 odai, ypa\u010d <strong data-start=\"1042\" data-end=\"1140\">esant nelygiai odos tekst\u016brai, i\u0161sipl\u0117tusioms poroms ar praradusiam skaistum\u0105 veido odos tonui<\/strong>, siekiant lygesn\u0117s ir nat\u016braliai spindin\u010dios odos<\/p>","protected":false},"excerpt":{"rendered":"<p>Skaistum\u0105 aktyvuojantis veido serumas<\/p>","protected":false},"featured_media":13566,"comment_status":"open","ping_status":"closed","template":"","meta":[],"product_cat":[417,107],"product_tag":[],"class_list":{"0":"post-13565","1":"product","2":"type-product","3":"status-publish","4":"has-post-thumbnail","6":"product_cat-is-clinical-ir-valmont","7":"product_cat-serumai","8":"pa_brands-valmont","9":"pa_talpa-30ml-2","11":"first","12":"instock","13":"taxable","14":"shipping-taxable","15":"purchasable","16":"product-type-simple"},"_links":{"self":[{"href":"https:\/\/miamedic.lt\/en\/wp-json\/wp\/v2\/product\/13565","targetHints":{"allow":["GET"]}}],"collection":[{"href":"https:\/\/miamedic.lt\/en\/wp-json\/wp\/v2\/product"}],"about":[{"href":"https:\/\/miamedic.lt\/en\/wp-json\/wp\/v2\/types\/product"}],"replies":[{"embeddable":true,"href":"https:\/\/miamedic.lt\/en\/wp-json\/wp\/v2\/comments?post=13565"}],"version-history":[{"count":1,"href":"https:\/\/miamedic.lt\/en\/wp-json\/wp\/v2\/product\/13565\/revisions"}],"predecessor-version":[{"id":13567,"href":"https:\/\/miamedic.lt\/en\/wp-json\/wp\/v2\/product\/13565\/revisions\/13567"}],"wp:featuredmedia":[{"embeddable":true,"href":"https:\/\/miamedic.lt\/en\/wp-json\/wp\/v2\/media\/13566"}],"wp:attachment":[{"href":"https:\/\/miamedic.lt\/en\/wp-json\/wp\/v2\/media?parent=13565"}],"wp:term":[{"taxonomy":"product_cat","embeddable":true,"href":"https:\/\/miamedic.lt\/en\/wp-json\/wp\/v2\/product_cat?post=13565"},{"taxonomy":"product_tag","embeddable":true,"href":"https:\/\/miamedic.lt\/en\/wp-json\/wp\/v2\/product_tag?post=13565"}],"curies":[{"name":"wp","href":"https:\/\/api.w.org\/{rel}","templated":true}]}}