{"id":13562,"date":"2026-03-05T09:48:18","date_gmt":"2026-03-05T09:48:18","guid":{"rendered":"https:\/\/miamedic.lt\/?post_type=product&#038;p=13562"},"modified":"2026-03-13T11:49:19","modified_gmt":"2026-03-13T11:49:19","slug":"valmont-v-lift-neck","status":"publish","type":"product","link":"https:\/\/miamedic.lt\/en\/shop\/valmont-v-lift-neck\/","title":{"rendered":"Valmont V-Lift Neck"},"content":{"rendered":"<p data-start=\"0\" data-end=\"63\"><strong data-start=\"0\" data-end=\"63\">Valmont V-Lift Neck \u2013 stangrinantis kaklo ir dekolt\u0117 kremas<\/strong><\/p>\n<p data-start=\"65\" data-end=\"423\">Turtingos, tirpstan\u010dios tekst\u016bros kremas, specialiai sukurtas <strong data-start=\"127\" data-end=\"189\">kaklo ir dekolt\u0117 zonos stangrinimui bei rauk\u0161li\u0173 ma\u017einimui<\/strong>. Formul\u0117 veikia kaip lengvas \u201eliftingo \u0161ydas\u201c, kuris padeda glotninti od\u0105, stiprinti jos strukt\u016br\u0105 ir pagerinti veido ovalo kont\u016br\u0105. Oda tampa lygesn\u0117, elastingesn\u0117 ir vizualiai jaunatvi\u0161kesn\u0117.<\/p>\n<p data-start=\"425\" data-end=\"438\"><strong data-start=\"425\" data-end=\"438\">Effect:<\/strong><\/p>\n<p data-start=\"440\" data-end=\"665\">\u2022 Stangrina kaklo ir dekolt\u0117 od\u0105<br data-start=\"472\" data-end=\"475\" \/>\u2022 Glotnina rauk\u0161les ir smulkias linijas<br data-start=\"514\" data-end=\"517\" \/>\u2022 Tonizuoja ir stiprina odos strukt\u016br\u0105<br data-start=\"555\" data-end=\"558\" \/>\u2022 Padeda i\u0161ry\u0161kinti veido oval\u0105 ir suteikia jaunatvi\u0161kesn\u0119 i\u0161vaizd\u0105<\/p>\n<p data-start=\"667\" data-end=\"682\"><strong data-start=\"667\" data-end=\"682\">Usage:<\/strong><\/p>\n<p data-start=\"684\" data-end=\"974\">Naudoti pagal kosmetologo rekomendacijas. Nedidel\u012f kiek\u012f kremo tepti ant \u0161varios kaklo ir dekolt\u0117 odos. \u0160velniai masa\u017euoti judesiais <strong data-start=\"817\" data-end=\"865\">nuo dekolt\u0117 zonos auk\u0161tyn link veido kont\u016bro<\/strong>, kol visi\u0161kai \u012fsigers. Rekomenduojama naudoti ryte ir (arba) vakare.<\/p>\n<p data-start=\"976\" data-end=\"1184\">Tinka vis\u0173 tip\u0173 odai, ypa\u010d <strong data-start=\"1003\" data-end=\"1054\">brand\u017eiai ar elastingum\u0105 praradusiai kaklo odai<\/strong>, siekiant <strong data-start=\"1065\" data-end=\"1143\">stangresn\u0117s, lygesn\u0117s ir jaunatvi\u0161kiau atrodan\u010dios kaklo bei dekolt\u0117 zonos<\/strong>.<\/p>","protected":false},"excerpt":{"rendered":"<p>Stangrinantis kaklo ir dekolt\u0117 kremas<\/p>","protected":false},"featured_media":13563,"comment_status":"open","ping_status":"closed","template":"","meta":[],"product_cat":[417,139],"product_tag":[],"class_list":{"0":"post-13562","1":"product","2":"type-product","3":"status-publish","4":"has-post-thumbnail","6":"product_cat-is-clinical-ir-valmont","7":"product_cat-dekolte","8":"pa_brands-valmont","9":"pa_talpa-50ml-2","11":"first","12":"instock","13":"taxable","14":"shipping-taxable","15":"purchasable","16":"product-type-simple"},"_links":{"self":[{"href":"https:\/\/miamedic.lt\/en\/wp-json\/wp\/v2\/product\/13562","targetHints":{"allow":["GET"]}}],"collection":[{"href":"https:\/\/miamedic.lt\/en\/wp-json\/wp\/v2\/product"}],"about":[{"href":"https:\/\/miamedic.lt\/en\/wp-json\/wp\/v2\/types\/product"}],"replies":[{"embeddable":true,"href":"https:\/\/miamedic.lt\/en\/wp-json\/wp\/v2\/comments?post=13562"}],"version-history":[{"count":1,"href":"https:\/\/miamedic.lt\/en\/wp-json\/wp\/v2\/product\/13562\/revisions"}],"predecessor-version":[{"id":13564,"href":"https:\/\/miamedic.lt\/en\/wp-json\/wp\/v2\/product\/13562\/revisions\/13564"}],"wp:featuredmedia":[{"embeddable":true,"href":"https:\/\/miamedic.lt\/en\/wp-json\/wp\/v2\/media\/13563"}],"wp:attachment":[{"href":"https:\/\/miamedic.lt\/en\/wp-json\/wp\/v2\/media?parent=13562"}],"wp:term":[{"taxonomy":"product_cat","embeddable":true,"href":"https:\/\/miamedic.lt\/en\/wp-json\/wp\/v2\/product_cat?post=13562"},{"taxonomy":"product_tag","embeddable":true,"href":"https:\/\/miamedic.lt\/en\/wp-json\/wp\/v2\/product_tag?post=13562"}],"curies":[{"name":"wp","href":"https:\/\/api.w.org\/{rel}","templated":true}]}}