{"id":13555,"date":"2026-03-05T09:36:54","date_gmt":"2026-03-05T09:36:54","guid":{"rendered":"https:\/\/miamedic.lt\/?post_type=product&#038;p=13555"},"modified":"2026-03-13T11:49:25","modified_gmt":"2026-03-13T11:49:25","slug":"valmont-purifying-pack","status":"publish","type":"product","link":"https:\/\/miamedic.lt\/en\/shop\/valmont-purifying-pack\/","title":{"rendered":"Valmont Purifying Pack"},"content":{"rendered":"<p data-start=\"0\" data-end=\"70\"><strong data-start=\"0\" data-end=\"70\">Valmont Purifying Pack \u2013 valomoji ir od\u0105 balansuojanti veido kauk\u0117<\/strong><\/p>\n<p data-start=\"72\" data-end=\"384\">Kremin\u0117s molio tekst\u016bros veido kauk\u0117, skirta giliai i\u0161valyti od\u0105 ir pa\u0161alinti susikaupusius ne\u0161varumus. Formul\u0117 padeda sugerti riebal\u0173 pertekli\u0173, i\u0161valyti poras ir pagerinti odos tekst\u016br\u0105, nepaliekant sausumo poj\u016b\u010dio. Po naudojimo oda atrodo \u0161varesn\u0117, lygesn\u0117 ir gaivesn\u0117.<\/p>\n<p data-start=\"386\" data-end=\"399\"><strong data-start=\"386\" data-end=\"399\">Effect:<\/strong><\/p>\n<p data-start=\"401\" data-end=\"620\">\u2022 Sugeria ne\u0161varumus ir riebal\u0173 pertekli\u0173<br data-start=\"442\" data-end=\"445\" \/>\u2022 Padeda subalansuoti sebumo i\u0161siskyrim\u0105<br data-start=\"485\" data-end=\"488\" \/>\u2022 Sutraukia poras ir gerina odos tekst\u016br\u0105<br data-start=\"529\" data-end=\"532\" \/>\u2022 Suteikia odai gaivumo, \u0161varos ir matin\u012f efekt\u0105<\/p>\n<p data-start=\"622\" data-end=\"637\"><strong data-start=\"622\" data-end=\"637\">Usage:<\/strong><\/p>\n<p data-start=\"639\" data-end=\"915\">Naudoti pagal kosmetologo rekomendacijas. Kauk\u0119 tepti storesniu sluoksniu ant \u0161varios, \u0161iek tiek sudr\u0117kintos veido odos, vengiant aki\u0173 srities. Palikti apie 20 minu\u010di\u0173, tuomet nuplauti drungnu vandeniu ir u\u017ebaigti odos prie\u017ei\u016br\u0105 toniku.<\/p>\n<p data-start=\"917\" data-end=\"1087\">Tinka vis\u0173 tip\u0173 odai, ypa\u010d <strong data-start=\"944\" data-end=\"987\">mi\u0161riai ar \u012f netobulumus linkusiai odai<\/strong>, siekiant \u0161varesn\u0117s, lygesn\u0117s ir labiau subalansuotos odos.<\/p>","protected":false},"excerpt":{"rendered":"<p>Valomoji ir od\u0105 balansuojanti veido kauk\u0117<\/p>","protected":false},"featured_media":13556,"comment_status":"open","ping_status":"closed","template":"","meta":[],"product_cat":[417,420],"product_tag":[],"class_list":{"0":"post-13555","1":"product","2":"type-product","3":"status-publish","4":"has-post-thumbnail","6":"product_cat-is-clinical-ir-valmont","7":"product_cat-veido-kaukes","8":"pa_brands-valmont","9":"pa_talpa-50ml-2","11":"first","12":"instock","13":"taxable","14":"shipping-taxable","15":"purchasable","16":"product-type-simple"},"_links":{"self":[{"href":"https:\/\/miamedic.lt\/en\/wp-json\/wp\/v2\/product\/13555","targetHints":{"allow":["GET"]}}],"collection":[{"href":"https:\/\/miamedic.lt\/en\/wp-json\/wp\/v2\/product"}],"about":[{"href":"https:\/\/miamedic.lt\/en\/wp-json\/wp\/v2\/types\/product"}],"replies":[{"embeddable":true,"href":"https:\/\/miamedic.lt\/en\/wp-json\/wp\/v2\/comments?post=13555"}],"version-history":[{"count":1,"href":"https:\/\/miamedic.lt\/en\/wp-json\/wp\/v2\/product\/13555\/revisions"}],"predecessor-version":[{"id":13557,"href":"https:\/\/miamedic.lt\/en\/wp-json\/wp\/v2\/product\/13555\/revisions\/13557"}],"wp:featuredmedia":[{"embeddable":true,"href":"https:\/\/miamedic.lt\/en\/wp-json\/wp\/v2\/media\/13556"}],"wp:attachment":[{"href":"https:\/\/miamedic.lt\/en\/wp-json\/wp\/v2\/media?parent=13555"}],"wp:term":[{"taxonomy":"product_cat","embeddable":true,"href":"https:\/\/miamedic.lt\/en\/wp-json\/wp\/v2\/product_cat?post=13555"},{"taxonomy":"product_tag","embeddable":true,"href":"https:\/\/miamedic.lt\/en\/wp-json\/wp\/v2\/product_tag?post=13555"}],"curies":[{"name":"wp","href":"https:\/\/api.w.org\/{rel}","templated":true}]}}