{"id":13552,"date":"2026-03-05T09:33:28","date_gmt":"2026-03-05T09:33:28","guid":{"rendered":"https:\/\/miamedic.lt\/?post_type=product&#038;p=13552"},"modified":"2026-03-13T11:49:30","modified_gmt":"2026-03-13T11:49:30","slug":"valmont-wonder-falls","status":"publish","type":"product","link":"https:\/\/miamedic.lt\/en\/shop\/valmont-wonder-falls\/","title":{"rendered":"Valmont Wonder Falls"},"content":{"rendered":"<p data-start=\"0\" data-end=\"93\"><strong data-start=\"0\" data-end=\"93\"><span class=\"whitespace-normal\">Valmont<\/span> Wonder Falls \u2013 maitinantis makia\u017eo valomasis kremas<\/strong><\/p>\n<p data-start=\"95\" data-end=\"551\">\u0160velnios, turtingos tekst\u016bros veido valomasis kremas, skirtas efektyviai pa\u0161alinti makia\u017e\u0105 ir kasdienius ne\u0161varumus, kartu i\u0161laikant odos komfort\u0105. Produktas masa\u017euojant <strong data-start=\"265\" data-end=\"310\">transformuojasi i\u0161 kremo \u012f \u0161ilkin\u012f aliej\u0173<\/strong>, kuris lengvai i\u0161tirpina net intensyv\u0173 makia\u017e\u0105 ir palieka od\u0105 mink\u0161t\u0105 bei \u0161vari\u0105. Formul\u0117 su prebiotikais ir probiotikais padeda palaikyti odos mikrobiomos balans\u0105 ir saugo nat\u016bral\u0173 apsaugin\u012f barjer\u0105.<\/p>\n<p data-start=\"553\" data-end=\"566\"><strong data-start=\"553\" data-end=\"566\">Effect:<\/strong><\/p>\n<p data-start=\"568\" data-end=\"868\">\u2022 Efektyviai pa\u0161alina makia\u017e\u0105 ir ne\u0161varumus, net intensyv\u0173 ar ilgai i\u0161liekant\u012f makia\u017e\u0105<br data-start=\"654\" data-end=\"657\" \/>\u2022 Transformuojasi i\u0161 kremo \u012f \u0161veln\u0173 aliej\u0173, kuris lengvai nuvalo od\u0105<br data-start=\"725\" data-end=\"728\" \/>\u2022 Padeda palaikyti odos mikrobiomos balans\u0105<br data-start=\"771\" data-end=\"774\" \/>\u2022 Palieka od\u0105 mink\u0161t\u0105, \u0161vari\u0105 ir nat\u016braliai spindin\u010di\u0105<\/p>\n<p data-start=\"870\" data-end=\"885\"><strong data-start=\"870\" data-end=\"885\">Usage:<\/strong><\/p>\n<p data-start=\"887\" data-end=\"1233\">Naudoti pagal kosmetologo rekomendacijas. Nedidel\u012f kiek\u012f kremo tepti ant <strong data-start=\"960\" data-end=\"997\">sausos veido odos ir aki\u0173 srities<\/strong>, \u0161velniai masa\u017euoti, kol tekst\u016bra pavirs aliejumi ir i\u0161tirpins makia\u017e\u0105 bei ne\u0161varumus. Tuomet nuplauti drungnu vandeniu arba nuvalyti dr\u0117gnu rank\u0161luos\u010diu. Po valymo rekomenduojama naudoti tonik\u0105.<\/p>\n<p data-start=\"1235\" data-end=\"1401\">Tinka vis\u0173 tip\u0173 odai, ypa\u010d <strong data-start=\"1262\" data-end=\"1290\">sausai ar brand\u017eiai odai<\/strong>, siekiant \u0161velnaus, bet efektyvaus makia\u017eo valymo ir komforto poj\u016b\u010dio.<\/p>","protected":false},"excerpt":{"rendered":"<p>Maitinantis makia\u017eo valomasis kremas<\/p>","protected":false},"featured_media":13553,"comment_status":"open","ping_status":"closed","template":"","meta":[],"product_cat":[417,191],"product_tag":[],"class_list":{"0":"post-13552","1":"product","2":"type-product","3":"status-publish","4":"has-post-thumbnail","6":"product_cat-is-clinical-ir-valmont","7":"product_cat-makiazo-valymas-veido-prieziura","8":"pa_brands-valmont","9":"pa_talpa-100ml","11":"first","12":"instock","13":"taxable","14":"shipping-taxable","15":"purchasable","16":"product-type-simple"},"_links":{"self":[{"href":"https:\/\/miamedic.lt\/en\/wp-json\/wp\/v2\/product\/13552","targetHints":{"allow":["GET"]}}],"collection":[{"href":"https:\/\/miamedic.lt\/en\/wp-json\/wp\/v2\/product"}],"about":[{"href":"https:\/\/miamedic.lt\/en\/wp-json\/wp\/v2\/types\/product"}],"replies":[{"embeddable":true,"href":"https:\/\/miamedic.lt\/en\/wp-json\/wp\/v2\/comments?post=13552"}],"version-history":[{"count":1,"href":"https:\/\/miamedic.lt\/en\/wp-json\/wp\/v2\/product\/13552\/revisions"}],"predecessor-version":[{"id":13554,"href":"https:\/\/miamedic.lt\/en\/wp-json\/wp\/v2\/product\/13552\/revisions\/13554"}],"wp:featuredmedia":[{"embeddable":true,"href":"https:\/\/miamedic.lt\/en\/wp-json\/wp\/v2\/media\/13553"}],"wp:attachment":[{"href":"https:\/\/miamedic.lt\/en\/wp-json\/wp\/v2\/media?parent=13552"}],"wp:term":[{"taxonomy":"product_cat","embeddable":true,"href":"https:\/\/miamedic.lt\/en\/wp-json\/wp\/v2\/product_cat?post=13552"},{"taxonomy":"product_tag","embeddable":true,"href":"https:\/\/miamedic.lt\/en\/wp-json\/wp\/v2\/product_tag?post=13552"}],"curies":[{"name":"wp","href":"https:\/\/api.w.org\/{rel}","templated":true}]}}