{"id":13549,"date":"2026-03-05T09:30:44","date_gmt":"2026-03-05T09:30:44","guid":{"rendered":"https:\/\/miamedic.lt\/?post_type=product&#038;p=13549"},"modified":"2026-03-13T11:49:37","modified_gmt":"2026-03-13T11:49:37","slug":"valmont-icy-falls","status":"publish","type":"product","link":"https:\/\/miamedic.lt\/en\/shop\/valmont-icy-falls\/","title":{"rendered":"Valmont Icy Falls"},"content":{"rendered":"<p data-start=\"148\" data-end=\"204\"><strong data-start=\"148\" data-end=\"204\">Valmont Icy Falls \u2013 gaivinantis makia\u017eo valymo gelis<\/strong><\/p>\n<p data-start=\"206\" data-end=\"634\">Gaivios, tirpstan\u010dios gelio tekst\u016bros veido prausiklis, skirtas \u0161velniai ir efektyviai pa\u0161alinti makia\u017e\u0105 bei dienos metu susikaupusius ne\u0161varumus. Transformuojanti formul\u0117 masa\u017euojant virsta \u0161velniu, lengvu \u0161ydu, kuris palieka od\u0105 \u0161vari\u0105, gaivi\u0105 ir spindin\u010di\u0105. Sud\u0117tyje esantys prebiotikai ir probiotikai padeda palaikyti odos mikrobiomos balans\u0105 ir saugo nat\u016bral\u0173 odos apsaugin\u012f barjer\u0105.<\/p>\n<p data-start=\"636\" data-end=\"649\"><strong data-start=\"636\" data-end=\"649\">Effect:<\/strong><\/p>\n<p data-start=\"651\" data-end=\"879\">\u2022 \u0160velniai ir efektyviai pa\u0161alina makia\u017e\u0105 bei ne\u0161varumus<br data-start=\"707\" data-end=\"710\" \/>\u2022 Padeda i\u0161laikyti odos mikrobiomos balans\u0105<br data-start=\"753\" data-end=\"756\" \/>\u2022 Saugo nat\u016bral\u0173 odos apsaugin\u012f barjer\u0105<br data-start=\"795\" data-end=\"798\" \/>\u2022 Palieka od\u0105 gaivi\u0105, \u0161vari\u0105 ir \u0161vytin\u010di\u0105<\/p>\n<p data-start=\"881\" data-end=\"896\"><strong data-start=\"881\" data-end=\"896\">Usage:<\/strong><\/p>\n<p data-start=\"898\" data-end=\"1215\">Naudoti pagal kosmetologo rekomendacijas. Nedidel\u012f kiek\u012f gelio paskirstyti ant dr\u0117gnos veido odos, \u0161velniai masa\u017euoti, kol produktas prad\u0117s tirpti, tuomet nuplauti drungnu vandeniu arba nuvalyti dr\u0117gnu rank\u0161luos\u010diu. Vengti aki\u0173 srities. Po valymo rekomenduojama naudoti tonik\u0105.<\/p>\n<p data-start=\"1217\" data-end=\"1386\">Tinka vis\u0173 tip\u0173 odai, ypa\u010d <strong data-start=\"1244\" data-end=\"1297\">dehidratuotai ar lengv\u0105 makia\u017e\u0105 naudojan\u010diai odai<\/strong>, siekiant \u0161varios, gaivios ir komforti\u0161kos odos.<\/p>","protected":false},"excerpt":{"rendered":"<p>Gaivinantis makia\u017eo valymo gelis<\/p>","protected":false},"featured_media":13550,"comment_status":"open","ping_status":"closed","template":"","meta":[],"product_cat":[417,191],"product_tag":[],"class_list":{"0":"post-13549","1":"product","2":"type-product","3":"status-publish","4":"has-post-thumbnail","6":"product_cat-is-clinical-ir-valmont","7":"product_cat-makiazo-valymas-veido-prieziura","8":"pa_brands-valmont","9":"pa_talpa-100ml","11":"first","12":"instock","13":"taxable","14":"shipping-taxable","15":"purchasable","16":"product-type-simple"},"_links":{"self":[{"href":"https:\/\/miamedic.lt\/en\/wp-json\/wp\/v2\/product\/13549","targetHints":{"allow":["GET"]}}],"collection":[{"href":"https:\/\/miamedic.lt\/en\/wp-json\/wp\/v2\/product"}],"about":[{"href":"https:\/\/miamedic.lt\/en\/wp-json\/wp\/v2\/types\/product"}],"replies":[{"embeddable":true,"href":"https:\/\/miamedic.lt\/en\/wp-json\/wp\/v2\/comments?post=13549"}],"version-history":[{"count":1,"href":"https:\/\/miamedic.lt\/en\/wp-json\/wp\/v2\/product\/13549\/revisions"}],"predecessor-version":[{"id":13551,"href":"https:\/\/miamedic.lt\/en\/wp-json\/wp\/v2\/product\/13549\/revisions\/13551"}],"wp:featuredmedia":[{"embeddable":true,"href":"https:\/\/miamedic.lt\/en\/wp-json\/wp\/v2\/media\/13550"}],"wp:attachment":[{"href":"https:\/\/miamedic.lt\/en\/wp-json\/wp\/v2\/media?parent=13549"}],"wp:term":[{"taxonomy":"product_cat","embeddable":true,"href":"https:\/\/miamedic.lt\/en\/wp-json\/wp\/v2\/product_cat?post=13549"},{"taxonomy":"product_tag","embeddable":true,"href":"https:\/\/miamedic.lt\/en\/wp-json\/wp\/v2\/product_tag?post=13549"}],"curies":[{"name":"wp","href":"https:\/\/api.w.org\/{rel}","templated":true}]}}