{"id":13357,"date":"2026-03-02T07:45:01","date_gmt":"2026-03-02T07:45:01","guid":{"rendered":"https:\/\/miamedic.lt\/?post_type=product&#038;p=13357"},"modified":"2026-03-05T09:30:05","modified_gmt":"2026-03-05T09:30:05","slug":"bjn-cosmetics-hidroceliuliozes-veido-kauke","status":"publish","type":"product","link":"https:\/\/miamedic.lt\/en\/shop\/bjn-cosmetics-hidroceliuliozes-veido-kauke\/","title":{"rendered":"BJN cosmetics hidroceliulioz\u0117s veido kauk\u0117"},"content":{"rendered":"<p><span style=\"font-weight: 400;\">BJNCOS lak\u0161tin\u0117 kauk\u0117 tikra gamtos \u0161vent\u0117 &#8211; i\u0161 vegani\u0161k\u0173 ingredient\u0173, sukurtos neatlikus bandym\u0173 su gyv\u016bnais. Pasinaudokite nat\u016brali\u0173 ekstrakt\u0173 nauda, kuri maitina, lepina ir atgaivina j\u016bs\u0173 od\u0105.<\/span><\/p>\n<p><b>I\u0160SKIRTINIAI PRIVALUMAI ODAI<\/b><\/p>\n<p><span style=\"font-weight: 400;\">Gilus dr\u0117kinimas: Patirkite intensyvaus dr\u0117kinimo malonum\u0105, hidroceliulioz\u0117s med\u017eiaga prilimpa prie j\u016bs\u0173 odos ir leid\u017eia stipriai formulei giliai \u012fsiskverbti ir papildyti dr\u0117gm\u0117s lyg\u012f. Atsisveikinkite su sausumu ir pajuskite savo odos putlum\u0105, bei stangrum\u0105. Jauninantis spindesys: D\u017eiaukit\u0117s spindin\u010dia veido odos spalva, naudodami jauninan\u010di\u0105 formul\u0119. M\u016bs\u0173 lak\u0161tin\u0117 kauk\u0117, u\u017epildyta gaivinan\u010diais ingredientais, pa\u0161viesina ir suteikia odai jaunatvi\u0161k\u0105 ir \u0161vytin\u010di\u0105 i\u0161vaizd\u0105.<\/span><\/p>\n<p><b>MATOMI REZULTATAI<\/b><\/p>\n<p><span style=\"font-weight: 400;\">I\u0161bandykite galing\u0105 m\u016bs\u0173 lak\u0161tin\u0117s kauk\u0117s poveik\u012f ir pajauskite kaip kei\u010diasi j\u016bs\u0173 oda. D\u017eiaukit\u0117s pasitik\u0117jimu, kur\u012f suteikia sveika, \u0161vytinti veido oda. Patobulinkite savo odos prie\u017ei\u016bros rutin\u0105 naudodami m\u016bs\u0173 hidroceliulioz\u0117s veido kaukes \u2013 nes j\u016bs\u0173 oda nusipeln\u0117 tai, kas geriausia. Palepinkite save nat\u016bralaus gro\u017eio prabanga.<\/span><\/p>","protected":false},"excerpt":{"rendered":"<p>Hidroceliulioz\u0117s dr\u0117kinanti veido kauk\u0117<\/p>","protected":false},"featured_media":13360,"comment_status":"open","ping_status":"closed","template":"","meta":[],"product_cat":[420],"product_tag":[],"class_list":{"0":"post-13357","1":"product","2":"type-product","3":"status-publish","4":"has-post-thumbnail","6":"product_cat-veido-kaukes","7":"pa_brands-bjn-cosmetics","8":"pa_talpa-1-vnt","9":"pa_talpa-5-vnt","11":"first","12":"instock","13":"taxable","14":"shipping-taxable","15":"purchasable","16":"product-type-variable"},"_links":{"self":[{"href":"https:\/\/miamedic.lt\/en\/wp-json\/wp\/v2\/product\/13357","targetHints":{"allow":["GET"]}}],"collection":[{"href":"https:\/\/miamedic.lt\/en\/wp-json\/wp\/v2\/product"}],"about":[{"href":"https:\/\/miamedic.lt\/en\/wp-json\/wp\/v2\/types\/product"}],"replies":[{"embeddable":true,"href":"https:\/\/miamedic.lt\/en\/wp-json\/wp\/v2\/comments?post=13357"}],"version-history":[{"count":1,"href":"https:\/\/miamedic.lt\/en\/wp-json\/wp\/v2\/product\/13357\/revisions"}],"predecessor-version":[{"id":13364,"href":"https:\/\/miamedic.lt\/en\/wp-json\/wp\/v2\/product\/13357\/revisions\/13364"}],"wp:featuredmedia":[{"embeddable":true,"href":"https:\/\/miamedic.lt\/en\/wp-json\/wp\/v2\/media\/13360"}],"wp:attachment":[{"href":"https:\/\/miamedic.lt\/en\/wp-json\/wp\/v2\/media?parent=13357"}],"wp:term":[{"taxonomy":"product_cat","embeddable":true,"href":"https:\/\/miamedic.lt\/en\/wp-json\/wp\/v2\/product_cat?post=13357"},{"taxonomy":"product_tag","embeddable":true,"href":"https:\/\/miamedic.lt\/en\/wp-json\/wp\/v2\/product_tag?post=13357"}],"curies":[{"name":"wp","href":"https:\/\/api.w.org\/{rel}","templated":true}]}}