{"id":13345,"date":"2026-02-26T18:11:13","date_gmt":"2026-02-26T18:11:13","guid":{"rendered":"https:\/\/miamedic.lt\/?post_type=product&#038;p=13345"},"modified":"2026-02-26T18:11:14","modified_gmt":"2026-02-26T18:11:14","slug":"balmain-hair-hair-extension-brush-mini-pink","status":"publish","type":"product","link":"https:\/\/miamedic.lt\/en\/shop\/balmain-hair-hair-extension-brush-mini-pink\/","title":{"rendered":"BALMAIN HAIR Hair Extension Brush Mini Pink"},"content":{"rendered":"<p>Rank\u0173 darbo mini \u0161epetys valo plaukus, stimuliuoja galvos od\u0105 ir skatina kraujo cirkuliacij\u0105 plauk\u0173 \u0161aknyse. Reguliariai naudojamas \u0161epetys plaukus padaro tiesius, lanks\u010dius, u\u017everia plauko \u017evynelius, plaukai ima \u017evilg\u0117ti, ma\u017eiau veliasi. Puikiai tinka priaugintiems plaukams. \u0160ukuojant nekli\u016bna priauginimo\/prisegimo vietose. Rekomenduojame prad\u0117ti \u0161ukuoti nuo galiuk\u0173 ir kilti \u012f vir\u0161\u0173.<\/p>","protected":false},"excerpt":{"rendered":"<p>Mini \u0161epetys<\/p>","protected":false},"featured_media":13346,"comment_status":"open","ping_status":"closed","template":"","meta":[],"product_cat":[431],"product_tag":[],"class_list":{"0":"post-13345","1":"product","2":"type-product","3":"status-publish","4":"has-post-thumbnail","6":"product_cat-plauku-sukos","7":"pa_brands-balmain-hair","9":"first","10":"instock","11":"taxable","12":"shipping-taxable","13":"purchasable","14":"product-type-simple"},"_links":{"self":[{"href":"https:\/\/miamedic.lt\/en\/wp-json\/wp\/v2\/product\/13345","targetHints":{"allow":["GET"]}}],"collection":[{"href":"https:\/\/miamedic.lt\/en\/wp-json\/wp\/v2\/product"}],"about":[{"href":"https:\/\/miamedic.lt\/en\/wp-json\/wp\/v2\/types\/product"}],"replies":[{"embeddable":true,"href":"https:\/\/miamedic.lt\/en\/wp-json\/wp\/v2\/comments?post=13345"}],"version-history":[{"count":1,"href":"https:\/\/miamedic.lt\/en\/wp-json\/wp\/v2\/product\/13345\/revisions"}],"predecessor-version":[{"id":13347,"href":"https:\/\/miamedic.lt\/en\/wp-json\/wp\/v2\/product\/13345\/revisions\/13347"}],"wp:featuredmedia":[{"embeddable":true,"href":"https:\/\/miamedic.lt\/en\/wp-json\/wp\/v2\/media\/13346"}],"wp:attachment":[{"href":"https:\/\/miamedic.lt\/en\/wp-json\/wp\/v2\/media?parent=13345"}],"wp:term":[{"taxonomy":"product_cat","embeddable":true,"href":"https:\/\/miamedic.lt\/en\/wp-json\/wp\/v2\/product_cat?post=13345"},{"taxonomy":"product_tag","embeddable":true,"href":"https:\/\/miamedic.lt\/en\/wp-json\/wp\/v2\/product_tag?post=13345"}],"curies":[{"name":"wp","href":"https:\/\/api.w.org\/{rel}","templated":true}]}}