{"id":13339,"date":"2026-02-26T18:05:22","date_gmt":"2026-02-26T18:05:22","guid":{"rendered":"https:\/\/miamedic.lt\/?post_type=product&#038;p=13339"},"modified":"2026-02-26T18:05:22","modified_gmt":"2026-02-26T18:05:22","slug":"balmain-hair-silver-spa-brush-mini","status":"publish","type":"product","link":"https:\/\/miamedic.lt\/en\/shop\/balmain-hair-silver-spa-brush-mini\/","title":{"rendered":"BALMAIN HAIR Silver Spa Brush mini"},"content":{"rendered":"<div>\u201eBalmain Hair\u201c suk\u016br\u0117 sidabrin\u012f mini plauk\u0173 \u0161epet\u012f kaip ribotos kolekcijos dal\u012f.<\/div>\n<div>\u0160is nuostabus produktas taip pat tinka priaugintiems plaukams \u0161ukuoti.<\/div>\n<div>\u0160veln\u016bs, skirtingo ilgio \u0161ereliai \u0161velniai \u0161ukuoja plaukus j\u0173 netempdami ir nepa\u017eeisdami.<\/div>\n<div>Surenka dulkes nuo plauk\u0173.<\/div>\n<div>Tinka kasdieniam naudojimui.<\/div>\n<div>Idealiai tinka toms, kurios ne\u0161ioja priaugintus plaukus, nes plaukai nesivelia ir i\u0161lieka \u017evilgantys.<\/div>\n<div>Rekomenduojama prad\u0117ti \u0161ukuoti plaukus nuo galiuk\u0173, palaipsniui art\u0117jant prie \u0161akn\u0173.<\/div>\n<div>\u2013 Padengta tikru sidabru<\/div>\n<div>\u2013 Ovali forma<\/div>\n<div>\u2013 Masa\u017eo efektas<\/div>\n<div>\u2013 Telpa \u012f rankin\u0119 ar ma\u017e\u0105 rankin\u0119<\/div>\n<div>\u2013 Skirtingo ilgio \u0161ereliai<\/div>\n<div>\u2013 Mink\u0161ti \u0161ereliai, kurie nepa\u017eeid\u017eia plauk\u0173<\/div>\n<div>\u2013 Nat\u016bral\u016bs \u0161ereliai, kurie surenka dulkes nuo plauk\u0173<\/div>\n<div>\u2013 Plaukai i\u0161lieka mink\u0161ti ir \u017evilgantys<\/div>\n<div>\u2013 Ribota kolekcija<\/div>","protected":false},"excerpt":{"rendered":"<p>Mini sidabrinis plauk\u0173 \u0161epetys<\/p>","protected":false},"featured_media":13341,"comment_status":"open","ping_status":"closed","template":"","meta":[],"product_cat":[431],"product_tag":[],"class_list":{"0":"post-13339","1":"product","2":"type-product","3":"status-publish","4":"has-post-thumbnail","6":"product_cat-plauku-sukos","7":"pa_brands-balmain-hair","9":"first","10":"instock","11":"taxable","12":"shipping-taxable","13":"purchasable","14":"product-type-simple"},"_links":{"self":[{"href":"https:\/\/miamedic.lt\/en\/wp-json\/wp\/v2\/product\/13339","targetHints":{"allow":["GET"]}}],"collection":[{"href":"https:\/\/miamedic.lt\/en\/wp-json\/wp\/v2\/product"}],"about":[{"href":"https:\/\/miamedic.lt\/en\/wp-json\/wp\/v2\/types\/product"}],"replies":[{"embeddable":true,"href":"https:\/\/miamedic.lt\/en\/wp-json\/wp\/v2\/comments?post=13339"}],"version-history":[{"count":1,"href":"https:\/\/miamedic.lt\/en\/wp-json\/wp\/v2\/product\/13339\/revisions"}],"predecessor-version":[{"id":13340,"href":"https:\/\/miamedic.lt\/en\/wp-json\/wp\/v2\/product\/13339\/revisions\/13340"}],"wp:featuredmedia":[{"embeddable":true,"href":"https:\/\/miamedic.lt\/en\/wp-json\/wp\/v2\/media\/13341"}],"wp:attachment":[{"href":"https:\/\/miamedic.lt\/en\/wp-json\/wp\/v2\/media?parent=13339"}],"wp:term":[{"taxonomy":"product_cat","embeddable":true,"href":"https:\/\/miamedic.lt\/en\/wp-json\/wp\/v2\/product_cat?post=13339"},{"taxonomy":"product_tag","embeddable":true,"href":"https:\/\/miamedic.lt\/en\/wp-json\/wp\/v2\/product_tag?post=13339"}],"curies":[{"name":"wp","href":"https:\/\/api.w.org\/{rel}","templated":true}]}}