{"id":13336,"date":"2026-02-26T18:02:41","date_gmt":"2026-02-26T18:02:41","guid":{"rendered":"https:\/\/miamedic.lt\/?post_type=product&#038;p=13336"},"modified":"2026-02-26T18:02:42","modified_gmt":"2026-02-26T18:02:42","slug":"balmain-hair-mini-golden-spa-brush","status":"publish","type":"product","link":"https:\/\/miamedic.lt\/en\/shop\/balmain-hair-mini-golden-spa-brush\/","title":{"rendered":"BALMAIN HAIR Mini Golden Spa Brush"},"content":{"rendered":"<p><b>Kaip naudoti \u0161epe\u010dius ir \u0161ukas<\/b><\/p>\n<p>Taip:<\/p>\n<ul>\n<li aria-level=\"1\">Po kiekvieno \u0161ukavimo pa\u0161alinkite plaukus i\u0161 \u0161ereli\u0173\/dantuk\u0173.<\/li>\n<li aria-level=\"1\">Reguliariai plaukite su \u0161velniu \u0161amp\u016bnu ir drungnu vandeniu.<\/li>\n<li aria-level=\"1\">Prie\u0161 sekant\u012f naudojim\u0105 iki galo i\u0161d\u017eiovinkite, geriausia nat\u016braliai, \u0161ereliais \u017eemyn.<\/li>\n<li aria-level=\"1\">Jei reikalinga papildoma higiena, naudokite \u0161velnias dezinfekuojan\u010dias priemones be alkoholio.<\/li>\n<li aria-level=\"1\">Laikykite \u0161varioje, sausoje vietoje.<\/li>\n<\/ul>\n<p>Ne:<\/p>\n<ul>\n<li aria-level=\"1\">Nelaikykite medini\u0173 \u012franki\u0173 dr\u0117gm\u0117je ilgesn\u012f laik\u0105 (gali pa\u017eeisti med\u017eiag\u0105).<\/li>\n<li aria-level=\"1\">Nenaudokite kar\u0161to vandens, agresyvi\u0173 dezinfekant\u0173, ar alkoholio pagrindo valikli\u0173.<\/li>\n<li aria-level=\"1\">Nesidalinkite asmeniniais \u0161epe\u010diais ir \u0161ukomis su kitais.<\/li>\n<li aria-level=\"1\">Grubiai netempkite plauk\u0173 \u0161ukomis smulkiais dantukais (gali l\u016b\u017eti).<\/li>\n<li aria-level=\"1\">Nenumeskite ir nelankstykite \u0161epe\u010di\u0173\/\u0161uk\u0173<\/li>\n<\/ul>\n<p>Gr\u0105\u017einimo atveju pirk\u0117jas privalo pateikti pirkimo dokument\u0105, kuriame ai\u0161kiai matoma pirkimo data.<\/p>\n<p class=\"p1\"><span class=\"s1\"><b>Balmain Hair \u0161epe\u010di\u0173 garantijos prane\u0161imas<\/b><\/span><\/p>\n<p class=\"p1\"><span class=\"s1\">Balmain Hair \u0161epe\u010diai skirti naudoti tik sausiems arba \u0161iek tiek dr\u0117gniems plaukams ir n\u0117ra tinkami naudoti su kar\u0161tu oru, kaitinimo prietaisais ar d\u017eiovinant plaukus fenu. Klientai, kurie pasirenka naudoti \u0161iuos \u0161epe\u010dius kartu su kar\u0161\u010diu formuojan\u010diais \u012frankiais, prisiima vis\u0105 atsakomyb\u0119, o d\u0117l kar\u0161\u010dio atsirad\u0119 pa\u017eeidimai n\u0117ra dengiami garantija.<\/span><\/p>\n<p class=\"p1\"><span class=\"s1\">Visiems formavimo procesams, kuriuose naudojamas kar\u0161tis arba fenas, b\u016btina naudoti tik <b>Balmain Professional Ceramic Round Brushes<\/b>, specialiai sukurtus atlaikyti auk\u0161t\u0105 temperat\u016br\u0105.<br \/>\n(PROFESIONAL\u016aS \u0160EPE\u010cIAI: <a href=\"https:\/\/balmainhair.lt\/profesionalus-produktai\/sukiniai-sepeciai\/\"><span class=\"s2\">https:\/\/balmainhair.lt\/profesionalus-produktai\/sukiniai-sepeciai\/<\/span><\/a>)<\/span><\/p>\n<p class=\"p1\"><span class=\"s1\">Nesilaikant \u0161i\u0173 s\u0105lyg\u0173, gali b\u016bti pa\u017eeistas gaminys, o garantija bus negaliojanti tais atvejais, kai \u017eala atsirado d\u0117l kar\u0161\u010dio poveikio, deformacijos ar konstrukcinio gedimo.<\/span><\/p>","protected":false},"excerpt":{"rendered":"<p>18K auksu padengtas mini plauk\u0173 \u0161epetys<\/p>","protected":false},"featured_media":13337,"comment_status":"open","ping_status":"closed","template":"","meta":[],"product_cat":[431],"product_tag":[],"class_list":{"0":"post-13336","1":"product","2":"type-product","3":"status-publish","4":"has-post-thumbnail","6":"product_cat-plauku-sukos","7":"pa_brands-balmain-hair","9":"first","10":"instock","11":"taxable","12":"shipping-taxable","13":"purchasable","14":"product-type-simple"},"_links":{"self":[{"href":"https:\/\/miamedic.lt\/en\/wp-json\/wp\/v2\/product\/13336","targetHints":{"allow":["GET"]}}],"collection":[{"href":"https:\/\/miamedic.lt\/en\/wp-json\/wp\/v2\/product"}],"about":[{"href":"https:\/\/miamedic.lt\/en\/wp-json\/wp\/v2\/types\/product"}],"replies":[{"embeddable":true,"href":"https:\/\/miamedic.lt\/en\/wp-json\/wp\/v2\/comments?post=13336"}],"version-history":[{"count":1,"href":"https:\/\/miamedic.lt\/en\/wp-json\/wp\/v2\/product\/13336\/revisions"}],"predecessor-version":[{"id":13338,"href":"https:\/\/miamedic.lt\/en\/wp-json\/wp\/v2\/product\/13336\/revisions\/13338"}],"wp:featuredmedia":[{"embeddable":true,"href":"https:\/\/miamedic.lt\/en\/wp-json\/wp\/v2\/media\/13337"}],"wp:attachment":[{"href":"https:\/\/miamedic.lt\/en\/wp-json\/wp\/v2\/media?parent=13336"}],"wp:term":[{"taxonomy":"product_cat","embeddable":true,"href":"https:\/\/miamedic.lt\/en\/wp-json\/wp\/v2\/product_cat?post=13336"},{"taxonomy":"product_tag","embeddable":true,"href":"https:\/\/miamedic.lt\/en\/wp-json\/wp\/v2\/product_tag?post=13336"}],"curies":[{"name":"wp","href":"https:\/\/api.w.org\/{rel}","templated":true}]}}