{"id":13294,"date":"2026-02-26T17:26:29","date_gmt":"2026-02-26T17:26:29","guid":{"rendered":"https:\/\/miamedic.lt\/?post_type=product&#038;p=13294"},"modified":"2026-02-26T17:26:29","modified_gmt":"2026-02-26T17:26:29","slug":"balmain-hair-le-pince-a-cheveux-l-white-black-ss23","status":"publish","type":"product","link":"https:\/\/miamedic.lt\/en\/shop\/balmain-hair-le-pince-a-cheveux-l-white-black-ss23\/","title":{"rendered":"BALMAIN HAIR LE Pince a Cheveux L White\/Black SS23"},"content":{"rendered":"<p>\u012ekv\u0117pti turtingo Balmain mados paveldo ir pasikliaudami tik geriausiomis med\u017eiagomis, meistrais ir dizainu, Balmain Hair suk\u016br\u0117 legendin\u0119 plauk\u0173 aksesuar\u0173 linij\u0105 Les Accessoires. Les Accessoires kolekcijos plauk\u0173 segtukai yra visi\u0161kai rank\u0173 darbo, pagaminti naudojant tradicines technikas. Kiekvienas \u0161ios kolekcijos elementas pasi\u017eymi auksin\u0117mis detal\u0117mis. \u0160\u012f sugr\u012f\u017etant\u012f dizaino element\u0105 galima rasti visose Balmain Paris kolekcijose.<\/p>\n<p>L dyd\u017eio Balmain Hair segtukas yra pagrindinis pranc\u016bzi\u0161kas plauk\u0173 aksesuaras, specialiai sukurtas ilgiems, storiems plaukams. \u0160is segtukas lengvai sulaiko visus plaukus ir puikiai suima ilgus, storus plaukus.<\/p>\n<p><em><strong>Galima rinktis i\u0161 trij\u0173 skirting\u0173 dyd\u017ei\u0173:<\/strong><\/em><\/p>\n<p><strong>\u2013 <\/strong>Pince \u00e0 Cheveux Medium White\/Black<br \/>\n\u2013 Pince \u00e0 Cheveux Large White\/Black<br \/>\n\u2013 Pince \u00e0 Cheveux Extra Small White\/Black<\/p>","protected":false},"excerpt":{"rendered":"<p>Plauk\u0173 segtukas<\/p>","protected":false},"featured_media":13292,"comment_status":"open","ping_status":"closed","template":"","meta":[],"product_cat":[439],"product_tag":[],"class_list":{"0":"post-13294","1":"product","2":"type-product","3":"status-publish","4":"has-post-thumbnail","6":"product_cat-plauku-segtukai","7":"pa_brands-balmain-hair","9":"first","10":"instock","11":"taxable","12":"shipping-taxable","13":"purchasable","14":"product-type-simple"},"_links":{"self":[{"href":"https:\/\/miamedic.lt\/en\/wp-json\/wp\/v2\/product\/13294","targetHints":{"allow":["GET"]}}],"collection":[{"href":"https:\/\/miamedic.lt\/en\/wp-json\/wp\/v2\/product"}],"about":[{"href":"https:\/\/miamedic.lt\/en\/wp-json\/wp\/v2\/types\/product"}],"replies":[{"embeddable":true,"href":"https:\/\/miamedic.lt\/en\/wp-json\/wp\/v2\/comments?post=13294"}],"version-history":[{"count":1,"href":"https:\/\/miamedic.lt\/en\/wp-json\/wp\/v2\/product\/13294\/revisions"}],"predecessor-version":[{"id":13295,"href":"https:\/\/miamedic.lt\/en\/wp-json\/wp\/v2\/product\/13294\/revisions\/13295"}],"wp:featuredmedia":[{"embeddable":true,"href":"https:\/\/miamedic.lt\/en\/wp-json\/wp\/v2\/media\/13292"}],"wp:attachment":[{"href":"https:\/\/miamedic.lt\/en\/wp-json\/wp\/v2\/media?parent=13294"}],"wp:term":[{"taxonomy":"product_cat","embeddable":true,"href":"https:\/\/miamedic.lt\/en\/wp-json\/wp\/v2\/product_cat?post=13294"},{"taxonomy":"product_tag","embeddable":true,"href":"https:\/\/miamedic.lt\/en\/wp-json\/wp\/v2\/product_tag?post=13294"}],"curies":[{"name":"wp","href":"https:\/\/api.w.org\/{rel}","templated":true}]}}