{"id":13278,"date":"2026-02-26T17:14:24","date_gmt":"2026-02-26T17:14:24","guid":{"rendered":"https:\/\/miamedic.lt\/?post_type=product&#038;p=13278"},"modified":"2026-02-26T17:18:18","modified_gmt":"2026-02-26T17:18:18","slug":"balmain-hair-barrette-pour-cheveux-l-tortoise-shell","status":"publish","type":"product","link":"https:\/\/miamedic.lt\/en\/shop\/balmain-hair-barrette-pour-cheveux-l-tortoise-shell\/","title":{"rendered":"BALMAIN HAIR Barrette pour cheveux L Tortoise Shell"},"content":{"rendered":"<p><strong>Barrette pour Cheveux<\/strong> yra <strong>Les Accessoires<\/strong> aksesuar\u0173 kolekcijos dalis, tinka d\u0117v\u0117ti bet kokia proga ir akimirksniu suteikia ypatingo \u0161armo kiekvienai \u0161ukuosenai. Prabangus rank\u0173 darbo\u00a0 segtukas plaukams, dekoruotas 14K auksu dengtu B logotipu.<br \/>\n\u2013 Auk\u0161tos kokyb\u0117s rank\u0173 darbo plauk\u0173 aksesuaras<br \/>\n\u2013 Dekoruotas 14K auksu dengtu Balmain Hair \u201cB\u201d logotipu<br \/>\n\u2013 Puikiai tinka kiekvienai progai<\/p>","protected":false},"excerpt":{"rendered":"<p>Plauk\u0173 segtukas<\/p>","protected":false},"featured_media":13279,"comment_status":"open","ping_status":"closed","template":"","meta":[],"product_cat":[439],"product_tag":[],"class_list":{"0":"post-13278","1":"product","2":"type-product","3":"status-publish","4":"has-post-thumbnail","6":"product_cat-plauku-segtukai","7":"pa_brands-balmain-hair","9":"first","10":"instock","11":"taxable","12":"shipping-taxable","13":"purchasable","14":"product-type-simple"},"_links":{"self":[{"href":"https:\/\/miamedic.lt\/en\/wp-json\/wp\/v2\/product\/13278","targetHints":{"allow":["GET"]}}],"collection":[{"href":"https:\/\/miamedic.lt\/en\/wp-json\/wp\/v2\/product"}],"about":[{"href":"https:\/\/miamedic.lt\/en\/wp-json\/wp\/v2\/types\/product"}],"replies":[{"embeddable":true,"href":"https:\/\/miamedic.lt\/en\/wp-json\/wp\/v2\/comments?post=13278"}],"version-history":[{"count":1,"href":"https:\/\/miamedic.lt\/en\/wp-json\/wp\/v2\/product\/13278\/revisions"}],"predecessor-version":[{"id":13281,"href":"https:\/\/miamedic.lt\/en\/wp-json\/wp\/v2\/product\/13278\/revisions\/13281"}],"wp:featuredmedia":[{"embeddable":true,"href":"https:\/\/miamedic.lt\/en\/wp-json\/wp\/v2\/media\/13279"}],"wp:attachment":[{"href":"https:\/\/miamedic.lt\/en\/wp-json\/wp\/v2\/media?parent=13278"}],"wp:term":[{"taxonomy":"product_cat","embeddable":true,"href":"https:\/\/miamedic.lt\/en\/wp-json\/wp\/v2\/product_cat?post=13278"},{"taxonomy":"product_tag","embeddable":true,"href":"https:\/\/miamedic.lt\/en\/wp-json\/wp\/v2\/product_tag?post=13278"}],"curies":[{"name":"wp","href":"https:\/\/api.w.org\/{rel}","templated":true}]}}