{"id":13267,"date":"2026-02-26T16:56:53","date_gmt":"2026-02-26T16:56:53","guid":{"rendered":"https:\/\/miamedic.lt\/?post_type=product&#038;p=13267"},"modified":"2026-02-26T17:04:04","modified_gmt":"2026-02-26T17:04:04","slug":"balmain-hair-barrette-pour-cheveux-l-white","status":"publish","type":"product","link":"https:\/\/miamedic.lt\/en\/shop\/balmain-hair-barrette-pour-cheveux-l-white\/","title":{"rendered":"BALMAIN HAIR Barrette pour cheveux L White"},"content":{"rendered":"<p><strong>Barrette pour Cheveux<\/strong> yra <strong>Les\u00a0A<\/strong><strong>ccessoires<\/strong> aksesuar\u0173 kolekcijos dalis, tinka d\u0117v\u0117ti bet kokioje situacijoje ir akimirksniu prideda ypatingo \u0161armo kiekvienai \u0161ukuosenai. Prabangus rank\u0173 darbo\u00a0 segtukas plaukams, dekoruotas 14K auksu dengtu B logotipu.<\/p>\n<p>\u2013 Auk\u0161tos kokyb\u0117s rank\u0173 darbo plauk\u0173 aksesuaras<br \/>\n\u2013 Dekoruotas 14K auksu dengtu Balmain Hair \u201cB\u201d logotipu<br \/>\n\u2013 Puikiai tinka kiekvienai progai<\/p>","protected":false},"excerpt":{"rendered":"<p>Plauk\u0173 segtukas<\/p>","protected":false},"featured_media":13265,"comment_status":"open","ping_status":"closed","template":"","meta":[],"product_cat":[439],"product_tag":[],"class_list":{"0":"post-13267","1":"product","2":"type-product","3":"status-publish","4":"has-post-thumbnail","6":"product_cat-plauku-segtukai","7":"pa_brands-balmain-hair","9":"first","10":"instock","11":"taxable","12":"shipping-taxable","13":"purchasable","14":"product-type-simple"},"_links":{"self":[{"href":"https:\/\/miamedic.lt\/en\/wp-json\/wp\/v2\/product\/13267","targetHints":{"allow":["GET"]}}],"collection":[{"href":"https:\/\/miamedic.lt\/en\/wp-json\/wp\/v2\/product"}],"about":[{"href":"https:\/\/miamedic.lt\/en\/wp-json\/wp\/v2\/types\/product"}],"replies":[{"embeddable":true,"href":"https:\/\/miamedic.lt\/en\/wp-json\/wp\/v2\/comments?post=13267"}],"version-history":[{"count":1,"href":"https:\/\/miamedic.lt\/en\/wp-json\/wp\/v2\/product\/13267\/revisions"}],"predecessor-version":[{"id":13269,"href":"https:\/\/miamedic.lt\/en\/wp-json\/wp\/v2\/product\/13267\/revisions\/13269"}],"wp:featuredmedia":[{"embeddable":true,"href":"https:\/\/miamedic.lt\/en\/wp-json\/wp\/v2\/media\/13265"}],"wp:attachment":[{"href":"https:\/\/miamedic.lt\/en\/wp-json\/wp\/v2\/media?parent=13267"}],"wp:term":[{"taxonomy":"product_cat","embeddable":true,"href":"https:\/\/miamedic.lt\/en\/wp-json\/wp\/v2\/product_cat?post=13267"},{"taxonomy":"product_tag","embeddable":true,"href":"https:\/\/miamedic.lt\/en\/wp-json\/wp\/v2\/product_tag?post=13267"}],"curies":[{"name":"wp","href":"https:\/\/api.w.org\/{rel}","templated":true}]}}