{"id":13221,"date":"2026-02-20T17:05:38","date_gmt":"2026-02-20T17:05:38","guid":{"rendered":"https:\/\/miamedic.lt\/?post_type=product&#038;p=13221"},"modified":"2026-02-20T17:05:39","modified_gmt":"2026-02-20T17:05:39","slug":"balmain-hair-leave-in-conditioning-spray","status":"publish","type":"product","link":"https:\/\/miamedic.lt\/en\/shop\/balmain-hair-leave-in-conditioning-spray\/","title":{"rendered":"BALMAIN HAIR Leave-in Conditioning Spray"},"content":{"rendered":"<p>Praturtintas argano eliksyru ir \u0161ilko baltymais, puosel\u0117ja ir atkuria plaukus. Balmain Paris Hair Couture pur\u0161kiklis\u00a0<strong>Leave in Conditioning Spray<\/strong>\u00a0padeda suma\u017einti plauk\u0173 v\u0117lim\u0105si, slinkim\u0105 ir galiuk\u0173 i\u0161saus\u0117jim\u0105. Puosel\u0117jantis nenuplaunamas pur\u0161kiklis skirtas plaukams, kuriems reikia papildomos prie\u017ei\u016bros, neprarandant apimties. Padaro plaukus lengvai sutvarkomus ir kondicionuojamus vis\u0105 dien\u0105. Atkuria plauk\u0173 \u017evynelius ir apsaugo nuo l\u016b\u017ein\u0117jimo. \u0160i dulksna praturtinta Balmain Hair\u2019s Signature Fragrance, kad plaukai kvep\u0117t\u0173 malonia gaiva.<\/p>\n<p><em><strong>Usage:\u00a0<\/strong><\/em>priemon\u0119 tepkite ant rank\u0161luos\u010diu nusausint\u0173 arba saus\u0173 plauk\u0173. Nenuplaukite.<\/p>","protected":false},"excerpt":{"rendered":"<p>Nenuplaunamas kondicionierius<\/p>","protected":false},"featured_media":13224,"comment_status":"open","ping_status":"closed","template":"","meta":[],"product_cat":[271,273],"product_tag":[],"class_list":{"0":"post-13221","1":"product","2":"type-product","3":"status-publish","4":"has-post-thumbnail","6":"product_cat-plauku-serumai","7":"product_cat-purskikliai-plaukams","8":"pa_brands-balmain-hair","9":"pa_talpa-200ml","10":"pa_talpa-50ml-2","12":"first","13":"instock","14":"taxable","15":"shipping-taxable","16":"purchasable","17":"product-type-variable"},"_links":{"self":[{"href":"https:\/\/miamedic.lt\/en\/wp-json\/wp\/v2\/product\/13221","targetHints":{"allow":["GET"]}}],"collection":[{"href":"https:\/\/miamedic.lt\/en\/wp-json\/wp\/v2\/product"}],"about":[{"href":"https:\/\/miamedic.lt\/en\/wp-json\/wp\/v2\/types\/product"}],"replies":[{"embeddable":true,"href":"https:\/\/miamedic.lt\/en\/wp-json\/wp\/v2\/comments?post=13221"}],"version-history":[{"count":1,"href":"https:\/\/miamedic.lt\/en\/wp-json\/wp\/v2\/product\/13221\/revisions"}],"predecessor-version":[{"id":13225,"href":"https:\/\/miamedic.lt\/en\/wp-json\/wp\/v2\/product\/13221\/revisions\/13225"}],"wp:featuredmedia":[{"embeddable":true,"href":"https:\/\/miamedic.lt\/en\/wp-json\/wp\/v2\/media\/13224"}],"wp:attachment":[{"href":"https:\/\/miamedic.lt\/en\/wp-json\/wp\/v2\/media?parent=13221"}],"wp:term":[{"taxonomy":"product_cat","embeddable":true,"href":"https:\/\/miamedic.lt\/en\/wp-json\/wp\/v2\/product_cat?post=13221"},{"taxonomy":"product_tag","embeddable":true,"href":"https:\/\/miamedic.lt\/en\/wp-json\/wp\/v2\/product_tag?post=13221"}],"curies":[{"name":"wp","href":"https:\/\/api.w.org\/{rel}","templated":true}]}}