{"id":13218,"date":"2026-02-20T17:02:57","date_gmt":"2026-02-20T17:02:57","guid":{"rendered":"https:\/\/miamedic.lt\/?post_type=product&#038;p=13218"},"modified":"2026-02-20T17:02:58","modified_gmt":"2026-02-20T17:02:58","slug":"balmain-hair-styling-powder","status":"publish","type":"product","link":"https:\/\/miamedic.lt\/en\/shop\/balmain-hair-styling-powder\/","title":{"rendered":"BALMAIN HAIR Styling Powder"},"content":{"rendered":"<p>Brigitte Bardot stiliaus \u0161ukuosenai sukurti! Plauk\u0173 formavimo pudra, pakelia plaukus nuo \u0161akn\u0173, suteikia jiems apimties, bei ilgalaik\u012f fiksavim\u0105. Plaukai i\u0161lieka lankst\u016bs ir gyvybingi. Ypatingai smulki\u0173 daleli\u0173 d\u0117ka, plauk\u0173 formavimo pudra apgaubia kiekvien\u0105 plaukel\u012f, pakelia j\u012f nuo \u0161akn\u0173 ir suteikia \u0161ukuosenai ypatingos apimties.<\/p>\n<p><strong>Usage:<\/strong>\u00a0Paskirstykite ant saus\u0173 plauk\u0173 ar\u010diau \u0161akn\u0173, skirstant plaukus sruogomis. \u0160velniai masa\u017euokite pir\u0161t\u0173 galiukais, kad milteliai patekt\u0173 prie pat \u0161akn\u0173. Norint suteikti daugiau apimties per vis\u0105 plauko ilg\u012f \u2013 u\u017eberkite nedidel\u012f kiek\u012f pudros ant \u0161epe\u010dio ir perbraukite plaukus nuo \u0161akn\u0173 iki galiuk\u0173. Reikia tik nedidelio kiekio pastebimam rezultatui pasiekti!<\/p>","protected":false},"excerpt":{"rendered":"<p>Plauk\u0173 formavimo pudra<\/p>","protected":false},"featured_media":13219,"comment_status":"open","ping_status":"closed","template":"","meta":[],"product_cat":[436],"product_tag":[],"class_list":{"0":"post-13218","1":"product","2":"type-product","3":"status-publish","4":"has-post-thumbnail","6":"product_cat-formavimo-priemones","7":"pa_brands-balmain-hair","8":"pa_talpa-11g","10":"first","11":"instock","12":"taxable","13":"shipping-taxable","14":"purchasable","15":"product-type-simple"},"_links":{"self":[{"href":"https:\/\/miamedic.lt\/en\/wp-json\/wp\/v2\/product\/13218","targetHints":{"allow":["GET"]}}],"collection":[{"href":"https:\/\/miamedic.lt\/en\/wp-json\/wp\/v2\/product"}],"about":[{"href":"https:\/\/miamedic.lt\/en\/wp-json\/wp\/v2\/types\/product"}],"replies":[{"embeddable":true,"href":"https:\/\/miamedic.lt\/en\/wp-json\/wp\/v2\/comments?post=13218"}],"version-history":[{"count":1,"href":"https:\/\/miamedic.lt\/en\/wp-json\/wp\/v2\/product\/13218\/revisions"}],"predecessor-version":[{"id":13220,"href":"https:\/\/miamedic.lt\/en\/wp-json\/wp\/v2\/product\/13218\/revisions\/13220"}],"wp:featuredmedia":[{"embeddable":true,"href":"https:\/\/miamedic.lt\/en\/wp-json\/wp\/v2\/media\/13219"}],"wp:attachment":[{"href":"https:\/\/miamedic.lt\/en\/wp-json\/wp\/v2\/media?parent=13218"}],"wp:term":[{"taxonomy":"product_cat","embeddable":true,"href":"https:\/\/miamedic.lt\/en\/wp-json\/wp\/v2\/product_cat?post=13218"},{"taxonomy":"product_tag","embeddable":true,"href":"https:\/\/miamedic.lt\/en\/wp-json\/wp\/v2\/product_tag?post=13218"}],"curies":[{"name":"wp","href":"https:\/\/api.w.org\/{rel}","templated":true}]}}