{"id":13215,"date":"2026-02-20T17:01:06","date_gmt":"2026-02-20T17:01:06","guid":{"rendered":"https:\/\/miamedic.lt\/?post_type=product&#038;p=13215"},"modified":"2026-02-20T17:01:07","modified_gmt":"2026-02-20T17:01:07","slug":"balmain-hair-argan-moisturizing-elixir","status":"publish","type":"product","link":"https:\/\/miamedic.lt\/en\/shop\/balmain-hair-argan-moisturizing-elixir\/","title":{"rendered":"BALMAIN HAIR Argan Moisturizing Elixir"},"content":{"rendered":"<p>Atkurian\u010dio poveikio serumas su organiniu argano aliejumi, kuris dr\u0117kina, mink\u0161tina, glotnina ir atgaivina plaukus nepalikdamas liku\u010di\u0173. \u0160ilko baltymai ir argano aliejus palaiko optimal\u0173 dr\u0117gm\u0117s lyg\u012f plaukuose, atkuria ir apsaugo pa\u017eeistus, sausus ir silpnus plaukus nuo \u017ealingo aplinkos poveikio. Eliksyras suteikia deimantinio blizgesio, dr\u0117kina ir glotnina pa\u017eeistus plaukus. Produktas praturtintas firmini\u0173 Balmain Hair kvepal\u0173 aromatu.<br \/>\nArgano eliksyras skiriasi nuo aliejaus d\u0117l savo unikalios sud\u0117ties. Balmain Hair argano eliksyras pagamintas vandens, o ne aliejaus pagrindu \u2013 tai labai didelis skirtumas.<br \/>\nVandens pagrindu pagamintas produktas, prie\u0161ingai nei aliejus, nepalieka plauk\u0173 sunki\u0173 ar imli\u0173 dulk\u0117ms, nes eliksyro sud\u0117tyje esantis vanduo per kelias minutes i\u0161garuoja i\u0161 plauk\u0173, palikdamas reikalingas maisting\u0105sias med\u017eiagas ir dr\u0117kinamuosius komponentus.<\/p>\n<p><em><strong>Usage:<\/strong><\/em>\u00a0i\u0161plov\u0119 plaukus, kelis la\u0161us eliksyro u\u017ela\u0161inkite ant delno ir tolygiai paskirstykite ant dr\u0117gn\u0173 arba saus\u0173 plauk\u0173 galiuk\u0173. Nenuplaukite. Ant rank\u0173 likus\u012f eliksyr\u0105 \u012fmasa\u017euokite \u012f rank\u0173 od\u0105, jis ypa\u010d gerai veikia kaip nag\u0173 odeli\u0173 dr\u0117kiklis!<\/p>","protected":false},"excerpt":{"rendered":"<p>Argan\u0173 elixyras<\/p>","protected":false},"featured_media":13216,"comment_status":"open","ping_status":"closed","template":"","meta":[],"product_cat":[246,271],"product_tag":[],"class_list":{"0":"post-13215","1":"product","2":"type-product","3":"status-publish","4":"has-post-thumbnail","6":"product_cat-plauku-aliejai","7":"product_cat-plauku-serumai","8":"pa_brands-balmain-hair","9":"pa_talpa-100ml","11":"first","12":"instock","13":"taxable","14":"shipping-taxable","15":"purchasable","16":"product-type-simple"},"_links":{"self":[{"href":"https:\/\/miamedic.lt\/en\/wp-json\/wp\/v2\/product\/13215","targetHints":{"allow":["GET"]}}],"collection":[{"href":"https:\/\/miamedic.lt\/en\/wp-json\/wp\/v2\/product"}],"about":[{"href":"https:\/\/miamedic.lt\/en\/wp-json\/wp\/v2\/types\/product"}],"replies":[{"embeddable":true,"href":"https:\/\/miamedic.lt\/en\/wp-json\/wp\/v2\/comments?post=13215"}],"version-history":[{"count":1,"href":"https:\/\/miamedic.lt\/en\/wp-json\/wp\/v2\/product\/13215\/revisions"}],"predecessor-version":[{"id":13217,"href":"https:\/\/miamedic.lt\/en\/wp-json\/wp\/v2\/product\/13215\/revisions\/13217"}],"wp:featuredmedia":[{"embeddable":true,"href":"https:\/\/miamedic.lt\/en\/wp-json\/wp\/v2\/media\/13216"}],"wp:attachment":[{"href":"https:\/\/miamedic.lt\/en\/wp-json\/wp\/v2\/media?parent=13215"}],"wp:term":[{"taxonomy":"product_cat","embeddable":true,"href":"https:\/\/miamedic.lt\/en\/wp-json\/wp\/v2\/product_cat?post=13215"},{"taxonomy":"product_tag","embeddable":true,"href":"https:\/\/miamedic.lt\/en\/wp-json\/wp\/v2\/product_tag?post=13215"}],"curies":[{"name":"wp","href":"https:\/\/api.w.org\/{rel}","templated":true}]}}