{"id":13210,"date":"2026-02-20T16:58:15","date_gmt":"2026-02-20T16:58:15","guid":{"rendered":"https:\/\/miamedic.lt\/?post_type=product&#038;p=13210"},"modified":"2026-02-20T16:58:15","modified_gmt":"2026-02-20T16:58:15","slug":"balmain-hair-silk-perfume","status":"publish","type":"product","link":"https:\/\/miamedic.lt\/en\/shop\/balmain-hair-silk-perfume\/","title":{"rendered":"BALMAIN HAIR Silk Perfume"},"content":{"rendered":"<p>Blizgesio suteikiantis pur\u0161kiklis \u0161ukuosenai u\u017ebaigti. Sud\u0117tyje yra maitinamojo argano aliejaus, \u0161ilko ir ka\u0161myro baltym\u0173. Moksli\u0161kai \u0161ilko baltymai ir nat\u016bral\u016bs plauk\u0173 baltymai yra beveik identi\u0161ki. \u0160ilko baltymuose yra 17 i\u0161 19 nat\u016braliuose plaukuose esan\u010di\u0173 aminor\u016bg\u0161\u010di\u0173. \u0160is ingredientas pa\u010diu nat\u016braliausiu b\u016bdu atkuria pa\u017eeistas plauk\u0173 baltymines l\u0105steles.<br \/>\nProduktas pagerina nat\u016brali\u0105 plauk\u0173 molekulin\u0119 strukt\u016br\u0105, jis padeda u\u017etikrinti sveikus ir nepa\u017eeistus plaukus.<br \/>\nProduktas padeda i\u0161narplioti susipynusius plaukus ir atkuria pa\u017eeistus plaukus, suteikia ilgalaik\u012f blizges\u012f ir apsaugo nuo i\u0161orini\u0173 pa\u017eeidim\u0173. \u0160ilko baltymai ir argano aliejus palaiko optimal\u0173 dr\u0117gm\u0117s lyg\u012f plaukuose, atkuria ir apsaugo pa\u017eeistus, sausus ir silpnus plaukus nuo \u017ealingo aplinkos poveikio. Plaukai tampa \u017evilgantys ir spindintys. Produktas praturtintas firmini\u0173\u00a0<strong>Balmain Hair<\/strong>\u00a0kvepal\u0173 aromatu.<\/p>\n<p>Pridedamas\u00a0<strong>Silk Perfume Vaporizer\u00a0<\/strong>\u2013 specialus purk\u0161tuvas, kuris suteikia produktui ypa\u010d pary\u017eieti\u0161k\u0105 i\u0161vaizd\u0105 ir u\u017etikrina optimal\u0173 pur\u0161kiklio paskirstym\u0105!<\/p>\n<p><strong>Usage:<\/strong>\u00a0Nedidel\u012f produkto kiek\u012f u\u017epurk\u0161kite ant plauk\u0173 25-30 cm atstumu. Nenuskalaukite.<\/p>\n<p>Rekomendacija:\u00a0<strong>Silk Perfume<\/strong>\u00a0galima naudoti kaip plaukuose paliekam\u0105 balzam\u0105, kad b\u016bt\u0173 lengviau i\u0161\u0161ukuoti plaukus ir jie gra\u017eiai blizg\u0117t\u0173.<\/p>","protected":false},"excerpt":{"rendered":"<p>Plauk\u0173 dulksna<\/p>","protected":false},"featured_media":13213,"comment_status":"open","ping_status":"closed","template":"","meta":[],"product_cat":[434,273],"product_tag":[],"class_list":{"0":"post-13210","1":"product","2":"type-product","3":"status-publish","4":"has-post-thumbnail","6":"product_cat-kvepalai-plaukams","7":"product_cat-purskikliai-plaukams","8":"pa_brands-balmain-hair","9":"pa_talpa-200ml","10":"pa_talpa-50ml-2","12":"first","13":"instock","14":"taxable","15":"shipping-taxable","16":"purchasable","17":"product-type-variable"},"_links":{"self":[{"href":"https:\/\/miamedic.lt\/en\/wp-json\/wp\/v2\/product\/13210","targetHints":{"allow":["GET"]}}],"collection":[{"href":"https:\/\/miamedic.lt\/en\/wp-json\/wp\/v2\/product"}],"about":[{"href":"https:\/\/miamedic.lt\/en\/wp-json\/wp\/v2\/types\/product"}],"replies":[{"embeddable":true,"href":"https:\/\/miamedic.lt\/en\/wp-json\/wp\/v2\/comments?post=13210"}],"version-history":[{"count":1,"href":"https:\/\/miamedic.lt\/en\/wp-json\/wp\/v2\/product\/13210\/revisions"}],"predecessor-version":[{"id":13214,"href":"https:\/\/miamedic.lt\/en\/wp-json\/wp\/v2\/product\/13210\/revisions\/13214"}],"wp:featuredmedia":[{"embeddable":true,"href":"https:\/\/miamedic.lt\/en\/wp-json\/wp\/v2\/media\/13213"}],"wp:attachment":[{"href":"https:\/\/miamedic.lt\/en\/wp-json\/wp\/v2\/media?parent=13210"}],"wp:term":[{"taxonomy":"product_cat","embeddable":true,"href":"https:\/\/miamedic.lt\/en\/wp-json\/wp\/v2\/product_cat?post=13210"},{"taxonomy":"product_tag","embeddable":true,"href":"https:\/\/miamedic.lt\/en\/wp-json\/wp\/v2\/product_tag?post=13210"}],"curies":[{"name":"wp","href":"https:\/\/api.w.org\/{rel}","templated":true}]}}