{"id":13207,"date":"2026-02-20T16:55:05","date_gmt":"2026-02-20T16:55:05","guid":{"rendered":"https:\/\/miamedic.lt\/?post_type=product&#038;p=13207"},"modified":"2026-02-20T16:55:05","modified_gmt":"2026-02-20T16:55:05","slug":"balmain-hair-professional-aftercare-shine-spray","status":"publish","type":"product","link":"https:\/\/miamedic.lt\/en\/shop\/balmain-hair-professional-aftercare-shine-spray\/","title":{"rendered":"BALMAIN HAIR Professional Aftercare Shine Spray"},"content":{"rendered":"<p>Norint, kad priauginti ir nat\u016bral\u016bs plaukai b\u016bt\u0173 puikios b\u016bkl\u0117s, labai svarbu naudoti profesionalias priemones, specialiai sukurtas plaukams su priaugintais plaukais. Blizgesio pur\u0161kiklis yra specialiai sukurtas nat\u016brali\u0173\u00a0 ir priaugint\u0173 plauk\u0173 prie\u017ei\u016brai. \u0160vies\u0105 atspindintis pur\u0161kiklis suteikia i\u0161skirtinio blizgesio ir \u017evilgesio, neapsunkindamas plauk\u0173. Ilgai i\u0161liekantis \u0161ilkinis \u017evilgesys.<br \/>\nPlauk\u0173 neapsunkinantis, nuo UV spinduli\u0173 apsaugantis pur\u0161kiklis, praturtintas vitaminu E ir argano aliejumi. Pritraukia ir atspindi \u0161vies\u0105, suteikdamas plaukams \u0161vyt\u0117jimo. Blizgesio suteikiantis pur\u0161kiklis specialiai sukurtas plaukams su priaugintais plaukais, plaukai netampa sunk\u016bs ar rieb\u016bs.<\/p>\n<p>\u2013 Dailinantis blizgesio suteikiantis pur\u0161kiklis plaukams su priaugintais plaukais<br \/>\n\u2013 Suteikia ilgalaik\u012f spindes\u012f ir \u0161vyt\u0117jim\u0105<br \/>\n\u2013 Su apsauga nuo UV spinduli\u0173.<\/p>\n<p><strong><em>Naudojimas<\/em>:<\/strong>\u00a0Purk\u0161kite 30 cm atstumu ant dr\u0117gn\u0173 arba saus\u0173 plauk\u0173.<\/p>","protected":false},"excerpt":{"rendered":"<p>Blizgesio pur\u0161kiklis priaugintiems plaukams<\/p>","protected":false},"featured_media":13208,"comment_status":"open","ping_status":"closed","template":"","meta":[],"product_cat":[273],"product_tag":[],"class_list":{"0":"post-13207","1":"product","2":"type-product","3":"status-publish","4":"has-post-thumbnail","6":"product_cat-purskikliai-plaukams","7":"pa_brands-balmain-hair","8":"pa_talpa-75ml","10":"first","11":"instock","12":"taxable","13":"shipping-taxable","14":"purchasable","15":"product-type-simple"},"_links":{"self":[{"href":"https:\/\/miamedic.lt\/en\/wp-json\/wp\/v2\/product\/13207","targetHints":{"allow":["GET"]}}],"collection":[{"href":"https:\/\/miamedic.lt\/en\/wp-json\/wp\/v2\/product"}],"about":[{"href":"https:\/\/miamedic.lt\/en\/wp-json\/wp\/v2\/types\/product"}],"replies":[{"embeddable":true,"href":"https:\/\/miamedic.lt\/en\/wp-json\/wp\/v2\/comments?post=13207"}],"version-history":[{"count":1,"href":"https:\/\/miamedic.lt\/en\/wp-json\/wp\/v2\/product\/13207\/revisions"}],"predecessor-version":[{"id":13209,"href":"https:\/\/miamedic.lt\/en\/wp-json\/wp\/v2\/product\/13207\/revisions\/13209"}],"wp:featuredmedia":[{"embeddable":true,"href":"https:\/\/miamedic.lt\/en\/wp-json\/wp\/v2\/media\/13208"}],"wp:attachment":[{"href":"https:\/\/miamedic.lt\/en\/wp-json\/wp\/v2\/media?parent=13207"}],"wp:term":[{"taxonomy":"product_cat","embeddable":true,"href":"https:\/\/miamedic.lt\/en\/wp-json\/wp\/v2\/product_cat?post=13207"},{"taxonomy":"product_tag","embeddable":true,"href":"https:\/\/miamedic.lt\/en\/wp-json\/wp\/v2\/product_tag?post=13207"}],"curies":[{"name":"wp","href":"https:\/\/api.w.org\/{rel}","templated":true}]}}