{"id":13203,"date":"2026-02-20T16:52:55","date_gmt":"2026-02-20T16:52:55","guid":{"rendered":"https:\/\/miamedic.lt\/?post_type=product&#038;p=13203"},"modified":"2026-02-20T16:52:56","modified_gmt":"2026-02-20T16:52:56","slug":"balmain-hair-leave-in-conditioning-spray-argan-elixir","status":"publish","type":"product","link":"https:\/\/miamedic.lt\/en\/shop\/balmain-hair-leave-in-conditioning-spray-argan-elixir\/","title":{"rendered":"BALMAIN HAIR Leave-in Conditioning Spray &#038; Argan Elixir"},"content":{"rendered":"<div>\n<p>Fantasti\u0161kas pur\u0161kiamo nenuplaunamo kondicionieriaus ir dr\u0117kinan\u010dio argano eliksyro derinys yra idealus pagrindas bet kokiai \u0161ukuosenai, tuo pa\u010diu u\u017etikrinant maksimali\u0105 plauk\u0173 apsaug\u0105 ir gil\u0173 dr\u0117kinim\u0105. Tai itin efektyvus produkt\u0173 derinys, naudojamas pasaulinio garso mad\u0173 \u0161ou u\u017ekulisiuose. Su \u0161iais produktais lengvai padarysite plaukus sveikais, pamaitintais, sudr\u0117kintais ir \u017evilgan\u010diais! Produktai turi UV filtrus, taip pat apsaugo plaukus terminio apdorojimo metu.<\/p>\n<p>\u2013 Idealus pagrindas bet kokiai \u0161ukuosenai u\u017ebaigti<br \/>\n\u2013 Suma\u017eina v\u0117lim\u0105si ir nepaklusnum\u0105<br \/>\n\u2013 Gr\u0105\u017eina nat\u016bral\u0173 plauk\u0173 blizges\u012f<br \/>\n\u2013 Giliai dr\u0117kina ir maitina plaukus<br \/>\n\u2013 Sud\u0117tyje yra UV filtr\u0173<\/p>\n<p><strong>Rinkin\u012f sudaro:<\/strong><\/p>\n<\/div>\n<div>\n<p><strong>Leave-in Conditioning Spray 200ml<br \/>\n<\/strong>Nenuplaunamas kondicionierius neleid\u017eia plaukams veltis, saugo juos nuo pa\u017eeidim\u0173 ir suteikia sveiko, nat\u016bralaus spindesio. Be paraben\u0173 ir sulfat\u0173.<\/p>\n<\/div>\n<div>\n<p><strong>Argan Moisturizing Elixir 100ml<br \/>\n<\/strong>Dr\u0117kinamasis argano aliejaus eliksyras. Nat\u016bralus gaivinamasis serumas akimirksniu plaukams suteikia lygi\u0105 ir sveik\u0105 i\u0161vaizd\u0105. Keletas mililitr\u0173 dr\u0117kinamojo aliejaus pravers prie\u0161 plauk\u0173 plovim\u0105. Plaukai sugers aliej\u0173 ir tai juos apsaugos nuo v\u0117limosi plaunant ir v\u0117liau. Priemon\u0117 sutrumpins plauk\u0173 d\u017eiovinimo laik\u0105.<\/p>\n<\/div>","protected":false},"excerpt":{"rendered":"<p>Rinkinys plaukams<\/p>","protected":false},"featured_media":13205,"comment_status":"open","ping_status":"closed","template":"","meta":[],"product_cat":[246,273,188],"product_tag":[],"class_list":{"0":"post-13203","1":"product","2":"type-product","3":"status-publish","4":"has-post-thumbnail","6":"product_cat-plauku-aliejai","7":"product_cat-purskikliai-plaukams","8":"product_cat-rinkiniai","9":"pa_brands-balmain-hair","11":"first","12":"instock","13":"taxable","14":"shipping-taxable","15":"purchasable","16":"product-type-simple"},"_links":{"self":[{"href":"https:\/\/miamedic.lt\/en\/wp-json\/wp\/v2\/product\/13203","targetHints":{"allow":["GET"]}}],"collection":[{"href":"https:\/\/miamedic.lt\/en\/wp-json\/wp\/v2\/product"}],"about":[{"href":"https:\/\/miamedic.lt\/en\/wp-json\/wp\/v2\/types\/product"}],"replies":[{"embeddable":true,"href":"https:\/\/miamedic.lt\/en\/wp-json\/wp\/v2\/comments?post=13203"}],"version-history":[{"count":1,"href":"https:\/\/miamedic.lt\/en\/wp-json\/wp\/v2\/product\/13203\/revisions"}],"predecessor-version":[{"id":13206,"href":"https:\/\/miamedic.lt\/en\/wp-json\/wp\/v2\/product\/13203\/revisions\/13206"}],"wp:featuredmedia":[{"embeddable":true,"href":"https:\/\/miamedic.lt\/en\/wp-json\/wp\/v2\/media\/13205"}],"wp:attachment":[{"href":"https:\/\/miamedic.lt\/en\/wp-json\/wp\/v2\/media?parent=13203"}],"wp:term":[{"taxonomy":"product_cat","embeddable":true,"href":"https:\/\/miamedic.lt\/en\/wp-json\/wp\/v2\/product_cat?post=13203"},{"taxonomy":"product_tag","embeddable":true,"href":"https:\/\/miamedic.lt\/en\/wp-json\/wp\/v2\/product_tag?post=13203"}],"curies":[{"name":"wp","href":"https:\/\/api.w.org\/{rel}","templated":true}]}}