{"id":13201,"date":"2026-02-20T16:50:37","date_gmt":"2026-02-20T16:50:37","guid":{"rendered":"https:\/\/miamedic.lt\/?post_type=product&#038;p=13201"},"modified":"2026-02-20T16:51:04","modified_gmt":"2026-02-20T16:51:04","slug":"balmain-hair-overnight-repair-serum","status":"publish","type":"product","link":"https:\/\/miamedic.lt\/en\/shop\/balmain-hair-overnight-repair-serum\/","title":{"rendered":"BALMAIN HAIR Overnight Repair Serum"},"content":{"rendered":"<p><strong>Balmain Hair Couture naktinis atkuriamasis serumas<\/strong>\u00a0padaro plaukus lengvai suvaldomus ir lygesnius. Nat\u016brali\u0173 aliej\u0173 ir ekstrakt\u0173 mi\u0161inys giliai \u012fsiskverbia \u012f plaukus, taip sustiprindami ir atkurdami plaukus i\u0161 vidaus. Naudokite kaip gydom\u0105j\u0105 priemon\u0119, kad pasiektum\u0117te geriausi\u0173 rezultat\u0173. Sud\u0117tyje yra Argania Spinosa s\u0117kl\u0173 aliejaus, kuris suteikia blizgesio, \u0161velnumo ir apsaugo pa\u017eeistus plaukus. Atnaujina pa\u017eeistus, da\u017eytus ir sausus plaukus. Sud\u0117tyje yra termin\u0117 ir UV apsauga, apsauganti plaukus ir plauk\u0173 spalv\u0105. Vitaminai yra gerai \u017einomi esminiai elementai, kurie taip pat yra b\u016btini plauk\u0173 prie\u017ei\u016brai.<\/p>\n<p><strong>Balmain Overnight Repair<\/strong>\u00a0serume yra vitamino B (Salvia Hispanica Seed Oil \u2013 taip pat \u017einomas kaip Chia s\u0117kl\u0173 aliejus) ir vitamino E (tokoferolio). Helianthus Annuus s\u0117kl\u0173 aliejaus, Cocos Nucifera aliejaus, Chenopodium Quinoa s\u0117kl\u0173 ekstrakto ir Gardenia Tahitensis g\u0117li\u0173 ekstrakto mi\u0161inys glotnina, atkuria ir kondicionuoja plaukus. Kad aliejai greitai \u012fsigert\u0173, o po produkto naudojimo nelikt\u0173 riebumo, \u012f formul\u0119 pridedamas makadamijos ternifolijos s\u0117kl\u0173 aliejus. Antioksidantai (Glycine Soja Oil ir Rosmarinus Officinalis lap\u0173 ekstraktas) padeda kovoti su prie\u0161laikiniu plauk\u0173 sen\u0117jimu. Tai apsaugo nuo plauk\u0173 slinkimo ir skatina plauk\u0173 augim\u0105.<\/p>\n<p><strong><em>Usage:\u00a0<\/em><\/strong><\/p>\n<p><strong>Naktinis gydymas<\/strong>\u00a0\u2013 \u0161velniems ir \u017evilgantiems plaukams.<br \/>\nNaudokite kaip intensyvi\u0105 nakties proced\u016br\u0105, kad ryte nubustum\u0117te su \u0161velniais ir \u017evilgan\u010diais plaukais. U\u017ela\u0161inkite 2-3 la\u0161us (priklausomai nuo plauk\u0173 ilgio ir storio) ant delno, patrinkite delnus ir \u0161velniai paskirstykite ant rank\u0161luos\u010diu nusausint\u0173 arba saus\u0173 plauk\u0173 per vis\u0105 ilg\u012f. Kas savait\u0119 atliekama proced\u016bra sukurs giliai sudr\u0117kintus, \u017evilgan\u010dius ir stipresnius plaukus. Nakt\u012f apsaugokite pagalv\u0119 rank\u0161luos\u010diu. Ryte kruop\u0161\u010diai i\u0161skalaukite ir i\u0161plaukite plaukus kaip \u012fprastai.<\/p>\n<p><strong>Proced\u016bra prie\u0161 plauk\u0173 formavim\u0105<\/strong>\u00a0\u2013 apsaugo plaukus.<br \/>\nNaudokite prie\u0161 formuodami, kad pamaitintum\u0117te ir apsaugotum\u0117te plaukus nuo i\u0161orin\u0117s \u017ealos. U\u017ela\u0161inkite 2-3 la\u0161us (priklausomai nuo plauk\u0173 ilgio ir storio) ant \u0161vari\u0173, saus\u0173 plauk\u0173. Intensyvus plauk\u0173 serumas i\u0161painios plaukus ir padarys juos lengviau tvarkomus. Prie\u0161 formuodami plaukus kar\u0161tais formavimo prietaisais, leiskite plaukams priemon\u0119 sugerti, kad i\u0161vengtum\u0117te plauk\u0173 pa\u017eeidimo.<\/p>\n<p><strong>Plauk\u0173 kauk\u0117<\/strong>\u00a0\u2013 stipresniems ir sveikesniems plaukams.<br \/>\n\u012ela\u0161inkite serumo \u012f\u00a0<a href=\"https:\/\/balmainhair.lt\/produktas\/balmain-hair-kauke-drekinamasis-plauku-moisturizing-repair-mask-200ml\/\"><strong>Repair<\/strong><\/a>\u00a0arba\u00a0<a href=\"https:\/\/balmainhair.lt\/produktas\/balmain-hair-atstatomoji-plauku-kauke-revitalizing-mask-200ml\/\"><strong>Revitalizing<\/strong><\/a>\u00a0plauk\u0173 kauk\u0119, kad gautum\u0117te dar didesn\u012f maitinam\u0105j\u012f ir atkuriam\u0105j\u012f poveik\u012f. I\u0161plov\u0119 \u0161amp\u016bn\u0105, u\u017ela\u0161inkite 2-3 la\u0161us \u012f m\u0117gstam\u0105 plauk\u0173 kauk\u0119 ir i\u0161mai\u0161ykite delne. Tolygiai paskirstykite ant vis\u0173 plauk\u0173, nuo vidurio iki galiuk\u0173. Palikite 10\u201315 minu\u010di\u0173, kad plaukai tapt\u0173 \u0161velnesni, \u017evilgantys ir giliai pamaitinti.<\/p>","protected":false},"excerpt":{"rendered":"<p>Atstatomasis eliksyras<\/p>","protected":false},"featured_media":13202,"comment_status":"open","ping_status":"closed","template":"","meta":[],"product_cat":[246],"product_tag":[],"class_list":{"0":"post-13201","1":"product","2":"type-product","3":"status-publish","4":"has-post-thumbnail","6":"product_cat-plauku-aliejai","7":"pa_brands-balmain-hair","8":"pa_talpa-30ml-2","10":"first","11":"instock","12":"taxable","13":"shipping-taxable","14":"purchasable","15":"product-type-simple"},"_links":{"self":[{"href":"https:\/\/miamedic.lt\/en\/wp-json\/wp\/v2\/product\/13201","targetHints":{"allow":["GET"]}}],"collection":[{"href":"https:\/\/miamedic.lt\/en\/wp-json\/wp\/v2\/product"}],"about":[{"href":"https:\/\/miamedic.lt\/en\/wp-json\/wp\/v2\/types\/product"}],"replies":[{"embeddable":true,"href":"https:\/\/miamedic.lt\/en\/wp-json\/wp\/v2\/comments?post=13201"}],"version-history":[{"count":1,"href":"https:\/\/miamedic.lt\/en\/wp-json\/wp\/v2\/product\/13201\/revisions"}],"predecessor-version":[{"id":13204,"href":"https:\/\/miamedic.lt\/en\/wp-json\/wp\/v2\/product\/13201\/revisions\/13204"}],"wp:featuredmedia":[{"embeddable":true,"href":"https:\/\/miamedic.lt\/en\/wp-json\/wp\/v2\/media\/13202"}],"wp:attachment":[{"href":"https:\/\/miamedic.lt\/en\/wp-json\/wp\/v2\/media?parent=13201"}],"wp:term":[{"taxonomy":"product_cat","embeddable":true,"href":"https:\/\/miamedic.lt\/en\/wp-json\/wp\/v2\/product_cat?post=13201"},{"taxonomy":"product_tag","embeddable":true,"href":"https:\/\/miamedic.lt\/en\/wp-json\/wp\/v2\/product_tag?post=13201"}],"curies":[{"name":"wp","href":"https:\/\/api.w.org\/{rel}","templated":true}]}}