{"id":13196,"date":"2026-02-20T16:47:36","date_gmt":"2026-02-20T16:47:36","guid":{"rendered":"https:\/\/miamedic.lt\/?post_type=product&#038;p=13196"},"modified":"2026-02-20T16:47:37","modified_gmt":"2026-02-20T16:47:37","slug":"balmain-hair-session-spray-strong","status":"publish","type":"product","link":"https:\/\/miamedic.lt\/en\/shop\/balmain-hair-session-spray-strong\/","title":{"rendered":"BALMAIN HAIR Session Spray Strong"},"content":{"rendered":"<p>Stiprios fiksacijos plauk\u0173 lakas, kuris fiksuoja ir tvirtina \u0161ukuosen\u0105 vis\u0105 dien\u0105. Nepalieka plauk\u0173 dr\u0117gn\u0173 ir sunki\u0173. Lengvai i\u0161siplauna. Atsparus df\u0117gmei. Akimirksniu suteikia blizgesio bei apimties. Su apsauga nuo UV spinduli\u0173. \u0160ilko baltymai ir argano aliejus palaiko optimal\u0173 dr\u0117gm\u0117s lyg\u012f plaukuose, atkuria ir apsaugo pa\u017eeistus, sausus ir silpnus plaukus nuo \u017ealing\u0173 aplinkos s\u0105lyg\u0173. Suteikia ilgalaik\u0119 fiksacij\u0105. Produktas praturtintas firmini\u0173 Balmain Hair kvepal\u0173 aromatu.<br \/>\n\u2013 Suteikia elasting\u0105, bet ilgai i\u0161liekan\u010di\u0105 i\u0161vaizd\u0105<br \/>\n\u2013 Ilgalaik\u0117 fiksacija<br \/>\n\u2013 Sud\u0117tyje yra apsauga nuo UV spinduli\u0173<\/p>\n<p><em><strong>Usage:<\/strong><\/em>\u00a0Purk\u0161kite ant plauk\u0173 i\u0161 15-20cm atstumo.<\/p>\n<p><em><strong>Rekomenduojame:<\/strong><\/em>\u00a0\u0161ukuosenai galima suteikti daugiau fiksacijos ir paslankumo pur\u0161kiant priemon\u0119 ant plauk\u0173 ir tada naudojant kar\u0161tus plauk\u0173 suktukus, garbanojimo \u017enyples arba plauk\u0173 tiesintuv\u0105 plauk\u0173 galiukams. Tada ant plauk\u0173 u\u017epurk\u0161kite dar \u0161iek tiek plauk\u0173 lako \u0161ukuosenai sutvirtinti. \u0160i technika naudojama \u012fsp\u016bdinguose mados \u0161ou.<\/p>","protected":false},"excerpt":{"rendered":"<p>Plauk\u0173 lakas<\/p>","protected":false},"featured_media":13199,"comment_status":"open","ping_status":"closed","template":"","meta":[],"product_cat":[436],"product_tag":[],"class_list":{"0":"post-13196","1":"product","2":"type-product","3":"status-publish","4":"has-post-thumbnail","6":"product_cat-formavimo-priemones","7":"pa_brands-balmain-hair","8":"pa_talpa-300ml","9":"pa_talpa-75ml","11":"first","12":"instock","13":"taxable","14":"shipping-taxable","15":"purchasable","16":"product-type-variable"},"_links":{"self":[{"href":"https:\/\/miamedic.lt\/en\/wp-json\/wp\/v2\/product\/13196","targetHints":{"allow":["GET"]}}],"collection":[{"href":"https:\/\/miamedic.lt\/en\/wp-json\/wp\/v2\/product"}],"about":[{"href":"https:\/\/miamedic.lt\/en\/wp-json\/wp\/v2\/types\/product"}],"replies":[{"embeddable":true,"href":"https:\/\/miamedic.lt\/en\/wp-json\/wp\/v2\/comments?post=13196"}],"version-history":[{"count":1,"href":"https:\/\/miamedic.lt\/en\/wp-json\/wp\/v2\/product\/13196\/revisions"}],"predecessor-version":[{"id":13200,"href":"https:\/\/miamedic.lt\/en\/wp-json\/wp\/v2\/product\/13196\/revisions\/13200"}],"wp:featuredmedia":[{"embeddable":true,"href":"https:\/\/miamedic.lt\/en\/wp-json\/wp\/v2\/media\/13199"}],"wp:attachment":[{"href":"https:\/\/miamedic.lt\/en\/wp-json\/wp\/v2\/media?parent=13196"}],"wp:term":[{"taxonomy":"product_cat","embeddable":true,"href":"https:\/\/miamedic.lt\/en\/wp-json\/wp\/v2\/product_cat?post=13196"},{"taxonomy":"product_tag","embeddable":true,"href":"https:\/\/miamedic.lt\/en\/wp-json\/wp\/v2\/product_tag?post=13196"}],"curies":[{"name":"wp","href":"https:\/\/api.w.org\/{rel}","templated":true}]}}