{"id":13191,"date":"2026-02-20T16:45:19","date_gmt":"2026-02-20T16:45:19","guid":{"rendered":"https:\/\/miamedic.lt\/?post_type=product&#038;p=13191"},"modified":"2026-02-20T16:45:20","modified_gmt":"2026-02-20T16:45:20","slug":"balmain-hair-session-spray-medium","status":"publish","type":"product","link":"https:\/\/miamedic.lt\/en\/shop\/balmain-hair-session-spray-medium\/","title":{"rendered":"BALMAIN HAIR Session Spray Medium"},"content":{"rendered":"<p>Lengvas, vidutin\u0117s fiksacijos \u0161ukuosenos u\u017ebaigimo lakas leid\u017eia kurti nefiksuotas \u0161ukuosenas. Jis padeda i\u0161laikyti plauk\u0173 elastingum\u0105 ir judrum\u0105, kartu suteikdamas ilgalaik\u0119 fiksacij\u0105. Pur\u0161kiamas lakas yra atsparus dr\u0117gmei, lengvai i\u0161\u0161ukuojamas ir turi apsaug\u0105 nuo UV spinduli\u0173.<br \/>\n\u0160ilko proteinas ir argano aliejus palaiko optimal\u0173 dr\u0117gm\u0117s lyg\u012f plaukuose, atkuria ir apsaugo pa\u017eeistus, sausus ir silpnus plaukus nuo \u017ealingo aplinkos poveikio.<br \/>\n\u2013 Suteikia elasting\u0105 ir lanks\u010di\u0105 \u0161ukuosenos fiksacij\u0105<br \/>\n\u2013 Ilgai i\u0161liekanti fiksacija<br \/>\n\u2013 Sud\u0117tyje yra apsaugos nuo UV spinduli\u0173<\/p>\n<p><em><strong>Usage:<\/strong><\/em>\u00a0purk\u0161ti \u012f plaukus 15-20 cm atstumu.<\/p>\n<p><strong><em>Rekomenduojame:<\/em>\u00a0<\/strong>nor\u0117dami suteikti papildomos apimties, purk\u0161dami lak\u0105 ant plauk\u0173, palenk\u0119 galv\u0105 \u017eemyn, \u0161velniai purtykite galv\u0105, kad lakas tolygiai pasiskirstyt\u0173 tarp plauk\u0173 sluoksni\u0173. Arba galite atskirti plauk\u0173 dal\u012f ir purk\u0161ti lak\u0105 ant jos nuo \u0161akn\u0173 link plauk\u0173 galiuk\u0173. Prie\u0161 apipurk\u0161dami nauj\u0105 plauk\u0173 sruog\u0105, leiskite ankstesniajai kelet\u0105 akimirk\u0173 i\u0161d\u017ei\u016bti.<\/p>","protected":false},"excerpt":{"rendered":"<p>Plauk\u0173 lakas<\/p>","protected":false},"featured_media":13194,"comment_status":"open","ping_status":"closed","template":"","meta":[],"product_cat":[436],"product_tag":[],"class_list":{"0":"post-13191","1":"product","2":"type-product","3":"status-publish","4":"has-post-thumbnail","6":"product_cat-formavimo-priemones","7":"pa_brands-balmain-hair","8":"pa_talpa-300ml","9":"pa_talpa-75ml","11":"first","12":"instock","13":"taxable","14":"shipping-taxable","15":"purchasable","16":"product-type-variable"},"_links":{"self":[{"href":"https:\/\/miamedic.lt\/en\/wp-json\/wp\/v2\/product\/13191","targetHints":{"allow":["GET"]}}],"collection":[{"href":"https:\/\/miamedic.lt\/en\/wp-json\/wp\/v2\/product"}],"about":[{"href":"https:\/\/miamedic.lt\/en\/wp-json\/wp\/v2\/types\/product"}],"replies":[{"embeddable":true,"href":"https:\/\/miamedic.lt\/en\/wp-json\/wp\/v2\/comments?post=13191"}],"version-history":[{"count":1,"href":"https:\/\/miamedic.lt\/en\/wp-json\/wp\/v2\/product\/13191\/revisions"}],"predecessor-version":[{"id":13195,"href":"https:\/\/miamedic.lt\/en\/wp-json\/wp\/v2\/product\/13191\/revisions\/13195"}],"wp:featuredmedia":[{"embeddable":true,"href":"https:\/\/miamedic.lt\/en\/wp-json\/wp\/v2\/media\/13194"}],"wp:attachment":[{"href":"https:\/\/miamedic.lt\/en\/wp-json\/wp\/v2\/media?parent=13191"}],"wp:term":[{"taxonomy":"product_cat","embeddable":true,"href":"https:\/\/miamedic.lt\/en\/wp-json\/wp\/v2\/product_cat?post=13191"},{"taxonomy":"product_tag","embeddable":true,"href":"https:\/\/miamedic.lt\/en\/wp-json\/wp\/v2\/product_tag?post=13191"}],"curies":[{"name":"wp","href":"https:\/\/api.w.org\/{rel}","templated":true}]}}