{"id":13188,"date":"2026-02-20T16:40:16","date_gmt":"2026-02-20T16:40:16","guid":{"rendered":"https:\/\/miamedic.lt\/?post_type=product&#038;p=13188"},"modified":"2026-02-20T16:40:16","modified_gmt":"2026-02-20T16:40:16","slug":"balmain-hair-volume-mousse-strong","status":"publish","type":"product","link":"https:\/\/miamedic.lt\/en\/shop\/balmain-hair-volume-mousse-strong\/","title":{"rendered":"BALMAIN HAIR Volume Mousse Strong"},"content":{"rendered":"<p>Tvirtos, bet lanks\u010dios apimties suteikian\u010dios putos, kurios plaukus papu\u010dia, dr\u0117kina, apsaugo ir atkuria pa\u017eeistus plaukus. Sudedamosios dalys u\u017etikrina maksimali\u0105 apimt\u012f ir storesni\u0173 plauk\u0173 efekt\u0105, kartu suteikdamos ilgalaik\u0119 fiksacij\u0105. Lengva sud\u0117tis nepalieka nepageidaujam\u0173 liku\u010di\u0173 ant plauk\u0173.\u00a0<strong>Volume Mousse Strong<\/strong>\u00a0\u2013 idealus produktas, skirtas ploniems plaukams padidinti apimt\u012f ir suteikti \u0161ukuosenai lankstumo. Antistatinis. Praturtintas firmini\u0173 Balmain Hair kvepal\u0173 aromatu.<br \/>\n\u2013 Padidina plauk\u0173 apimt\u012f<br \/>\n\u2013 Dr\u0117kina ir atkuria pa\u017eeistus plaukus<br \/>\n\u2013 Universali \u0161ukuosenos u\u017ebaigimo priemon\u0117<\/p>\n<p><strong><em>Naudojimas<\/em>:<\/strong>\u00a0nor\u0117dami suteikti plaukams tvirtos apimties, nedidel\u012f put\u0173 kiek\u012f u\u017etepkite ant delno, tada tolygiai paskirstykite ant dr\u0117gn\u0173 plauk\u0173 ir i\u0161d\u017eiovinkite.<\/p>\n<p><strong><em>Rekomenduojame:<\/em><\/strong>\u00a0nor\u0117dami suteikti plauk\u0173 galiukams daugiau apimties, u\u017etepkite put\u0173 ant delno ir \u012fmasa\u017euokite jas \u012f plaukus. Leiskite i\u0161d\u017ei\u016bti.<\/p>","protected":false},"excerpt":{"rendered":"<p>Plauk\u0173 putos<\/p>","protected":false},"featured_media":13189,"comment_status":"open","ping_status":"closed","template":"","meta":[],"product_cat":[436],"product_tag":[],"class_list":{"0":"post-13188","1":"product","2":"type-product","3":"status-publish","4":"has-post-thumbnail","6":"product_cat-formavimo-priemones","7":"pa_brands-balmain-hair","8":"pa_talpa-300ml","10":"first","11":"instock","12":"taxable","13":"shipping-taxable","14":"purchasable","15":"product-type-simple"},"_links":{"self":[{"href":"https:\/\/miamedic.lt\/en\/wp-json\/wp\/v2\/product\/13188","targetHints":{"allow":["GET"]}}],"collection":[{"href":"https:\/\/miamedic.lt\/en\/wp-json\/wp\/v2\/product"}],"about":[{"href":"https:\/\/miamedic.lt\/en\/wp-json\/wp\/v2\/types\/product"}],"replies":[{"embeddable":true,"href":"https:\/\/miamedic.lt\/en\/wp-json\/wp\/v2\/comments?post=13188"}],"version-history":[{"count":1,"href":"https:\/\/miamedic.lt\/en\/wp-json\/wp\/v2\/product\/13188\/revisions"}],"predecessor-version":[{"id":13190,"href":"https:\/\/miamedic.lt\/en\/wp-json\/wp\/v2\/product\/13188\/revisions\/13190"}],"wp:featuredmedia":[{"embeddable":true,"href":"https:\/\/miamedic.lt\/en\/wp-json\/wp\/v2\/media\/13189"}],"wp:attachment":[{"href":"https:\/\/miamedic.lt\/en\/wp-json\/wp\/v2\/media?parent=13188"}],"wp:term":[{"taxonomy":"product_cat","embeddable":true,"href":"https:\/\/miamedic.lt\/en\/wp-json\/wp\/v2\/product_cat?post=13188"},{"taxonomy":"product_tag","embeddable":true,"href":"https:\/\/miamedic.lt\/en\/wp-json\/wp\/v2\/product_tag?post=13188"}],"curies":[{"name":"wp","href":"https:\/\/api.w.org\/{rel}","templated":true}]}}