{"id":13185,"date":"2026-02-20T16:38:25","date_gmt":"2026-02-20T16:38:25","guid":{"rendered":"https:\/\/miamedic.lt\/?post_type=product&#038;p=13185"},"modified":"2026-02-20T16:38:25","modified_gmt":"2026-02-20T16:38:25","slug":"balmain-hair-matt-clay-strong","status":"publish","type":"product","link":"https:\/\/miamedic.lt\/en\/shop\/balmain-hair-matt-clay-strong\/","title":{"rendered":"BALMAIN HAIR Matt Clay Strong"},"content":{"rendered":"<p>Matinis plauk\u0173 stilizavimo molis rankose virsta modeliavimo kremu, padedan\u010diu suma\u017einti garbanojim\u0105si, suteikti stipri\u0105 fiksacij\u0105 ir nat\u016bral\u0173 matin\u012f pavir\u0161i\u0173. Jis su\u0161velnina \u0161iurk\u0161\u010dius plaukus ir padeda sutramdyti net sunkiai valdomus plaukus. Suteikia maksimali\u0105 tekst\u016br\u0105 ir suvaldo nevaldomas garban\u0117les. \u0160ilko baltymai ir argano aliejus palaiko optimal\u0173 dr\u0117gm\u0117s lyg\u012f plaukuose, atkuria ir apsaugo pa\u017eeistus, sausus ir silpnus plaukus nuo \u017ealingo aplinkos poveikio. Balmain Hair firmini\u0173 kvepal\u0173 kvapo. Tinka ir vyrams, ir moterims!<\/p>\n<p><em><strong>Usage:<\/strong>\u00a0<\/em>patrinkite produkt\u0105 tarp deln\u0173 ir tepkite ant saus\u0173 arba dr\u0117gn\u0173 plauk\u0173. Stilizuokite plaukus pagal pageidavim\u0105.<\/p>\n<p><em><strong>Rekomenduojame:<\/strong><\/em>\u00a0naudokite kartu su\u00a0<a href=\"https:\/\/balmainhair.lt\/produktas\/balmain-hair-plauku-lakas-session-spray-strong-300ml\/\"><strong>Session Spray Strong<\/strong>\u00a0<\/a>pur\u0161kiam\u0105ja priemone, kad \u0161ukuosena laikyt\u0173si itin stipriai.<\/p>","protected":false},"excerpt":{"rendered":"<p>Plauk\u0173 formavimo molis<\/p>","protected":false},"featured_media":13186,"comment_status":"open","ping_status":"closed","template":"","meta":[],"product_cat":[436],"product_tag":[],"class_list":{"0":"post-13185","1":"product","2":"type-product","3":"status-publish","4":"has-post-thumbnail","6":"product_cat-formavimo-priemones","7":"pa_brands-balmain-hair","8":"pa_talpa-100ml","10":"first","11":"instock","12":"taxable","13":"shipping-taxable","14":"purchasable","15":"product-type-simple"},"_links":{"self":[{"href":"https:\/\/miamedic.lt\/en\/wp-json\/wp\/v2\/product\/13185","targetHints":{"allow":["GET"]}}],"collection":[{"href":"https:\/\/miamedic.lt\/en\/wp-json\/wp\/v2\/product"}],"about":[{"href":"https:\/\/miamedic.lt\/en\/wp-json\/wp\/v2\/types\/product"}],"replies":[{"embeddable":true,"href":"https:\/\/miamedic.lt\/en\/wp-json\/wp\/v2\/comments?post=13185"}],"version-history":[{"count":1,"href":"https:\/\/miamedic.lt\/en\/wp-json\/wp\/v2\/product\/13185\/revisions"}],"predecessor-version":[{"id":13187,"href":"https:\/\/miamedic.lt\/en\/wp-json\/wp\/v2\/product\/13185\/revisions\/13187"}],"wp:featuredmedia":[{"embeddable":true,"href":"https:\/\/miamedic.lt\/en\/wp-json\/wp\/v2\/media\/13186"}],"wp:attachment":[{"href":"https:\/\/miamedic.lt\/en\/wp-json\/wp\/v2\/media?parent=13185"}],"wp:term":[{"taxonomy":"product_cat","embeddable":true,"href":"https:\/\/miamedic.lt\/en\/wp-json\/wp\/v2\/product_cat?post=13185"},{"taxonomy":"product_tag","embeddable":true,"href":"https:\/\/miamedic.lt\/en\/wp-json\/wp\/v2\/product_tag?post=13185"}],"curies":[{"name":"wp","href":"https:\/\/api.w.org\/{rel}","templated":true}]}}