{"id":13182,"date":"2026-02-20T16:33:03","date_gmt":"2026-02-20T16:33:03","guid":{"rendered":"https:\/\/miamedic.lt\/?post_type=product&#038;p=13182"},"modified":"2026-02-20T16:34:32","modified_gmt":"2026-02-20T16:34:32","slug":"balmain-hair-matt-paste","status":"publish","type":"product","link":"https:\/\/miamedic.lt\/en\/shop\/balmain-hair-matt-paste\/","title":{"rendered":"BALMAIN HAIR Matt Paste"},"content":{"rendered":"<p>Pasta su matiniu efektu \u2013 nepakei\u010diamas pagalbininkas kuriant ir formuojant bet koki\u0105 \u0161ukuosen\u0105!<br \/>\n\u0160ilkin\u0117s ir elastingos tekst\u016bros, padeda sukurti \u012fvairias lanks\u010dias \u0161ukuosenas ir stilius. Produktas lengvai nuplaunamas vandeniu. U\u017etikrina nat\u016bralius rezultatus. \u0160ilko baltymai ir argano aliejus palaiko optimal\u0173 dr\u0117gm\u0117s balans\u0105 \u2013 atkuria ir apsaugo pa\u017eeistus, sausus ir silpnus plaukus nuo \u017ealingo aplinkos poveikio. Balmain Hair firmini\u0173 kvepal\u0173 kvapo. Tinka naudoti tiek vyrams, tiek moterims.<\/p>\n<p><em><strong>Usage:<\/strong><\/em>\u00a0patrinkite produkt\u0105 tarp deln\u0173 ir tepkite ant saus\u0173 arba dr\u0117gn\u0173 plauk\u0173. Stilizuokite plaukus pagal pageidavim\u0105.<\/p>","protected":false},"excerpt":{"rendered":"<p>Plauk\u0173 formavimo pasta<\/p>","protected":false},"featured_media":13183,"comment_status":"open","ping_status":"closed","template":"","meta":[],"product_cat":[436],"product_tag":[],"class_list":{"0":"post-13182","1":"product","2":"type-product","3":"status-publish","4":"has-post-thumbnail","6":"product_cat-formavimo-priemones","7":"pa_brands-balmain-hair","8":"pa_talpa-100ml","10":"first","11":"instock","12":"taxable","13":"shipping-taxable","14":"purchasable","15":"product-type-simple"},"_links":{"self":[{"href":"https:\/\/miamedic.lt\/en\/wp-json\/wp\/v2\/product\/13182","targetHints":{"allow":["GET"]}}],"collection":[{"href":"https:\/\/miamedic.lt\/en\/wp-json\/wp\/v2\/product"}],"about":[{"href":"https:\/\/miamedic.lt\/en\/wp-json\/wp\/v2\/types\/product"}],"replies":[{"embeddable":true,"href":"https:\/\/miamedic.lt\/en\/wp-json\/wp\/v2\/comments?post=13182"}],"version-history":[{"count":1,"href":"https:\/\/miamedic.lt\/en\/wp-json\/wp\/v2\/product\/13182\/revisions"}],"predecessor-version":[{"id":13184,"href":"https:\/\/miamedic.lt\/en\/wp-json\/wp\/v2\/product\/13182\/revisions\/13184"}],"wp:featuredmedia":[{"embeddable":true,"href":"https:\/\/miamedic.lt\/en\/wp-json\/wp\/v2\/media\/13183"}],"wp:attachment":[{"href":"https:\/\/miamedic.lt\/en\/wp-json\/wp\/v2\/media?parent=13182"}],"wp:term":[{"taxonomy":"product_cat","embeddable":true,"href":"https:\/\/miamedic.lt\/en\/wp-json\/wp\/v2\/product_cat?post=13182"},{"taxonomy":"product_tag","embeddable":true,"href":"https:\/\/miamedic.lt\/en\/wp-json\/wp\/v2\/product_tag?post=13182"}],"curies":[{"name":"wp","href":"https:\/\/api.w.org\/{rel}","templated":true}]}}