{"id":13179,"date":"2026-02-20T16:31:03","date_gmt":"2026-02-20T16:31:03","guid":{"rendered":"https:\/\/miamedic.lt\/?post_type=product&#038;p=13179"},"modified":"2026-02-20T16:31:03","modified_gmt":"2026-02-20T16:31:03","slug":"balmain-hair-styling-gel-strong","status":"publish","type":"product","link":"https:\/\/miamedic.lt\/en\/shop\/balmain-hair-styling-gel-strong\/","title":{"rendered":"BALMAIN HAIR Styling Gel Strong"},"content":{"rendered":"<p>Lengvas ir ilgai i\u0161liekantis auk\u0161tosios mados podium\u0173 \u012fkv\u0117pto dr\u0117gn\u0173 arba saus\u0173 plauk\u0173 \u012fvaizd\u017eio formavimas. Lengva nuplauti vandeniu. \u0160ilko proteinai ir argano aliejus stimuliuoja plaukus, palaiko optimali\u0105 dr\u0117gm\u0117s pusiausvyr\u0105, atkuria ir apsaugo pa\u017eeistus, sausus ir silpnus plaukus, saugo juos nuo \u017ealingo aplinkos poveikio.<br \/>\nPlaukams formuoti skirtas stipriai fiksuojantis gelis. Naudoti ant rank\u0161luos\u010diu nusausint\u0173 plauk\u0173, kai norima sukurti tobul\u0105 glotni\u0173 plauk\u0173 \u012fvaizd\u012f.<\/p>\n<p><em><strong>Usage:<\/strong><\/em>\u00a0u\u017etepkite nedidel\u012f kiek\u012f\u00a0 gelio ant pir\u0161t\u0173 galiuk\u0173 formuokite plaukus.<\/p>","protected":false},"excerpt":{"rendered":"<p>Plauk\u0173 formavimo gelis<\/p>","protected":false},"featured_media":13180,"comment_status":"open","ping_status":"closed","template":"","meta":[],"product_cat":[436],"product_tag":[],"class_list":{"0":"post-13179","1":"product","2":"type-product","3":"status-publish","4":"has-post-thumbnail","6":"product_cat-formavimo-priemones","7":"pa_brands-balmain-hair","8":"pa_talpa-100ml","10":"first","11":"instock","12":"taxable","13":"shipping-taxable","14":"purchasable","15":"product-type-simple"},"_links":{"self":[{"href":"https:\/\/miamedic.lt\/en\/wp-json\/wp\/v2\/product\/13179","targetHints":{"allow":["GET"]}}],"collection":[{"href":"https:\/\/miamedic.lt\/en\/wp-json\/wp\/v2\/product"}],"about":[{"href":"https:\/\/miamedic.lt\/en\/wp-json\/wp\/v2\/types\/product"}],"replies":[{"embeddable":true,"href":"https:\/\/miamedic.lt\/en\/wp-json\/wp\/v2\/comments?post=13179"}],"version-history":[{"count":1,"href":"https:\/\/miamedic.lt\/en\/wp-json\/wp\/v2\/product\/13179\/revisions"}],"predecessor-version":[{"id":13181,"href":"https:\/\/miamedic.lt\/en\/wp-json\/wp\/v2\/product\/13179\/revisions\/13181"}],"wp:featuredmedia":[{"embeddable":true,"href":"https:\/\/miamedic.lt\/en\/wp-json\/wp\/v2\/media\/13180"}],"wp:attachment":[{"href":"https:\/\/miamedic.lt\/en\/wp-json\/wp\/v2\/media?parent=13179"}],"wp:term":[{"taxonomy":"product_cat","embeddable":true,"href":"https:\/\/miamedic.lt\/en\/wp-json\/wp\/v2\/product_cat?post=13179"},{"taxonomy":"product_tag","embeddable":true,"href":"https:\/\/miamedic.lt\/en\/wp-json\/wp\/v2\/product_tag?post=13179"}],"curies":[{"name":"wp","href":"https:\/\/api.w.org\/{rel}","templated":true}]}}