{"id":13176,"date":"2026-02-20T16:28:25","date_gmt":"2026-02-20T16:28:25","guid":{"rendered":"https:\/\/miamedic.lt\/?post_type=product&#038;p=13176"},"modified":"2026-02-20T16:28:26","modified_gmt":"2026-02-20T16:28:26","slug":"balmain-hair-styling-gel-maximum-hold","status":"publish","type":"product","link":"https:\/\/miamedic.lt\/en\/shop\/balmain-hair-styling-gel-maximum-hold\/","title":{"rendered":"BALMAIN HAIR Styling Gel Maximum Hold"},"content":{"rendered":"<p><strong>Balmain Hair Styling Gel Maximum Hold<\/strong>\u00a0yra skaidrios, nelipnios tekst\u016bros gelis, idealiai tinkantis \u0161ukuosenoms, kurioms reikia ilgalaik\u0117s fiksacijos. Lengvai formuoja tiek dr\u0117gnus, tiek sausus plaukus. Padidina blizges\u012f ir dr\u0117kina kiekvien\u0105 plauk\u0105. D\u0117l vandens pagrindo sud\u0117ties produkt\u0105 lengva i\u0161plauti. Ideali sud\u0117tis \u012fsp\u016bdingai podium\u0173 \u012fkv\u0117ptai \u0161ukuosenai sukurti. Tinka trump\u0173 ir vidutinio ilgio plauk\u0173 \u0161ukuosenoms, taip pat puikiai tinka sruogoms sutramdyti, ri\u0161ant uodeg\u0105. Lengvas stilizavimo gelis sukuria \u0161var\u0173 \u012fvaizd\u012f ir patvari\u0105 \u0161ukuosen\u0105. Argano eliksyras ir \u0161ilko proteinas atkuria sausus ir pa\u017eeistus plaukus.<\/p>\n<p>\u2013 Ilgalaikis patvarumas<br \/>\n\u2013 Tinka sausiems plaukams, taip pat \u0161lapio efekto \u0161ukuosenoms<br \/>\n\u2013 Net\u0105sus<\/p>\n<p><em><strong>Usage:<\/strong><\/em>\u00a0ant pir\u0161t\u0173 galiuk\u0173 u\u017etepkite nedidel\u012f modeliuojan\u010dio gelio kiek\u012f, tada formuokite norim\u0105 stili\u0173.<\/p>","protected":false},"excerpt":{"rendered":"<p>Plauk\u0173 formavimo gelis<\/p>","protected":false},"featured_media":13177,"comment_status":"open","ping_status":"closed","template":"","meta":[],"product_cat":[436],"product_tag":[],"class_list":{"0":"post-13176","1":"product","2":"type-product","3":"status-publish","4":"has-post-thumbnail","6":"product_cat-formavimo-priemones","7":"pa_brands-balmain-hair","8":"pa_talpa-100ml","10":"first","11":"instock","12":"taxable","13":"shipping-taxable","14":"purchasable","15":"product-type-simple"},"_links":{"self":[{"href":"https:\/\/miamedic.lt\/en\/wp-json\/wp\/v2\/product\/13176","targetHints":{"allow":["GET"]}}],"collection":[{"href":"https:\/\/miamedic.lt\/en\/wp-json\/wp\/v2\/product"}],"about":[{"href":"https:\/\/miamedic.lt\/en\/wp-json\/wp\/v2\/types\/product"}],"replies":[{"embeddable":true,"href":"https:\/\/miamedic.lt\/en\/wp-json\/wp\/v2\/comments?post=13176"}],"version-history":[{"count":1,"href":"https:\/\/miamedic.lt\/en\/wp-json\/wp\/v2\/product\/13176\/revisions"}],"predecessor-version":[{"id":13178,"href":"https:\/\/miamedic.lt\/en\/wp-json\/wp\/v2\/product\/13176\/revisions\/13178"}],"wp:featuredmedia":[{"embeddable":true,"href":"https:\/\/miamedic.lt\/en\/wp-json\/wp\/v2\/media\/13177"}],"wp:attachment":[{"href":"https:\/\/miamedic.lt\/en\/wp-json\/wp\/v2\/media?parent=13176"}],"wp:term":[{"taxonomy":"product_cat","embeddable":true,"href":"https:\/\/miamedic.lt\/en\/wp-json\/wp\/v2\/product_cat?post=13176"},{"taxonomy":"product_tag","embeddable":true,"href":"https:\/\/miamedic.lt\/en\/wp-json\/wp\/v2\/product_tag?post=13176"}],"curies":[{"name":"wp","href":"https:\/\/api.w.org\/{rel}","templated":true}]}}