{"id":13166,"date":"2026-02-20T16:14:38","date_gmt":"2026-02-20T16:14:38","guid":{"rendered":"https:\/\/miamedic.lt\/?post_type=product&#038;p=13166"},"modified":"2026-02-20T16:14:38","modified_gmt":"2026-02-20T16:14:38","slug":"balmain-hair-texturizing-volume-spray","status":"publish","type":"product","link":"https:\/\/miamedic.lt\/en\/shop\/balmain-hair-texturizing-volume-spray\/","title":{"rendered":"BALMAIN HAIR Texturizing Volume Spray"},"content":{"rendered":"<p><strong>Texturizing Volume Spray<\/strong>\u00a0\u2013 tai universalus apimties suteikiantis pur\u0161kiklis, kuris suteikia plaukams ir \u0161ukuosenai apimties, tekst\u016bros ir strukt\u016bros, idealiai tinka pakelti plauk\u0173 \u0161aknis. \u0160ilko baltymai ir argano aliejus skatina dr\u0117gm\u0117s balans\u0105 ir u\u017etikrina optimal\u0173 dr\u0117gm\u0117s i\u0161laikym\u0105. \u0160ie ingredientai apsaugo pa\u017eeistus, sausus ir silpnus plaukus nuo i\u0161orin\u0117s \u017ealos. Priemon\u0117 praturtinta firminiu\u00a0<strong>Balmain Hair<\/strong>\u00a0kvapu.<br \/>\n\u2013 Rezultatas yra greitas ir ilgalaikis.<br \/>\n\u2013 Suteikia \u0161ukuosenai stipri\u0105 fiksacij\u0105.<br \/>\n\u2013 Tinka naudoti kasdien.<\/p>\n<p><strong>Usage:<\/strong>\u00a0Prie\u0161 naudojim\u0105 buteliuk\u0105 suplakite. Gerai suplakite. 15-20 cm atstumu purk\u0161kite \u012f sausus arba dr\u0117gnus plaukus, ypa\u010d prie \u0161akn\u0173, ir formuokite \u0161ukuosen\u0105.<\/p>","protected":false},"excerpt":{"rendered":"<p>Priemon\u0117 apim\u010diai suteikti<\/p>","protected":false},"featured_media":13169,"comment_status":"open","ping_status":"closed","template":"","meta":[],"product_cat":[273],"product_tag":[],"class_list":{"0":"post-13166","1":"product","2":"type-product","3":"status-publish","4":"has-post-thumbnail","6":"product_cat-purskikliai-plaukams","7":"pa_brands-balmain-hair","8":"pa_talpa-200ml","9":"pa_talpa-75ml","11":"first","12":"instock","13":"taxable","14":"shipping-taxable","15":"purchasable","16":"product-type-variable"},"_links":{"self":[{"href":"https:\/\/miamedic.lt\/en\/wp-json\/wp\/v2\/product\/13166","targetHints":{"allow":["GET"]}}],"collection":[{"href":"https:\/\/miamedic.lt\/en\/wp-json\/wp\/v2\/product"}],"about":[{"href":"https:\/\/miamedic.lt\/en\/wp-json\/wp\/v2\/types\/product"}],"replies":[{"embeddable":true,"href":"https:\/\/miamedic.lt\/en\/wp-json\/wp\/v2\/comments?post=13166"}],"version-history":[{"count":1,"href":"https:\/\/miamedic.lt\/en\/wp-json\/wp\/v2\/product\/13166\/revisions"}],"predecessor-version":[{"id":13170,"href":"https:\/\/miamedic.lt\/en\/wp-json\/wp\/v2\/product\/13166\/revisions\/13170"}],"wp:featuredmedia":[{"embeddable":true,"href":"https:\/\/miamedic.lt\/en\/wp-json\/wp\/v2\/media\/13169"}],"wp:attachment":[{"href":"https:\/\/miamedic.lt\/en\/wp-json\/wp\/v2\/media?parent=13166"}],"wp:term":[{"taxonomy":"product_cat","embeddable":true,"href":"https:\/\/miamedic.lt\/en\/wp-json\/wp\/v2\/product_cat?post=13166"},{"taxonomy":"product_tag","embeddable":true,"href":"https:\/\/miamedic.lt\/en\/wp-json\/wp\/v2\/product_tag?post=13166"}],"curies":[{"name":"wp","href":"https:\/\/api.w.org\/{rel}","templated":true}]}}