{"id":13163,"date":"2026-02-20T16:11:01","date_gmt":"2026-02-20T16:11:01","guid":{"rendered":"https:\/\/miamedic.lt\/?post_type=product&#038;p=13163"},"modified":"2026-02-20T16:11:01","modified_gmt":"2026-02-20T16:11:01","slug":"balmain-hair-styling-line-cosmetic-bag","status":"publish","type":"product","link":"https:\/\/miamedic.lt\/en\/shop\/balmain-hair-styling-line-cosmetic-bag\/","title":{"rendered":"BALMAIN HAIR Styling Line Cosmetic Bag"},"content":{"rendered":"<p>Kelion\u0117s k\u0105 tik pasiek\u0117 nauj\u0105 stiling\u0105 lyg\u012f!<br \/>\nNustokite pasikliauti vie\u0161bu\u010di\u0173 plauk\u0173 prie\u017ei\u016bros priemon\u0117mis \u2013 dabar galite pasiimti tobul\u0105 kelioninio dyd\u017eio\u00a0<strong>Hair Silk Perfume<\/strong>\u00a0ir\u00a0<strong>Texturising<\/strong>\u00a0<strong>Salt Spray<\/strong>\u00a0bei\u00a0<strong>Argan Moisturising Elixir<\/strong>\u00a0derin\u012f. J\u016bs\u0173 plaukai neturi pasiilgti lepinan\u010di\u0173 auk\u0161tos kokyb\u0117s prie\u017ei\u016bros produkt\u0173\u00a0 keliaujant!<\/p>\n<p><strong>Rinkin\u012f sudaro:<br \/>\n<\/strong>\u2013 Silk Perfume, 50ml<br \/>\n\u2013 Salt Spray, 50ml<br \/>\n\u2013 Argan Elixir, 20ml<\/p>\n<p><strong>Silk Perfume 50 ml<br \/>\n<\/strong>Dulksna\u00a0<strong>Silk Perfume<\/strong>\u00a0gali b\u016bti naudojama kaip nenuplaunamas kondicionierius, kuris neleid\u017eia plaukams veltis ir suteikia nepakartojamo spindesio. \u0160ilko proteinai ir argan\u0173 aliejus palaiko optimal\u0173 dr\u0117gm\u0117s lyg\u012f plaukuose, patobulina ir apsaugo pa\u017eeistus, sausus ir silpnus plaukus ir saugo juos nuo \u017ealingo aplinkos poveikio.<\/p>\n<p><strong>Texturizing Salt Spray 50ml<br \/>\n<\/strong>Prisotintas j\u016bros druskos,\u00a0<strong>Texturising Salt Spray<\/strong>\u00a0suteikia plaukams lankstumo, apimties, atsparus dr\u0117gmei. \u0160io produkto d\u0117ka sukursite romanti\u0161k\u0105, \u201enetvarking\u0173\u201d plauk\u0173 \u012fvaizd\u012f. \u0160ilko proteinai ir argano aliejus u\u017etikrina optimal\u0173 plauk\u0173 dr\u0117gm\u0117s lyg\u012f, maitina ir apsaugo plaukus nuo pa\u017eeidimo, i\u0161saus\u0117jimo ir neigiamo aplinkos poveikio.<\/p>\n<p><strong>Argan Elixir 20 ml<br \/>\n<\/strong>Dr\u0117kinamasis argano aliejaus eliksyras. Keletas mililitr\u0173 dr\u0117kinamojo aliejaus\u00a0<strong>Argan Moisturizing Elixir<\/strong>\u00a0pravers prie\u0161 plauk\u0173 plovim\u0105. Plaukai sugers aliej\u0173 ir tai juos apsaugos nuo v\u0117limosi plaunant ir v\u0117liau. Priemon\u0117 sutrumpins plauk\u0173 d\u017eiovinimo laik\u0105.<\/p>","protected":false},"excerpt":{"rendered":"<p>Kelionin\u0117s priemon\u0117s odin\u0117je kosmetin\u0117je<\/p>","protected":false},"featured_media":13164,"comment_status":"open","ping_status":"closed","template":"","meta":[],"product_cat":[434,246,271,273,188],"product_tag":[],"class_list":{"0":"post-13163","1":"product","2":"type-product","3":"status-publish","4":"has-post-thumbnail","6":"product_cat-kvepalai-plaukams","7":"product_cat-plauku-aliejai","8":"product_cat-plauku-serumai","9":"product_cat-purskikliai-plaukams","10":"product_cat-rinkiniai","11":"pa_brands-balmain-hair","13":"first","14":"instock","15":"taxable","16":"shipping-taxable","17":"purchasable","18":"product-type-simple"},"_links":{"self":[{"href":"https:\/\/miamedic.lt\/en\/wp-json\/wp\/v2\/product\/13163","targetHints":{"allow":["GET"]}}],"collection":[{"href":"https:\/\/miamedic.lt\/en\/wp-json\/wp\/v2\/product"}],"about":[{"href":"https:\/\/miamedic.lt\/en\/wp-json\/wp\/v2\/types\/product"}],"replies":[{"embeddable":true,"href":"https:\/\/miamedic.lt\/en\/wp-json\/wp\/v2\/comments?post=13163"}],"version-history":[{"count":1,"href":"https:\/\/miamedic.lt\/en\/wp-json\/wp\/v2\/product\/13163\/revisions"}],"predecessor-version":[{"id":13165,"href":"https:\/\/miamedic.lt\/en\/wp-json\/wp\/v2\/product\/13163\/revisions\/13165"}],"wp:featuredmedia":[{"embeddable":true,"href":"https:\/\/miamedic.lt\/en\/wp-json\/wp\/v2\/media\/13164"}],"wp:attachment":[{"href":"https:\/\/miamedic.lt\/en\/wp-json\/wp\/v2\/media?parent=13163"}],"wp:term":[{"taxonomy":"product_cat","embeddable":true,"href":"https:\/\/miamedic.lt\/en\/wp-json\/wp\/v2\/product_cat?post=13163"},{"taxonomy":"product_tag","embeddable":true,"href":"https:\/\/miamedic.lt\/en\/wp-json\/wp\/v2\/product_tag?post=13163"}],"curies":[{"name":"wp","href":"https:\/\/api.w.org\/{rel}","templated":true}]}}