{"id":13160,"date":"2026-02-20T16:07:21","date_gmt":"2026-02-20T16:07:21","guid":{"rendered":"https:\/\/miamedic.lt\/?post_type=product&#038;p=13160"},"modified":"2026-02-20T16:07:21","modified_gmt":"2026-02-20T16:07:21","slug":"balmain-hair-care-line-cosmetic-bag","status":"publish","type":"product","link":"https:\/\/miamedic.lt\/en\/shop\/balmain-hair-care-line-cosmetic-bag\/","title":{"rendered":"BALMAIN HAIR Care Line Cosmetic Bag"},"content":{"rendered":"<p><strong>Rinkin\u012f sudaro:<br \/>\n<\/strong>\u2013 Leave-In Spray, 50ml<br \/>\n\u2013 Moisturizing Shampoo, 50ml<br \/>\n\u2013 Moisturizing Conditioner, 50ml<\/p>\n<p><strong>Leave- In Spray, 50ml<\/strong><br \/>\nLengvas kondicionierius be paraben\u0173 ir sulfat\u0173. Tai maitinantis kondicionierius, kuris plaukams suteikia apimties.\u00a0Maitina plaukus bei galvos od\u0105, \u0161velnina plauk\u0173 kutikules, saugo nuo UV spinduli\u0173.<br \/>\nPuikiai tinka vis\u0173 tip\u0173 plaukams. Dienos b\u0117gyje suteikia plaukams apimties, maitina ir suteikia papildom\u0105 plauk\u0173 prie\u017ei\u016br\u0105. Plaukai i\u0161lieka \u0161vytintys, paklusn\u016bs ir lankst\u016bs.<\/p>\n<p><strong>Moisturizing Shampoo, 50ml<br \/>\n<\/strong>Giliai maitinatis \u0161amp\u016bnas papildytas nat\u016braliu argano aliejumi. Puikiai tinka chemi\u0161kai paveiktiems ir da\u017eytiems plaukams. Plaukai tampa stipr\u016bs, spindintys ir paklusn\u016bs.<\/p>\n<p><strong>Moisturizing Conditioner, 50 ml<br \/>\n<\/strong>Atkuria, stiprina ir saugo plaukus, j\u0173 spalv\u0105. Turi nuo termo ir UV spinduli\u0173 apsaugan\u010dius filtrus.<\/p>","protected":false},"excerpt":{"rendered":"<p>Kelionin\u0117s priemon\u0117s odin\u0117je kosmetin\u0117je<\/p>","protected":false},"featured_media":13161,"comment_status":"open","ping_status":"closed","template":"","meta":[],"product_cat":[251,188,195],"product_tag":[],"class_list":{"0":"post-13160","1":"product","2":"type-product","3":"status-publish","4":"has-post-thumbnail","6":"product_cat-plauku-kondicionieriai","7":"product_cat-rinkiniai","8":"product_cat-sampunai","9":"pa_brands-balmain-hair","11":"first","12":"instock","13":"taxable","14":"shipping-taxable","15":"purchasable","16":"product-type-simple"},"_links":{"self":[{"href":"https:\/\/miamedic.lt\/en\/wp-json\/wp\/v2\/product\/13160","targetHints":{"allow":["GET"]}}],"collection":[{"href":"https:\/\/miamedic.lt\/en\/wp-json\/wp\/v2\/product"}],"about":[{"href":"https:\/\/miamedic.lt\/en\/wp-json\/wp\/v2\/types\/product"}],"replies":[{"embeddable":true,"href":"https:\/\/miamedic.lt\/en\/wp-json\/wp\/v2\/comments?post=13160"}],"version-history":[{"count":1,"href":"https:\/\/miamedic.lt\/en\/wp-json\/wp\/v2\/product\/13160\/revisions"}],"predecessor-version":[{"id":13162,"href":"https:\/\/miamedic.lt\/en\/wp-json\/wp\/v2\/product\/13160\/revisions\/13162"}],"wp:featuredmedia":[{"embeddable":true,"href":"https:\/\/miamedic.lt\/en\/wp-json\/wp\/v2\/media\/13161"}],"wp:attachment":[{"href":"https:\/\/miamedic.lt\/en\/wp-json\/wp\/v2\/media?parent=13160"}],"wp:term":[{"taxonomy":"product_cat","embeddable":true,"href":"https:\/\/miamedic.lt\/en\/wp-json\/wp\/v2\/product_cat?post=13160"},{"taxonomy":"product_tag","embeddable":true,"href":"https:\/\/miamedic.lt\/en\/wp-json\/wp\/v2\/product_tag?post=13160"}],"curies":[{"name":"wp","href":"https:\/\/api.w.org\/{rel}","templated":true}]}}