{"id":13157,"date":"2026-02-20T16:04:45","date_gmt":"2026-02-20T16:04:45","guid":{"rendered":"https:\/\/miamedic.lt\/?post_type=product&#038;p=13157"},"modified":"2026-02-20T16:04:45","modified_gmt":"2026-02-20T16:04:45","slug":"balmain-hair-thermal-protection-spray","status":"publish","type":"product","link":"https:\/\/miamedic.lt\/en\/shop\/balmain-hair-thermal-protection-spray\/","title":{"rendered":"BALMAIN HAIR Thermal Protection Spray"},"content":{"rendered":"<p><strong>Balmain Hair<\/strong>\u00a0plauk\u0173 apsaugos nuo kar\u0161\u010dio pur\u0161kiklis apsaugo plaukus (iki 220\u00b0C) d\u017eiovinant, tiesinant ir garbanojant \u017enypl\u0117mis. Suma\u017eina tiek nat\u016brali\u0173, tiek da\u017eyt\u0173 plauk\u0173 l\u016b\u017ein\u0117jim\u0105.<br \/>\nApsauginis pur\u0161kiklis, paliekamas plaukuose, u\u017erakina dr\u0117gm\u0119, u\u017esandarina plauko kutikul\u0119, ma\u017eina susipainiojim\u0105 ir tarnauja kaip dr\u0117gm\u0117s barjeras.<br \/>\nPriemon\u0117 praturtinta provitaminu B5 ir \u0161ilko baltymais, kurie padeda geriau sulaikyti dr\u0117gm\u0119, padidina plauk\u0173 elastingum\u0105 ir lankstum\u0105, suteikia jiems tvirtumo ir apsaugos kasdienio terminio apdorojimo metu.<br \/>\nPlauk\u0173 susipainiojim\u0105 ma\u017einan\u010dios ir plauko kutikul\u0117s u\u017esandarinimo savyb\u0117s u\u017etikrina, kad tiesintuvas geriau slysta plaukais, tod\u0117l jie ypa\u010d blizga. Be paraben\u0173.<\/p>\n<p>\u2013 Apsauga nuo kar\u0161\u010dio iki 220\u00b0C<br \/>\n\u2013 Ma\u017eina plauk\u0173 susipainiojim\u0105 ir paslepia i\u0161si\u0161akojusius galiukus<br \/>\n\u2013 Lengva sud\u0117tis<\/p>\n<p><em><strong>Usage:<\/strong><\/em>\u00a0produkt\u0105 galima naudoti tiek ant dr\u0117gn\u0173, tiek ant saus\u0173 plauk\u0173. Kad pasiektum\u0117te optimali\u0173 rezultat\u0173, tepkite ant rank\u0161luos\u010diu nusausint\u0173 plauk\u0173 prie\u0161 d\u017eiovinim\u0105. Purk\u0161kite priemon\u0119 ant plauk\u0173 i\u0161 20 cm atstumo \u2013 taip u\u017etikrinsite tolygesn\u012f veikli\u0173j\u0173 med\u017eiag\u0173 pasiskirstym\u0105 plauk\u0173 pavir\u0161iuje. Plaukus i\u0161\u0161ukuokite \u0161ukomis su pla\u010diais dantukais, kad veiklioji med\u017eiaga pasiskirstyt\u0173 dar tolygiau. Naudokite tik keramini\u0173 ir titano plok\u0161teli\u0173\u00a0 tiesintuvus ir (arba) garbanojimo \u017enyples, pavyzd\u017eiui,\u00a0<strong>Balmain Hair Titanium Straightener<\/strong>\u00a0ir\u00a0<strong>Professional Ceramic Curling Iron<\/strong>, kurios u\u017etikrina tolyg\u0173 \u0161ilumos pasiskirstym\u0105 ir padeda sulaikyti dr\u0117gm\u0119 plaukuose.<\/p>","protected":false},"excerpt":{"rendered":"<p>Termin\u0117s apsaugos pur\u0161kiklis iki 220\u00b0C<\/p>","protected":false},"featured_media":13158,"comment_status":"open","ping_status":"closed","template":"","meta":[],"product_cat":[435],"product_tag":[],"class_list":{"0":"post-13157","1":"product","2":"type-product","3":"status-publish","4":"has-post-thumbnail","6":"product_cat-plauku-apsauga","7":"pa_brands-balmain-hair","8":"pa_talpa-200-ml","10":"first","11":"instock","12":"taxable","13":"shipping-taxable","14":"purchasable","15":"product-type-simple"},"_links":{"self":[{"href":"https:\/\/miamedic.lt\/en\/wp-json\/wp\/v2\/product\/13157","targetHints":{"allow":["GET"]}}],"collection":[{"href":"https:\/\/miamedic.lt\/en\/wp-json\/wp\/v2\/product"}],"about":[{"href":"https:\/\/miamedic.lt\/en\/wp-json\/wp\/v2\/types\/product"}],"replies":[{"embeddable":true,"href":"https:\/\/miamedic.lt\/en\/wp-json\/wp\/v2\/comments?post=13157"}],"version-history":[{"count":1,"href":"https:\/\/miamedic.lt\/en\/wp-json\/wp\/v2\/product\/13157\/revisions"}],"predecessor-version":[{"id":13159,"href":"https:\/\/miamedic.lt\/en\/wp-json\/wp\/v2\/product\/13157\/revisions\/13159"}],"wp:featuredmedia":[{"embeddable":true,"href":"https:\/\/miamedic.lt\/en\/wp-json\/wp\/v2\/media\/13158"}],"wp:attachment":[{"href":"https:\/\/miamedic.lt\/en\/wp-json\/wp\/v2\/media?parent=13157"}],"wp:term":[{"taxonomy":"product_cat","embeddable":true,"href":"https:\/\/miamedic.lt\/en\/wp-json\/wp\/v2\/product_cat?post=13157"},{"taxonomy":"product_tag","embeddable":true,"href":"https:\/\/miamedic.lt\/en\/wp-json\/wp\/v2\/product_tag?post=13157"}],"curies":[{"name":"wp","href":"https:\/\/api.w.org\/{rel}","templated":true}]}}