{"id":13152,"date":"2026-02-20T16:01:49","date_gmt":"2026-02-20T16:01:49","guid":{"rendered":"https:\/\/miamedic.lt\/?post_type=product&#038;p=13152"},"modified":"2026-02-20T16:01:49","modified_gmt":"2026-02-20T16:01:49","slug":"balmain-hair-sun-protection-spray","status":"publish","type":"product","link":"https:\/\/miamedic.lt\/en\/shop\/balmain-hair-sun-protection-spray\/","title":{"rendered":"BALMAIN HAIR Sun Protection Spray"},"content":{"rendered":"<div>Plauk\u0173 pur\u0161kiklis su apsauga nuo saul\u0117s.<\/div>\n<div>R\u016bpinkit\u0117s savo plaukais taip, kaip r\u016bpinat\u0117s savo oda. Apsaugokite plaukus nuo deginan\u010dio saul\u0117s poveikio naudodami apsaugos nuo saul\u0117s pur\u0161kikl\u012f.<\/div>\n<div>Apsauginis pur\u0161kiklis nuo saul\u0117s apsaugo plaukus nuo \u017ealingo UVA ir UVB spinduli\u0173, j\u016bros ir chloro poveikio. Padaro plaukus \u0161velnius ir gra\u017eiai \u017evilgan\u010dius.<\/div>\n<div><\/div>\n<div>Naudojimas: purk\u0161ti priemon\u0119 ant rank\u0161luos\u010diu nusausint\u0173 arba saus\u0173 plauk\u0173. Nenuplaukite.<\/div>\n<div><\/div>\n<div>Patarimas: prie\u0161 mieg\u0105 papur\u0161kite ir suri\u0161kite plaukus. Ryte pabusite su itin \u0161velniais, apsaugotais nuo UV spinduli\u0173, banguotais plaukais.<\/div>\n<div><\/div>\n<div>\u2022 UVA ir UVB apsauga vis\u0173 tip\u0173 plaukams<\/div>\n<div>\u2022 Apsaugo plaukus ir tuo pa\u010diu juos giliai dr\u0117kina<\/div>\n<div>\u2022 Apsaugo plauk\u0173 spalv\u0105 nuo blukimo<\/div>\n<div>\u2022 Apsaugo nuo l\u016b\u017ein\u0117jimo ir suteikia blizgesio<\/div>","protected":false},"excerpt":{"rendered":"<p>Apsaugos nuo saul\u0117s pur\u0161kiklis<\/p>","protected":false},"featured_media":13155,"comment_status":"open","ping_status":"closed","template":"","meta":[],"product_cat":[435],"product_tag":[],"class_list":{"0":"post-13152","1":"product","2":"type-product","3":"status-publish","4":"has-post-thumbnail","6":"product_cat-plauku-apsauga","7":"pa_brands-balmain-hair","8":"pa_talpa-200ml","9":"pa_talpa-50ml-2","11":"first","12":"instock","13":"taxable","14":"shipping-taxable","15":"purchasable","16":"product-type-variable"},"_links":{"self":[{"href":"https:\/\/miamedic.lt\/en\/wp-json\/wp\/v2\/product\/13152","targetHints":{"allow":["GET"]}}],"collection":[{"href":"https:\/\/miamedic.lt\/en\/wp-json\/wp\/v2\/product"}],"about":[{"href":"https:\/\/miamedic.lt\/en\/wp-json\/wp\/v2\/types\/product"}],"replies":[{"embeddable":true,"href":"https:\/\/miamedic.lt\/en\/wp-json\/wp\/v2\/comments?post=13152"}],"version-history":[{"count":1,"href":"https:\/\/miamedic.lt\/en\/wp-json\/wp\/v2\/product\/13152\/revisions"}],"predecessor-version":[{"id":13156,"href":"https:\/\/miamedic.lt\/en\/wp-json\/wp\/v2\/product\/13152\/revisions\/13156"}],"wp:featuredmedia":[{"embeddable":true,"href":"https:\/\/miamedic.lt\/en\/wp-json\/wp\/v2\/media\/13155"}],"wp:attachment":[{"href":"https:\/\/miamedic.lt\/en\/wp-json\/wp\/v2\/media?parent=13152"}],"wp:term":[{"taxonomy":"product_cat","embeddable":true,"href":"https:\/\/miamedic.lt\/en\/wp-json\/wp\/v2\/product_cat?post=13152"},{"taxonomy":"product_tag","embeddable":true,"href":"https:\/\/miamedic.lt\/en\/wp-json\/wp\/v2\/product_tag?post=13152"}],"curies":[{"name":"wp","href":"https:\/\/api.w.org\/{rel}","templated":true}]}}