{"id":13149,"date":"2026-02-20T15:56:02","date_gmt":"2026-02-20T15:56:02","guid":{"rendered":"https:\/\/miamedic.lt\/?post_type=product&#038;p=13149"},"modified":"2026-02-20T15:56:03","modified_gmt":"2026-02-20T15:56:03","slug":"balmain-hair-hair-perfume-1974-discovery-set","status":"publish","type":"product","link":"https:\/\/miamedic.lt\/en\/shop\/balmain-hair-hair-perfume-1974-discovery-set\/","title":{"rendered":"BALMAIN HAIR Hair Perfume 1974 Discovery Set"},"content":{"rendered":"<p>\u0160iame rinkinyje yra treji plauk\u0173 kvepalai po 15 ml: Cardamom 1974, Ginger 1974 ir Vetiver 1974. Sukurti i\u0161 auk\u0161\u010diausios kokyb\u0117s ingredient\u0173, \u0161ie unisex kvapai sustiprina nat\u016bral\u0173 j\u016bs\u0173 plauk\u0173 \u017eaves\u012f ir suteikia ilgalaik\u012f aromatin\u012f potyr\u012f. Puikiai tinkantys kelion\u0117ms, kvepalai suteikia unikal\u0173 ir \u017eav\u0173 kvap\u0105, kuris taip pat maitina ir saugo j\u016bs\u0173 plaukus.<\/p>\n<p>Plauk\u0173 kvepalai Cardamom 1974: stiprus aromatas su couture aura, rafinuotomis ro\u017e\u0117mis, pa\u010diuliais, kardamonu ir vanile bei gaiviomis vaisi\u0173 natomis, tokiomis kaip citrusiniai vaisiai ir juodieji serbentai. \u0160is unikalus mi\u0161inys suteikia \u0161ilt\u0105, sald\u0173 ir gaivinant\u012f kvap\u0105, sukuria kerint\u012f aromat\u0105.<br \/>\nPlauk\u0173 kvepalai Ginger 1974: \u0160is aromatas su a\u0161triomis, gurmani\u0161komis ir jausmingomis natomis palieka ilgalaik\u012f \u012fsp\u016bd\u012f, kad ir kur eitum\u0117te. Plauk\u0173 kvepal\u0173 sud\u0117tyje yra bergamot\u0117s, imbiero, mink\u0161tos odin\u0117s zom\u0161os, pu\u0161ies, \u0105\u017euolo saman\u0173 ir \u0161velnaus baltojo muskuso mi\u0161inio.<br \/>\nPlauk\u0173 kvepalai Vetiver 1974: gaiv\u016bs, \u0161vies\u016bs ir \u017eemi\u0161ki plauk\u0173 kvepalai su greipfrut\u0173, \u0161velni\u0173 g\u0117li\u0173, \u0161vie\u017ei\u0173 vetiverij\u0173, kedro ir maitinam\u0173j\u0173 balzam\u0173 mi\u0161iniu. Puikiai tinka tiems, kurie nori i\u0161siskirti pasitik\u0117jimu ir elegancija.<\/p>","protected":false},"excerpt":{"rendered":"<p>Kvepal\u0173 plaukams rinkns<\/p>","protected":false},"featured_media":13150,"comment_status":"open","ping_status":"closed","template":"","meta":[],"product_cat":[434],"product_tag":[],"class_list":{"0":"post-13149","1":"product","2":"type-product","3":"status-publish","4":"has-post-thumbnail","6":"product_cat-kvepalai-plaukams","7":"pa_brands-balmain-hair","9":"first","10":"instock","11":"taxable","12":"shipping-taxable","13":"purchasable","14":"product-type-simple"},"_links":{"self":[{"href":"https:\/\/miamedic.lt\/en\/wp-json\/wp\/v2\/product\/13149","targetHints":{"allow":["GET"]}}],"collection":[{"href":"https:\/\/miamedic.lt\/en\/wp-json\/wp\/v2\/product"}],"about":[{"href":"https:\/\/miamedic.lt\/en\/wp-json\/wp\/v2\/types\/product"}],"replies":[{"embeddable":true,"href":"https:\/\/miamedic.lt\/en\/wp-json\/wp\/v2\/comments?post=13149"}],"version-history":[{"count":1,"href":"https:\/\/miamedic.lt\/en\/wp-json\/wp\/v2\/product\/13149\/revisions"}],"predecessor-version":[{"id":13151,"href":"https:\/\/miamedic.lt\/en\/wp-json\/wp\/v2\/product\/13149\/revisions\/13151"}],"wp:featuredmedia":[{"embeddable":true,"href":"https:\/\/miamedic.lt\/en\/wp-json\/wp\/v2\/media\/13150"}],"wp:attachment":[{"href":"https:\/\/miamedic.lt\/en\/wp-json\/wp\/v2\/media?parent=13149"}],"wp:term":[{"taxonomy":"product_cat","embeddable":true,"href":"https:\/\/miamedic.lt\/en\/wp-json\/wp\/v2\/product_cat?post=13149"},{"taxonomy":"product_tag","embeddable":true,"href":"https:\/\/miamedic.lt\/en\/wp-json\/wp\/v2\/product_tag?post=13149"}],"curies":[{"name":"wp","href":"https:\/\/api.w.org\/{rel}","templated":true}]}}