{"id":13141,"date":"2026-02-20T15:53:30","date_gmt":"2026-02-20T15:53:30","guid":{"rendered":"https:\/\/miamedic.lt\/?post_type=product&#038;p=13141"},"modified":"2026-02-20T15:53:31","modified_gmt":"2026-02-20T15:53:31","slug":"balmain-hair-couleurs-couture-care-set","status":"publish","type":"product","link":"https:\/\/miamedic.lt\/en\/shop\/balmain-hair-couleurs-couture-care-set\/","title":{"rendered":"BALMAIN HAIR Couleurs Couture Care Set"},"content":{"rendered":"<p>Colour Care Collection turi pa\u017eangi\u0105 formul\u0119, kuri atkuria nat\u016bral\u0173 plauk\u0173 balans\u0105 ir idealiai tinka da\u017eytiems, pa\u017eeistiems ir per daug apdorotiems plaukams. Turtingas \u0161ios formul\u0117s derinys giliai stiprina ir dr\u0117kina plaukus. Praturtintas unikaliu argano eliksyro, \u0161ilko, ka\u0161myro baltym\u0173 ir kvinojos s\u0117kl\u0173 aliejaus mi\u0161iniu, kad plaukai b\u016bt\u0173 \u0161veln\u016bs, \u017evilgantys ir atkurti.<br \/>\nViena i\u0161 m\u016bs\u0173 geriausiai parduodam\u0173 prie\u017ei\u016bros linij\u0173 dabar yra prie\u017ei\u016bros rinkinyje. \u0160is rinkinys specialiai sukurtas da\u017eytiems, pa\u017eeistiems ir per daug apdorotiems plaukams atkurti. Rinkinyje \u2013 Couleurs Couture \u0161amp\u016bnas, kondicionierius, kauk\u0117 ir galvos odos masa\u017euoklis.<br \/>\n\u2013 Trys pilno dyd\u017eio gaminiai<br \/>\n\u2013 Apsaugo plauk\u0173 spalv\u0105<br \/>\n\u2013 Galvos odos masa\u017euoklis<\/p>\n<p>Couleurs Couture \u0161amp\u016bnas<br \/>\nCouleurs Couture \u0161amp\u016bnas yra puiki atkuriamoji priemon\u0117, skirta da\u017eytiems, pa\u017eeistiems ir per daug apdorotiems plaukams. Prailgina spalvos ilgaam\u017ei\u0161kum\u0105 ir atkuria, stiprina ir giliai atgaivina plaukus i\u0161 vidaus. Unikali argano eliksyro, \u0161ilko baltym\u0173, ka\u0161myro baltym\u0173, kvinoj\u0173 s\u0117kl\u0173 aliejaus ir kokos\u0173 aliejaus formul\u0117 giliai stiprina ir dr\u0117kina plaukus, tod\u0117l jie tampa ne\u012ftik\u0117tinai \u0161veln\u016bs ir lengvai i\u0161\u0161ukuojami.<\/p>\n<p>Couleurs Couture kondicionierius<br \/>\nCouleurs Couture kondicionierius intensyviai dr\u0117kina da\u017eytus, pa\u017eeistus ir per daug apdorotus plaukus. Jis maitina, atskiria ir giliai stiprina plaukus i\u0161 vidaus, praturtintas unikaliu argano eliksyro, \u0161ilko ir ka\u0161myro baltym\u0173 mi\u0161iniu.<\/p>\n<p>Couleurs Couture kauk\u0117<br \/>\nCouleurs Couture kauk\u0117 yra turtinga priemon\u0117 da\u017eytiems, pa\u017eeistiems ir per daug apdorotiems plaukams. Praturtintas galingu gintaro r\u016bg\u0161ties, argano eliksyro, \u0161ilko ir ka\u0161myro baltym\u0173 mi\u0161iniu, stiprina ir saugo plauk\u0173 strukt\u016br\u0105. Kauk\u0117 padidina spalvos ilgaam\u017ei\u0161kum\u0105 ir padaro plaukus ne\u012ftik\u0117tinai \u0161velnius.<\/p>","protected":false},"excerpt":{"rendered":"<p>Couleurs Couture prie\u017ei\u016bros rinkinys<\/p>","protected":false},"featured_media":13147,"comment_status":"open","ping_status":"closed","template":"","meta":[],"product_cat":[270,251,188,195],"product_tag":[],"class_list":{"0":"post-13141","1":"product","2":"type-product","3":"status-publish","4":"has-post-thumbnail","6":"product_cat-plauku-kaukes","7":"product_cat-plauku-kondicionieriai","8":"product_cat-rinkiniai","9":"product_cat-sampunai","10":"pa_brands-balmain-hair","11":"pa_talpa-normal-size","12":"pa_talpa-travel-size","14":"first","15":"instock","16":"taxable","17":"shipping-taxable","18":"purchasable","19":"product-type-variable"},"_links":{"self":[{"href":"https:\/\/miamedic.lt\/en\/wp-json\/wp\/v2\/product\/13141","targetHints":{"allow":["GET"]}}],"collection":[{"href":"https:\/\/miamedic.lt\/en\/wp-json\/wp\/v2\/product"}],"about":[{"href":"https:\/\/miamedic.lt\/en\/wp-json\/wp\/v2\/types\/product"}],"replies":[{"embeddable":true,"href":"https:\/\/miamedic.lt\/en\/wp-json\/wp\/v2\/comments?post=13141"}],"version-history":[{"count":1,"href":"https:\/\/miamedic.lt\/en\/wp-json\/wp\/v2\/product\/13141\/revisions"}],"predecessor-version":[{"id":13148,"href":"https:\/\/miamedic.lt\/en\/wp-json\/wp\/v2\/product\/13141\/revisions\/13148"}],"wp:featuredmedia":[{"embeddable":true,"href":"https:\/\/miamedic.lt\/en\/wp-json\/wp\/v2\/media\/13147"}],"wp:attachment":[{"href":"https:\/\/miamedic.lt\/en\/wp-json\/wp\/v2\/media?parent=13141"}],"wp:term":[{"taxonomy":"product_cat","embeddable":true,"href":"https:\/\/miamedic.lt\/en\/wp-json\/wp\/v2\/product_cat?post=13141"},{"taxonomy":"product_tag","embeddable":true,"href":"https:\/\/miamedic.lt\/en\/wp-json\/wp\/v2\/product_tag?post=13141"}],"curies":[{"name":"wp","href":"https:\/\/api.w.org\/{rel}","templated":true}]}}