{"id":13138,"date":"2026-02-20T15:50:01","date_gmt":"2026-02-20T15:50:01","guid":{"rendered":"https:\/\/miamedic.lt\/?post_type=product&#038;p=13138"},"modified":"2026-02-20T15:50:01","modified_gmt":"2026-02-20T15:50:01","slug":"balmain-hair-volume-care-set","status":"publish","type":"product","link":"https:\/\/miamedic.lt\/en\/shop\/balmain-hair-volume-care-set\/","title":{"rendered":"BALMAIN HAIR Volume Care Set"},"content":{"rendered":"<p>Volume Care rinkin\u012f sudaro trys Volume Collection produktai. \u0160ios priemon\u0117s yra praturtintos \u0161ilko baltymais ir argano aliejumi, kurie padeda palaikyti dr\u0117gm\u0117s balans\u0105 ir gerina dr\u0117gm\u0117s sulaikym\u0105 plaukuose. Jie taip pat apsaugo pa\u017eeistus, sausus ir silpnus plaukus nuo i\u0161orinio poveikio. Be to, visa prie\u017ei\u016bros linija yra prisotinta i\u0161skirtiniu Balmain Hair kvapu.<br \/>\nApimties suteikiantis prie\u017ei\u016bros rinkinys puikiai tinka visiems, norintiems suteikti savo plaukams apimties. Rinkin\u012f sudaro apimt\u012f didinantis \u0161amp\u016bnas, apimt\u012f didinantis kondicionierius, nenuplaunamas kondicionierius ir galvos odos masa\u017euoklis. Volume Care Line \u2013 tai maitinantis ir \u0161velnus rinkinys, tinkantis vis\u0173 tip\u0173 plaukams, tod\u0117l plaukai tampa vizualiai ve\u0161lesni, \u017evilgantys ir pilni.<br \/>\n\u2013 Trys pilno dyd\u017eio produktai<br \/>\n\u2013 Suteikia plaukams apimties ir \u017evilgesio<br \/>\n\u2013 Galvos odos masa\u017euoklis<\/p>\n<p>Apimties suteikiantis \u0161amp\u016bnas<br \/>\nLengvas, \u0161velniai valantis \u0161amp\u016bnas. Suteikia apimties ir t\u016brio ploniems plaukams. Specialiai sukurtas siekiant sukurti \u017evilgan\u010dius, lengvai valdomus ir visaver\u010dius plaukus. \u0160velnus maitinantis \u0161amp\u016bnas suteikia apimties silpniems, nesvariems plaukams.<\/p>\n<p>Apimties suteikiantis kondicionierius<br \/>\nLengvas kondicionierius, kuris dr\u0117kina ir suteikia apimties ploniems, silpniems plaukams. Jis maitina ir atkuria plaukus i\u0161 vidaus, padarydamas juos stangriais, \u017evilgan\u010diais ir storesniais.<\/p>\n<p>Nenuplaunamas kondicionierius<br \/>\n\u0160is nenuplaunamas kondicionierius atskiria ir maitina plaukus, i\u0161lygina plauk\u0173 odeles ir suteikia t\u016brio, blizgesio ir UV apsaug\u0105 vis\u0105 dien\u0105.<\/p>","protected":false},"excerpt":{"rendered":"<p>Apimties suteikiantis prie\u017ei\u016bros rinkinys<\/p>","protected":false},"featured_media":13139,"comment_status":"open","ping_status":"closed","template":"","meta":[],"product_cat":[270,251,188,195],"product_tag":[],"class_list":{"0":"post-13138","1":"product","2":"type-product","3":"status-publish","4":"has-post-thumbnail","6":"product_cat-plauku-kaukes","7":"product_cat-plauku-kondicionieriai","8":"product_cat-rinkiniai","9":"product_cat-sampunai","10":"pa_brands-balmain-hair","12":"first","13":"instock","14":"taxable","15":"shipping-taxable","16":"purchasable","17":"product-type-simple"},"_links":{"self":[{"href":"https:\/\/miamedic.lt\/en\/wp-json\/wp\/v2\/product\/13138","targetHints":{"allow":["GET"]}}],"collection":[{"href":"https:\/\/miamedic.lt\/en\/wp-json\/wp\/v2\/product"}],"about":[{"href":"https:\/\/miamedic.lt\/en\/wp-json\/wp\/v2\/types\/product"}],"replies":[{"embeddable":true,"href":"https:\/\/miamedic.lt\/en\/wp-json\/wp\/v2\/comments?post=13138"}],"version-history":[{"count":1,"href":"https:\/\/miamedic.lt\/en\/wp-json\/wp\/v2\/product\/13138\/revisions"}],"predecessor-version":[{"id":13140,"href":"https:\/\/miamedic.lt\/en\/wp-json\/wp\/v2\/product\/13138\/revisions\/13140"}],"wp:featuredmedia":[{"embeddable":true,"href":"https:\/\/miamedic.lt\/en\/wp-json\/wp\/v2\/media\/13139"}],"wp:attachment":[{"href":"https:\/\/miamedic.lt\/en\/wp-json\/wp\/v2\/media?parent=13138"}],"wp:term":[{"taxonomy":"product_cat","embeddable":true,"href":"https:\/\/miamedic.lt\/en\/wp-json\/wp\/v2\/product_cat?post=13138"},{"taxonomy":"product_tag","embeddable":true,"href":"https:\/\/miamedic.lt\/en\/wp-json\/wp\/v2\/product_tag?post=13138"}],"curies":[{"name":"wp","href":"https:\/\/api.w.org\/{rel}","templated":true}]}}