{"id":13135,"date":"2026-02-20T15:43:41","date_gmt":"2026-02-20T15:43:41","guid":{"rendered":"https:\/\/miamedic.lt\/?post_type=product&#038;p=13135"},"modified":"2026-02-20T15:43:42","modified_gmt":"2026-02-20T15:43:42","slug":"balmain-hair-moisturizing-care-set","status":"publish","type":"product","link":"https:\/\/miamedic.lt\/en\/shop\/balmain-hair-moisturizing-care-set\/","title":{"rendered":"BALMAIN HAIR Moisturizing Care Set"},"content":{"rendered":"<p>Dr\u0117kinamasis prie\u017ei\u016bros rinkinys idealiai tinka norint i\u0161laikyti dr\u0117gm\u0119 j\u016bs\u0173 plaukuose. \u0160\u012f rinkin\u012f sudaro dr\u0117kinantis \u0161amp\u016bnas, kondicionierius ir kauk\u0117, kurie padeda papildyti dr\u0117gm\u0119, padidinti mink\u0161tum\u0105 ir pagerinti bendr\u0105 plauk\u0173 sveikat\u0105. Jame taip pat yra galvos odos masa\u017eo \u012frankis, skatinantis sveik\u0105 plauk\u0173 augim\u0105 ir atsipalaidavim\u0105.<br \/>\n\u2013 Galvos odos masa\u017euoklis<br \/>\n\u2013 Trys pilno dyd\u017eio dr\u0117kinantys produktai<br \/>\n\u2013 Maitina sausus ir pa\u017eeistus plaukus<\/p>\n<p>Dr\u0117kinantis \u0161amp\u016bnas<br \/>\nDr\u0117kinantis \u0161amp\u016bnas \u0161velniai valo galvos od\u0105 ir plaukus, suteikdamas papildomos dr\u0117gm\u0117s. Sud\u0117tyje yra UV filtr\u0173, kurie apsaugo plaukus nuo UV spinduli\u0173 ir pagerina spalvos i\u0161laikym\u0105. Aktyvus ingredientas provitaminas B5 padeda subalansuoti plauk\u0173 dr\u0117gm\u0117s lyg\u012f ir palaiko plauk\u0173 elastingum\u0105 bei lankstum\u0105. Padeda nuraminti sudirgusi\u0105 ir jautri\u0105 galvos od\u0105, mink\u0161tina plaukus ir suteikia blizgesio. Papildomas B grup\u0117s vitamin\u0173 kiekis tankina plaukus ir skatina j\u0173 augim\u0105.<\/p>\n<p>Dr\u0117kinanti atkuriamoji kauk\u0117<br \/>\nSukurta plaukams, kuriems reikia papildomo maitinimo. Atkuria sausus, l\u016b\u017ein\u0117jan\u010dius ir per daug pa\u017eeistus plaukus. Plaukai tampa prabangiai blizgantys ir \u0161veln\u016bs nuo \u0161akn\u0173 iki galiuk\u0173. Argano aliejus greitai \u012fsigeria \u012f plaukus ir suteikia plaukams sodrios dr\u0117gm\u0117s neapsunkindamas j\u0173. Apsaugo plaukus ir suma\u017eina \u0161iau\u0161im\u0105si. Provitaminas B5 pagerina dr\u0117gm\u0117s sulaikym\u0105, plauk\u0173 elastingum\u0105 ir lankstum\u0105. Subalansuoja plauk\u0173 dr\u0117gm\u0117s lyg\u012f ir ramina sudirgusi\u0105 ir jautri\u0105 galvos od\u0105. Palengvina plauk\u0173 formavim\u0105 ir i\u0161lygina l\u016b\u017ein\u0117jan\u010dius plauk\u0173 galiukus. Naudojant kas savait\u0119, plaukai tampa sveikesni, skatinamas j\u0173 augimas.<\/p>\n<p>Dr\u0117kinantis kondicionierius<br \/>\n\u0160is lengvas kondicionierius praturtintas grynu organi\u0161ku argano aliejumi, kad plaukai b\u016bt\u0173 lyg\u016bs. Argania Spinosa branduoli\u0173 aliejus, geriau \u017einomas kaip argano aliejus, kil\u0119s i\u0161 Maroko ir i\u0161gaunamas i\u0161 argano med\u017eio vaisi\u0173. Greitai susigeria, suteikia blizgesio ir apsaugo pa\u017eeistus plaukus. Kremin\u0117 formul\u0117 maitina plauk\u0173 sruogas ir neapsunkina j\u0173. D\u0117l to plaukai tampa mink\u0161ti, lengvai valdomi, tod\u0117l juos galima lengvai i\u0161\u0161ukuoti, i\u0161vengiant l\u016b\u017ein\u0117jimo. Praturtintas provitaminu B5, siekiant pagerinti dr\u0117gm\u0117s sulaikym\u0105 ir plauk\u0173 elastingum\u0105, jis mink\u0161tina plaukus ir sukuria nuostab\u0173 blizges\u012f. Suteikia plaukams did\u017eiausi\u0105 vitamin\u0173 impuls\u0105, kuris skatina plauk\u0173 augim\u0105.<\/p>","protected":false},"excerpt":{"rendered":"<p>Dr\u0117kinamasis prie\u017ei\u016bros rinkinys<\/p>","protected":false},"featured_media":13136,"comment_status":"open","ping_status":"closed","template":"","meta":[],"product_cat":[270,251,188,195],"product_tag":[],"class_list":{"0":"post-13135","1":"product","2":"type-product","3":"status-publish","4":"has-post-thumbnail","6":"product_cat-plauku-kaukes","7":"product_cat-plauku-kondicionieriai","8":"product_cat-rinkiniai","9":"product_cat-sampunai","10":"pa_brands-balmain-hair","12":"first","13":"instock","14":"taxable","15":"shipping-taxable","16":"purchasable","17":"product-type-simple"},"_links":{"self":[{"href":"https:\/\/miamedic.lt\/en\/wp-json\/wp\/v2\/product\/13135","targetHints":{"allow":["GET"]}}],"collection":[{"href":"https:\/\/miamedic.lt\/en\/wp-json\/wp\/v2\/product"}],"about":[{"href":"https:\/\/miamedic.lt\/en\/wp-json\/wp\/v2\/types\/product"}],"replies":[{"embeddable":true,"href":"https:\/\/miamedic.lt\/en\/wp-json\/wp\/v2\/comments?post=13135"}],"version-history":[{"count":1,"href":"https:\/\/miamedic.lt\/en\/wp-json\/wp\/v2\/product\/13135\/revisions"}],"predecessor-version":[{"id":13137,"href":"https:\/\/miamedic.lt\/en\/wp-json\/wp\/v2\/product\/13135\/revisions\/13137"}],"wp:featuredmedia":[{"embeddable":true,"href":"https:\/\/miamedic.lt\/en\/wp-json\/wp\/v2\/media\/13136"}],"wp:attachment":[{"href":"https:\/\/miamedic.lt\/en\/wp-json\/wp\/v2\/media?parent=13135"}],"wp:term":[{"taxonomy":"product_cat","embeddable":true,"href":"https:\/\/miamedic.lt\/en\/wp-json\/wp\/v2\/product_cat?post=13135"},{"taxonomy":"product_tag","embeddable":true,"href":"https:\/\/miamedic.lt\/en\/wp-json\/wp\/v2\/product_tag?post=13135"}],"curies":[{"name":"wp","href":"https:\/\/api.w.org\/{rel}","templated":true}]}}