{"id":13132,"date":"2026-02-20T15:41:13","date_gmt":"2026-02-20T15:41:13","guid":{"rendered":"https:\/\/miamedic.lt\/?post_type=product&#038;p=13132"},"modified":"2026-02-20T15:43:52","modified_gmt":"2026-02-20T15:43:52","slug":"balmain-hair-revitalizing-care-set","status":"publish","type":"product","link":"https:\/\/miamedic.lt\/en\/shop\/balmain-hair-revitalizing-care-set\/","title":{"rendered":"BALMAIN HAIR Revitalizing Care Set"},"content":{"rendered":"<p>Revitalizing Care rinkin\u012f sudaro trys Revitalizing Care linijos produktai, kurie intensyviai maitina ir pri\u017ei\u016bri plaukus. Atgaivinanti formul\u0117 stiprina ir atkuria plauk\u0173 gyvybingum\u0105 i\u0161 vidaus, neapsunkindama plauk\u0173. Formul\u0117 yra be paraben\u0173 ir tinka sausiems, pa\u017eeistiems ir per daug apdorotiems plaukams. \u0160is Revitalizing Care rinkinys, praturtintas i\u0161skirtiniu Balmain aromatu, suteikia auk\u0161\u010diausios kokyb\u0117s SPA patirt\u012f ir sukuria giliai pamaitintus, blizgan\u010dius plaukus.<br \/>\n\u2013 Trys pilno dyd\u017eio gaminiai<br \/>\n\u2013 Atkuria plaukus<br \/>\n\u2013 Galvos odos masa\u017euoklis<\/p>\n<p>Atkuriantis \u0161amp\u016bnas<br \/>\nIntensyviai atkuriantis \u0161amp\u016bnas, kuris stiprina ir atkuria plaukus i\u0161 vidaus. Patobulintoje formul\u0117je yra puikus vitamin\u0173 E, F, P ir ka\u0161myro baltym\u0173 pasirinkimas, tod\u0117l plaukai tampa lyg\u016bs ir \u0161veln\u016bs. Vitaminas E stiprina plaukus, o vitaminas F puosel\u0117ja galvos od\u0105 ir veikia kaip kondicionierius. Vitaminas P atkuria sausus ir pa\u017eeistus plaukus, o ka\u0161myro baltymai padaro plaukus tvirtesnius ir prabangiai \u0161velnius.<\/p>\n<p>Atkuriantis kondicionierius<br \/>\nTurtingos sud\u0117ties kondicionierius sulaiko dr\u0117gm\u0119, kad sustiprint\u0173 plaukus, apsaugot\u0173 nuo \u017ealos aplinkai ir atkuria prarast\u0105 spindes\u012f. \u0160is kondicionierius, praturtintas vitaminais E, F ir P, ka\u0161myru ir AC Colorplex, intensyviai dr\u0117kina, pa\u0161alina \u0161iau\u0161im\u0105si ir suteikia blizgesio, sveik\u0105 ir spindin\u010di\u0105 i\u0161vaizd\u0105. Ka\u0161myro baltymas suteikia plaukams prabangos, \u0161velnumo poj\u016bt\u012f, o AC Colorplex apsaugo nuo spalvos blukimo, apsaugodama plaukus nuo UV spinduli\u0173.<\/p>\n<p>Atgaivinanti kauk\u0117<br \/>\nAtgaivinanti kauk\u0117 skirta atstatyti praradusius gyvybingum\u0105, sausus ir pa\u017eeistus plaukus. Atgaivina i\u0161 vidaus ir suteikia plaukams reikaling\u0105 mityb\u0105. Vitaminai E, F ir P atgaivina plaukus, apsaugo jautri\u0105 galvos od\u0105 ir palaiko gil\u0173 plauko pluo\u0161to atstatym\u0105 i\u0161 vidaus. Ka\u0161myro baltymas palaiko nat\u016bral\u0173 plauko baltym\u0105, tod\u0117l plaukai tampa stangr\u016bs ir paklusn\u016bs. AC Colorplex, melanino ir japoni\u0161ko vasabi \u0161aknies mi\u0161inys, saugo plaukus nuo UV spinduli\u0173 ir skatina spalvos i\u0161laikym\u0105. Puikus ingredient\u0173 derinys atgaivintiems ir blizgantiems plaukams.<\/p>","protected":false},"excerpt":{"rendered":"<p>Atkuriantis prie\u017ei\u016bros rinkinys<\/p>","protected":false},"featured_media":13133,"comment_status":"open","ping_status":"closed","template":"","meta":[],"product_cat":[270,251,188,195],"product_tag":[],"class_list":{"0":"post-13132","1":"product","2":"type-product","3":"status-publish","4":"has-post-thumbnail","6":"product_cat-plauku-kaukes","7":"product_cat-plauku-kondicionieriai","8":"product_cat-rinkiniai","9":"product_cat-sampunai","10":"pa_brands-balmain-hair","12":"first","13":"instock","14":"taxable","15":"shipping-taxable","16":"purchasable","17":"product-type-simple"},"_links":{"self":[{"href":"https:\/\/miamedic.lt\/en\/wp-json\/wp\/v2\/product\/13132","targetHints":{"allow":["GET"]}}],"collection":[{"href":"https:\/\/miamedic.lt\/en\/wp-json\/wp\/v2\/product"}],"about":[{"href":"https:\/\/miamedic.lt\/en\/wp-json\/wp\/v2\/types\/product"}],"replies":[{"embeddable":true,"href":"https:\/\/miamedic.lt\/en\/wp-json\/wp\/v2\/comments?post=13132"}],"version-history":[{"count":1,"href":"https:\/\/miamedic.lt\/en\/wp-json\/wp\/v2\/product\/13132\/revisions"}],"predecessor-version":[{"id":13134,"href":"https:\/\/miamedic.lt\/en\/wp-json\/wp\/v2\/product\/13132\/revisions\/13134"}],"wp:featuredmedia":[{"embeddable":true,"href":"https:\/\/miamedic.lt\/en\/wp-json\/wp\/v2\/media\/13133"}],"wp:attachment":[{"href":"https:\/\/miamedic.lt\/en\/wp-json\/wp\/v2\/media?parent=13132"}],"wp:term":[{"taxonomy":"product_cat","embeddable":true,"href":"https:\/\/miamedic.lt\/en\/wp-json\/wp\/v2\/product_cat?post=13132"},{"taxonomy":"product_tag","embeddable":true,"href":"https:\/\/miamedic.lt\/en\/wp-json\/wp\/v2\/product_tag?post=13132"}],"curies":[{"name":"wp","href":"https:\/\/api.w.org\/{rel}","templated":true}]}}