{"id":13128,"date":"2026-02-20T15:38:31","date_gmt":"2026-02-20T15:38:31","guid":{"rendered":"https:\/\/miamedic.lt\/?post_type=product&#038;p=13128"},"modified":"2026-02-20T15:44:04","modified_gmt":"2026-02-20T15:44:04","slug":"balman-hair-signature-foundation-ginger","status":"publish","type":"product","link":"https:\/\/miamedic.lt\/en\/shop\/balman-hair-signature-foundation-ginger\/","title":{"rendered":"BALMAN HAIR Signature Foundation Ginger"},"content":{"rendered":"<p>Sveik\u0173, \u017evilgan\u010di\u0173 plauk\u0173 paslaptis. Nenuplaunamo kondicionieriaus ir dr\u0117kinamojo argano eliksyro derinys sukuria tobul\u0105 pagrind\u0105 bet kokiam stiliui.<\/p>\n<p>Praturtintas apsauginiais UV filtrais, apsaugan\u010diais plaukus nuo kar\u0161\u010dio sukeliam\u0173 formavimo priemoni\u0173. Dabar praturtintas \u0161iltu ir a\u0161triu imbiero 1974 kvapu.<\/p>\n<p>Puikus pagrindas bet kokiam stiliui<br \/>\nI\u0161lygina \u0161iau\u0161im\u0105si ir atkuria \u0161velnum\u0105<br \/>\nPraturtintas imbieru 1974<\/p>\n<p>Usage:<\/p>\n<p>1. U\u017etepkite nenuplaunamo kondicionieriaus ant dr\u0117gn\u0173 arba saus\u0173 plauk\u0173, \u012ftrindami per vis\u0105 j\u0173 ilg\u012f ir galiukus.<\/p>\n<p>2. Nor\u0117dami papildomo maitinimo ir blizgesio, u\u017ela\u0161inkite la\u0161el\u012f dr\u0117kinamojo argano eliksyro ant galiuk\u0173.<\/p>\n<p>3. \u0160velniai i\u0161\u0161ukuokite arba \u0161epe\u010diu, kad kondicionierius pasiskirstyt\u0173 tolygiai.<\/p>\n<p>4. Formuokite \u0161ukuosen\u0105 pagal pageidavim\u0105 ir m\u0117gaukit\u0117s \u0161ilkiniais, mink\u0161tais, pamaitintais plaukais.<\/p>","protected":false},"excerpt":{"rendered":"<p>Plauk\u0173 dr\u0117kinimo ir blizgesio rinkinys Ginger<\/p>","protected":false},"featured_media":13129,"comment_status":"open","ping_status":"closed","template":"","meta":[],"product_cat":[270,251,188,195],"product_tag":[],"class_list":{"0":"post-13128","1":"product","2":"type-product","3":"status-publish","4":"has-post-thumbnail","6":"product_cat-plauku-kaukes","7":"product_cat-plauku-kondicionieriai","8":"product_cat-rinkiniai","9":"product_cat-sampunai","10":"pa_brands-balmain-hair","12":"first","13":"instock","14":"taxable","15":"shipping-taxable","16":"purchasable","17":"product-type-simple"},"_links":{"self":[{"href":"https:\/\/miamedic.lt\/en\/wp-json\/wp\/v2\/product\/13128","targetHints":{"allow":["GET"]}}],"collection":[{"href":"https:\/\/miamedic.lt\/en\/wp-json\/wp\/v2\/product"}],"about":[{"href":"https:\/\/miamedic.lt\/en\/wp-json\/wp\/v2\/types\/product"}],"replies":[{"embeddable":true,"href":"https:\/\/miamedic.lt\/en\/wp-json\/wp\/v2\/comments?post=13128"}],"version-history":[{"count":1,"href":"https:\/\/miamedic.lt\/en\/wp-json\/wp\/v2\/product\/13128\/revisions"}],"predecessor-version":[{"id":13130,"href":"https:\/\/miamedic.lt\/en\/wp-json\/wp\/v2\/product\/13128\/revisions\/13130"}],"wp:featuredmedia":[{"embeddable":true,"href":"https:\/\/miamedic.lt\/en\/wp-json\/wp\/v2\/media\/13129"}],"wp:attachment":[{"href":"https:\/\/miamedic.lt\/en\/wp-json\/wp\/v2\/media?parent=13128"}],"wp:term":[{"taxonomy":"product_cat","embeddable":true,"href":"https:\/\/miamedic.lt\/en\/wp-json\/wp\/v2\/product_cat?post=13128"},{"taxonomy":"product_tag","embeddable":true,"href":"https:\/\/miamedic.lt\/en\/wp-json\/wp\/v2\/product_tag?post=13128"}],"curies":[{"name":"wp","href":"https:\/\/api.w.org\/{rel}","templated":true}]}}