{"id":13125,"date":"2026-02-20T15:32:35","date_gmt":"2026-02-20T15:32:35","guid":{"rendered":"https:\/\/miamedic.lt\/?post_type=product&#038;p=13125"},"modified":"2026-02-20T15:35:49","modified_gmt":"2026-02-20T15:35:49","slug":"balmain-hair-detangling-brush-mini-black","status":"publish","type":"product","link":"https:\/\/miamedic.lt\/en\/shop\/balmain-hair-detangling-brush-mini-black\/","title":{"rendered":"BALMAIN HAIR Detangling Brush Mini Black"},"content":{"rendered":"<p>\u0160epetys veltis linkusiems plaukams \u0161ukuoti. \u00a0<strong>Detangling Brush<\/strong>\u00a0turi mink\u0161tus \u0161erelius, kurie lengvai slysta per plaukus ir lengvai pa\u0161alina susiv\u0117limus netempdami plauk\u0173. \u0160ereliai yra pakankamai stipr\u016bs, kad gal\u0117t\u0173 i\u0161\u0161ukuoti susiv\u0117limus, ir tuo pa\u010diu pakankamai lankst\u016bs, kad nepa\u017eeist\u0173 galvos odos. Reguliarus \u0161ukavimas sukuria tvirtus ir elastingus plaukus, u\u017esandarina odeles ir gra\u017eiai i\u0161\u0161ukuoja plaukus, suteikia jiems sveik\u0105 blizges\u012f. D\u0117l lanks\u010di\u0173 \u0161eri\u0173 \u0161is \u0161epetys idealiai tinka priaugintam plaukams. Detangling Brush lengvai slysta per plaukus, nepa\u017eeisdamas jung\u010di\u0173. \u0160ereli\u0173 lankstumas garantuoja \u0161ukavim\u0105 be skausmo, o galvos oda \u0161ukavimo metu masa\u017euojama. Tai skatina kraujotak\u0105. \u0160epe\u010dio dizainas pritaikytas naudoti tiek dr\u0117gniems, tiek sausiems plaukams. \u0160is \u0161epetys skirtas vis\u0173 tip\u0173 plaukams, taip pat priaugintiems ar prisegtiems plaukams, \u0161injonams ar perukams.<\/p>\n<p><strong>Usage:\u00a0<\/strong>Detangling Brush galima naudoti ant saus\u0173, dr\u0117gn\u0173 ir \u0161lapi\u0173 plauk\u0173. Prad\u0117kite \u0161ukuodami plaukus nuo pus\u0117s ilgio iki galiuk\u0173 ma\u017eomis dalimis ir kilkite link galvos odos, taip i\u0161vengsite l\u016b\u017ein\u0117jimo.<\/p>","protected":false},"excerpt":{"rendered":"<p>Mini plauk\u0173 \u0161ukos<\/p>","protected":false},"featured_media":13126,"comment_status":"open","ping_status":"closed","template":"","meta":[],"product_cat":[431],"product_tag":[],"class_list":{"0":"post-13125","1":"product","2":"type-product","3":"status-publish","4":"has-post-thumbnail","6":"product_cat-plauku-sukos","7":"pa_brands-balmain-hair","9":"first","10":"instock","11":"taxable","12":"shipping-taxable","13":"purchasable","14":"product-type-simple"},"_links":{"self":[{"href":"https:\/\/miamedic.lt\/en\/wp-json\/wp\/v2\/product\/13125","targetHints":{"allow":["GET"]}}],"collection":[{"href":"https:\/\/miamedic.lt\/en\/wp-json\/wp\/v2\/product"}],"about":[{"href":"https:\/\/miamedic.lt\/en\/wp-json\/wp\/v2\/types\/product"}],"replies":[{"embeddable":true,"href":"https:\/\/miamedic.lt\/en\/wp-json\/wp\/v2\/comments?post=13125"}],"version-history":[{"count":1,"href":"https:\/\/miamedic.lt\/en\/wp-json\/wp\/v2\/product\/13125\/revisions"}],"predecessor-version":[{"id":13127,"href":"https:\/\/miamedic.lt\/en\/wp-json\/wp\/v2\/product\/13125\/revisions\/13127"}],"wp:featuredmedia":[{"embeddable":true,"href":"https:\/\/miamedic.lt\/en\/wp-json\/wp\/v2\/media\/13126"}],"wp:attachment":[{"href":"https:\/\/miamedic.lt\/en\/wp-json\/wp\/v2\/media?parent=13125"}],"wp:term":[{"taxonomy":"product_cat","embeddable":true,"href":"https:\/\/miamedic.lt\/en\/wp-json\/wp\/v2\/product_cat?post=13125"},{"taxonomy":"product_tag","embeddable":true,"href":"https:\/\/miamedic.lt\/en\/wp-json\/wp\/v2\/product_tag?post=13125"}],"curies":[{"name":"wp","href":"https:\/\/api.w.org\/{rel}","templated":true}]}}