{"id":13117,"date":"2026-02-20T15:16:28","date_gmt":"2026-02-20T15:16:28","guid":{"rendered":"https:\/\/miamedic.lt\/?post_type=product&#038;p=13117"},"modified":"2026-02-20T15:18:52","modified_gmt":"2026-02-20T15:18:52","slug":"balmain-hair-revitalizing-mask","status":"publish","type":"product","link":"https:\/\/miamedic.lt\/en\/shop\/balmain-hair-revitalizing-mask\/","title":{"rendered":"BALMAIN HAIR Revitalizing Mask"},"content":{"rendered":"<p>Specialiai sukurta atstatyti nuvargintus, sausus ir pa\u017eeistus plaukus. Atgaivina i\u0161 vidaus ir suteikia plaukams reikaling\u0105 maitinim\u0105. Did\u017eiausias energijos u\u017etaisas giliai sustiprina ir atkuria plauk\u0173 pluo\u0161t\u0105. Argania Spinosa branduoli\u0173 aliejus, geriau \u017einomas kaip Argano aliejus, lengvai \u012fsigeria \u012f plaukus ir atgaivina chemi\u0161kai apdorotus, pa\u017eeistus ir sausus plaukus. Vitaminai E, F ir P atgaivina plaukus, apsaugo jautri\u0105 galvos od\u0105 ir padeda atkurti plaukus i\u0161 vidaus. Ka\u0161myro baltymas pastiprina nat\u016bral\u0173 plauko baltym\u0105, tod\u0117l plaukai tampa stangr\u016bs ir paklusn\u016bs. Sukuria ypa\u010d \u0161velnius, bet stiprius plaukus. AC Colorplex, melanino ir japoni\u0161ko vasabi \u0161aknies mi\u0161inys apsaugo plaukus nuo UV spinduli\u0173 ir skatina spalvos i\u0161laikym\u0105. Puikus ingredient\u0173 derinys atgaivintoms ir blizgan\u010dioms garbanoms.<\/p>\n<p><em><strong>Usage:<\/strong><\/em>\u00a0Tepkite ant rank\u0161luos\u010diu nusausint\u0173 plauk\u0173, \u0161velniai \u012fmasa\u017euokite, po 5-10 minu\u010di\u0173 gerai i\u0161skalaukite.<\/p>\n<p><em><strong>Rekomenduojame:<\/strong><\/em>\u00a0norint pasiekti geriausi\u0105 rezultat\u0105, naudokite kartu su\u00a0<strong>Balmain Hair Revitalising Shampoo\u00a0<\/strong>ir\u00a0<strong>Balmain Hair Revitalising Conditioner.<\/strong><\/p>","protected":false},"excerpt":{"rendered":"<p>Atstatomoji plauk\u0173 kauk\u0117<\/p>","protected":false},"featured_media":13120,"comment_status":"open","ping_status":"closed","template":"","meta":[],"product_cat":[270],"product_tag":[],"class_list":{"0":"post-13117","1":"product","2":"type-product","3":"status-publish","4":"has-post-thumbnail","6":"product_cat-plauku-kaukes","7":"pa_brands-balmain-hair","8":"pa_talpa-1000ml","9":"pa_talpa-200ml","11":"first","12":"instock","13":"taxable","14":"shipping-taxable","15":"purchasable","16":"product-type-variable"},"_links":{"self":[{"href":"https:\/\/miamedic.lt\/en\/wp-json\/wp\/v2\/product\/13117","targetHints":{"allow":["GET"]}}],"collection":[{"href":"https:\/\/miamedic.lt\/en\/wp-json\/wp\/v2\/product"}],"about":[{"href":"https:\/\/miamedic.lt\/en\/wp-json\/wp\/v2\/types\/product"}],"replies":[{"embeddable":true,"href":"https:\/\/miamedic.lt\/en\/wp-json\/wp\/v2\/comments?post=13117"}],"version-history":[{"count":1,"href":"https:\/\/miamedic.lt\/en\/wp-json\/wp\/v2\/product\/13117\/revisions"}],"predecessor-version":[{"id":13121,"href":"https:\/\/miamedic.lt\/en\/wp-json\/wp\/v2\/product\/13117\/revisions\/13121"}],"wp:featuredmedia":[{"embeddable":true,"href":"https:\/\/miamedic.lt\/en\/wp-json\/wp\/v2\/media\/13120"}],"wp:attachment":[{"href":"https:\/\/miamedic.lt\/en\/wp-json\/wp\/v2\/media?parent=13117"}],"wp:term":[{"taxonomy":"product_cat","embeddable":true,"href":"https:\/\/miamedic.lt\/en\/wp-json\/wp\/v2\/product_cat?post=13117"},{"taxonomy":"product_tag","embeddable":true,"href":"https:\/\/miamedic.lt\/en\/wp-json\/wp\/v2\/product_tag?post=13117"}],"curies":[{"name":"wp","href":"https:\/\/api.w.org\/{rel}","templated":true}]}}