{"id":13111,"date":"2026-02-20T15:12:22","date_gmt":"2026-02-20T15:12:22","guid":{"rendered":"https:\/\/miamedic.lt\/?post_type=product&#038;p=13111"},"modified":"2026-02-20T15:12:23","modified_gmt":"2026-02-20T15:12:23","slug":"balmain-hair-moisturizing-repair-mask","status":"publish","type":"product","link":"https:\/\/miamedic.lt\/en\/shop\/balmain-hair-moisturizing-repair-mask\/","title":{"rendered":"BALMAIN HAIR Moisturizing Repair Mask"},"content":{"rendered":"<p>\u0160i kauk\u0117 plaukams priklauso giliai dr\u0117kinan\u010di\u0173 ir atkurian\u010di\u0173 produkt\u0173, sukurt\u0173 normaliems ir da\u017eytiems plaukams, linijai. Produkt\u0173 linija praturtinta grynu organiniu argano aliejumi, kuris atkuria ir apsaugo plaukus, suteikia jiems nat\u016bralaus blizgesio ir elastingumo. Dr\u0117kinan\u010dios produkt\u0173 serijos plauk\u0173 prie\u017ei\u016bros priemon\u0117s praturtintos geriausiomis sudedamosiomis dalimis, kad b\u016bt\u0173 pasiekti optimal\u016bs rezultatai plaukams. UV apsauga suteikia papildom\u0105 apsaug\u0105 nuo UV spinduli\u0173, neleid\u017eia i\u0161blukti plauk\u0173 spalvai. Ji suteikia da\u017eytiems plaukams ilgai i\u0161liekan\u010di\u0105 gaivi\u0105 i\u0161vaizd\u0105 ir nuostab\u0173 blizges\u012f. Provitaminas B5 padeda geriau sulaikyti dr\u0117gm\u0119, padidinti plauk\u0173 elastingum\u0105 ir lankstum\u0105. Jis taip pat ramina sudirgusi\u0105 ir jautri\u0105 galvos od\u0105, mink\u0161tina plaukus ir suteikia jiems sodraus blizgesio. Veiklioji med\u017eiaga papildomai stimuliuoja plaukus vitaminu B, tod\u0117l plaukai tampa tankesni, skatinamas j\u0173 augimas.<br \/>\nKauk\u0117 su organiniu argano aliejumi, skirta intensyviai plauk\u0173 prie\u017ei\u016brai. Atkuria pa\u017eeistus plaukus, pa\u017eeistus da\u017eno cheminio apdorojimo. Plaukai tampa \u0161veln\u016bs, \u017evilgantys ir lengvai valdomi. Praturtinta firminiu\u00a0<strong>Balmain Hair<\/strong>\u00a0kvapu, kauk\u0117 suteikia plaukams salono gaivos poj\u016bt\u012f. Kad pasiektum\u0117te geriausi\u0173 rezultat\u0173, kauk\u0119 naudokite kartu su dr\u0117kinamuoju \u0161amp\u016bnu\u00a0<strong>Moisturizing Shampoo<\/strong>\u00a0ir dr\u0117kinamuoju balzamu\u00a0<strong>Moisturizing Conditioner<\/strong>.<br \/>\n\u0160ios linijos produkt\u0173 sud\u0117tyje n\u0117ra paraben\u0173.<\/p>\n<p><strong>Usage:<\/strong>\u00a0u\u017etepkite ant rank\u0161luos\u010diu nusausint\u0173 plauk\u0173, \u0161velniai \u012fmasa\u017euokite ir po 10-15 minu\u010di\u0173 kruop\u0161\u010diai i\u0161skalaukite. Nor\u0117dami pasiekti geriausi\u0173 rezultat\u0173, naudokite kart\u0105 per savait\u0119.<\/p>","protected":false},"excerpt":{"rendered":"<p>Dr\u0117kinamoji plauk\u0173 kauk\u0117<\/p>","protected":false},"featured_media":13114,"comment_status":"open","ping_status":"closed","template":"","meta":[],"product_cat":[270],"product_tag":[],"class_list":{"0":"post-13111","1":"product","2":"type-product","3":"status-publish","4":"has-post-thumbnail","6":"product_cat-plauku-kaukes","7":"pa_brands-balmain-hair","8":"pa_talpa-1000ml","9":"pa_talpa-200ml","11":"first","12":"instock","13":"taxable","14":"shipping-taxable","15":"purchasable","16":"product-type-variable"},"_links":{"self":[{"href":"https:\/\/miamedic.lt\/en\/wp-json\/wp\/v2\/product\/13111","targetHints":{"allow":["GET"]}}],"collection":[{"href":"https:\/\/miamedic.lt\/en\/wp-json\/wp\/v2\/product"}],"about":[{"href":"https:\/\/miamedic.lt\/en\/wp-json\/wp\/v2\/types\/product"}],"replies":[{"embeddable":true,"href":"https:\/\/miamedic.lt\/en\/wp-json\/wp\/v2\/comments?post=13111"}],"version-history":[{"count":1,"href":"https:\/\/miamedic.lt\/en\/wp-json\/wp\/v2\/product\/13111\/revisions"}],"predecessor-version":[{"id":13115,"href":"https:\/\/miamedic.lt\/en\/wp-json\/wp\/v2\/product\/13111\/revisions\/13115"}],"wp:featuredmedia":[{"embeddable":true,"href":"https:\/\/miamedic.lt\/en\/wp-json\/wp\/v2\/media\/13114"}],"wp:attachment":[{"href":"https:\/\/miamedic.lt\/en\/wp-json\/wp\/v2\/media?parent=13111"}],"wp:term":[{"taxonomy":"product_cat","embeddable":true,"href":"https:\/\/miamedic.lt\/en\/wp-json\/wp\/v2\/product_cat?post=13111"},{"taxonomy":"product_tag","embeddable":true,"href":"https:\/\/miamedic.lt\/en\/wp-json\/wp\/v2\/product_tag?post=13111"}],"curies":[{"name":"wp","href":"https:\/\/api.w.org\/{rel}","templated":true}]}}