{"id":13102,"date":"2026-02-20T15:04:41","date_gmt":"2026-02-20T15:04:41","guid":{"rendered":"https:\/\/miamedic.lt\/?post_type=product&#038;p=13102"},"modified":"2026-02-20T15:04:42","modified_gmt":"2026-02-20T15:04:42","slug":"balmain-hair-couleurs-couture-mask","status":"publish","type":"product","link":"https:\/\/miamedic.lt\/en\/shop\/balmain-hair-couleurs-couture-mask\/","title":{"rendered":"BALMAIN HAIR Couleurs Couture Mask"},"content":{"rendered":"<p>Prabangi plauk\u0173 SPA prie\u017ei\u016bra da\u017eytiems, pa\u017eeistiems ir nualintiems plaukams. Praturtinta galingu argano eliksyro, \u0161ilko ir ka\u0161myro balt\u0173j\u0173 med\u017eiag\u0173 bei gintaro r\u016bg\u0161ties mi\u0161iniu, stiprinan\u010diu ir saugan\u010diu plauk\u0173 strukt\u016br\u0105. Couleurs Couture Care Collection produkt\u0173 kolekcija padeda ilgiau i\u0161likti plauk\u0173 spalvai, giliai atkuria, stiprina ir atgaivina plaukus, palikdama juos itin \u0161velnius. Patobulinta sud\u0117tis praturtinta auk\u0161\u010diausios kokyb\u0117s ingredientais ir i\u0161skirtiniu aromatu.<br \/>\n\u2013 Maitinamoji plauk\u0173 SPA kauk\u0117<br \/>\n\u2013 Padeda plauk\u0173 spalvai i\u0161likti ilgiau<br \/>\n\u2013 Stiprina ir dr\u0117kina plaukus<\/p>\n<p><strong>Usage:<\/strong>\u00a0u\u017etepkite ant rank\u0161luos\u010diu nusausint\u0173 plauk\u0173 gal\u0173 ir vidurin\u0117s plauk\u0173 ilgio dalies, \u0161velniai \u012fmasa\u017euokite ir po 10-15 minu\u010di\u0173 kruop\u0161\u010diai i\u0161skalaukite.<br \/>\nPlauk\u0173 kauk\u0119 naudokite kartu su\u00a0<strong>Couleurs Couture \u0161amp\u016bnu<\/strong>, kad pailgintum\u0117te spalvos ilgaam\u017ei\u0161kum\u0105, atkurtum\u0117te, sustiprintum\u0117te ir atgaivintum\u0117te plaukus i\u0161 vidaus. Baig\u0119 plauti plaukus naudokite balzam\u0105, kuris maitina, palengvina i\u0161\u0161ukavim\u0105 ir stiprina pa\u017eeistus bei pervargusius plaukus.\u2060<\/p>","protected":false},"excerpt":{"rendered":"<p>Kauk\u0117 da\u017eytiems plaukams<\/p>","protected":false},"featured_media":13106,"comment_status":"open","ping_status":"closed","template":"","meta":[],"product_cat":[270],"product_tag":[],"class_list":{"0":"post-13102","1":"product","2":"type-product","3":"status-publish","4":"has-post-thumbnail","6":"product_cat-plauku-kaukes","7":"pa_brands-balmain-hair","8":"pa_talpa-1000ml","9":"pa_talpa-200ml","10":"pa_talpa-50ml-2","12":"first","13":"instock","14":"taxable","15":"shipping-taxable","16":"purchasable","17":"product-type-variable"},"_links":{"self":[{"href":"https:\/\/miamedic.lt\/en\/wp-json\/wp\/v2\/product\/13102","targetHints":{"allow":["GET"]}}],"collection":[{"href":"https:\/\/miamedic.lt\/en\/wp-json\/wp\/v2\/product"}],"about":[{"href":"https:\/\/miamedic.lt\/en\/wp-json\/wp\/v2\/types\/product"}],"replies":[{"embeddable":true,"href":"https:\/\/miamedic.lt\/en\/wp-json\/wp\/v2\/comments?post=13102"}],"version-history":[{"count":1,"href":"https:\/\/miamedic.lt\/en\/wp-json\/wp\/v2\/product\/13102\/revisions"}],"predecessor-version":[{"id":13107,"href":"https:\/\/miamedic.lt\/en\/wp-json\/wp\/v2\/product\/13102\/revisions\/13107"}],"wp:featuredmedia":[{"embeddable":true,"href":"https:\/\/miamedic.lt\/en\/wp-json\/wp\/v2\/media\/13106"}],"wp:attachment":[{"href":"https:\/\/miamedic.lt\/en\/wp-json\/wp\/v2\/media?parent=13102"}],"wp:term":[{"taxonomy":"product_cat","embeddable":true,"href":"https:\/\/miamedic.lt\/en\/wp-json\/wp\/v2\/product_cat?post=13102"},{"taxonomy":"product_tag","embeddable":true,"href":"https:\/\/miamedic.lt\/en\/wp-json\/wp\/v2\/product_tag?post=13102"}],"curies":[{"name":"wp","href":"https:\/\/api.w.org\/{rel}","templated":true}]}}