{"id":13097,"date":"2026-02-20T15:02:04","date_gmt":"2026-02-20T15:02:04","guid":{"rendered":"https:\/\/miamedic.lt\/?post_type=product&#038;p=13097"},"modified":"2026-02-20T15:02:05","modified_gmt":"2026-02-20T15:02:05","slug":"balmain-hair-illuminating-mask-silver-pearl","status":"publish","type":"product","link":"https:\/\/miamedic.lt\/en\/shop\/balmain-hair-illuminating-mask-silver-pearl\/","title":{"rendered":"BALMAIN HAIR Illuminating Mask Silver Pearl"},"content":{"rendered":"<p>\u0160viesinti plaukai ar plaukai su \u0161viesintomis sruogel\u0117mis reikalauja ypatingos prie\u017ei\u016bros. Tarp da\u017eym\u0173, norint neutralizuoti nepageidaujamus \u0161iltus atspalvius, reikalingos priemon\u0117s, praturtintos giliais violetiniais pigmentais.<br \/>\nGrynais violetiniais pigmentais praturtinta Balmain Hair Couture Illuminating produkt\u0173 serija padeda i\u0161sklaidyti nepageidaujamus \u0161iltus tonus ir pary\u0161kinti plauk\u0173 spalv\u0105.\u00a0<strong>Illuminating Mask White Pearl<\/strong>\u00a0giliai maitina plaukus, i\u0161laikydama \u0161alt\u0105 \u0161viesi\u0105 spalv\u0105. Koreguoja geltonum\u0105 ir suteikia plaukams skais\u010diai kri\u0161tolin\u012f \u0161viesiai pilk\u0105 atspalv\u012f. Specialiai sukurta \u0161viesiems ir sruogel\u0117mis nuda\u017eytiems plaukams.<br \/>\nKauk\u0117 praturtinta galingu gintaro r\u016bg\u0161ties, argano eliksyro, \u0161ilko ir ka\u0161myro baltym\u0173 mi\u0161iniu, kuris stiprina ir apsaugo plauk\u0173 strukt\u016br\u0105.<\/p>\n<p>\u2013 Kauk\u0117 koreguoja gelsvus plauk\u0173 atspalvius<br \/>\n\u2013 I\u0161laiko sidabrin\u0119 ir kri\u0161tolin\u0119 pilk\u0105 spalv\u0105<br \/>\n\u2013 Idealiai tinka naudoti tarp da\u017eym\u0173<\/p>\n<p>Atnaujintos i\u0161vaizdos kauk\u0117 turi stiling\u0105 juod\u0105 matin\u012f dangtel\u012f su \u012fspaustu B logotipu, po kuriuo yra ma\u017ea mentel\u0117, kad b\u016bt\u0173 lengva paimti produkto.<br \/>\nKauk\u0117 supakuota \u012f eleganti\u0161k\u0105 d\u0117\u017eut\u0119.<\/p>\n<p><em><strong>Usage:<\/strong><\/em>\u00a0u\u017etepkite kauk\u0117s ant rank\u0161luos\u010diu nusausint\u0173 plauk\u0173 gal\u0173 ir vidurin\u0117s plauk\u0173 ilgio dalies, \u0161velniai \u012fmasa\u017euokite ir po 10-15 minu\u010di\u0173 kruop\u0161\u010diai i\u0161skalaukite.<br \/>\nKad pasiektum\u0117te geriausi\u0173 rezultat\u0173, naudokite kartu su \u0161viesinan\u010diu \u0161amp\u016bnu\u00a0<strong>Silver Pearl<\/strong>. Nerekomenduojama naudoti per da\u017enai, nes \u0161amp\u016bnas ilgam paveikia plauk\u0173 spalv\u0105.<br \/>\nVisada naudokite kartu su plauk\u0173 \u012fprasta prie\u017ei\u016bros priemoni\u0173 kolekcija, pavyzd\u017eiui, Couleurs Couture, kad pailgintum\u0117te plauk\u0173 spalvos gyvavimo laik\u0105, atkurtum\u0117te, sustiprintum\u0117te ir atgaivintum\u0117te plaukus i\u0161 vidaus.<br \/>\nBaig\u0119 plauti plaukus naudokite balzam\u0105, kad pamaitintum\u0117te, lengviau i\u0161\u0161ukuotum\u0117te ir sustiprintum\u0117te pa\u017eeistus ir nualintus plaukus.\u2060<\/p>","protected":false},"excerpt":{"rendered":"<p style=\"text-align: left;\">Kauk\u0117 \u0161viesintiems plaukams<\/p>","protected":false},"featured_media":13100,"comment_status":"open","ping_status":"closed","template":"","meta":[],"product_cat":[270],"product_tag":[],"class_list":{"0":"post-13097","1":"product","2":"type-product","3":"status-publish","4":"has-post-thumbnail","6":"product_cat-plauku-kaukes","7":"pa_brands-balmain-hair","8":"pa_talpa-1000ml","9":"pa_talpa-200ml","11":"first","12":"instock","13":"taxable","14":"shipping-taxable","15":"purchasable","16":"product-type-variable"},"_links":{"self":[{"href":"https:\/\/miamedic.lt\/en\/wp-json\/wp\/v2\/product\/13097","targetHints":{"allow":["GET"]}}],"collection":[{"href":"https:\/\/miamedic.lt\/en\/wp-json\/wp\/v2\/product"}],"about":[{"href":"https:\/\/miamedic.lt\/en\/wp-json\/wp\/v2\/types\/product"}],"replies":[{"embeddable":true,"href":"https:\/\/miamedic.lt\/en\/wp-json\/wp\/v2\/comments?post=13097"}],"version-history":[{"count":1,"href":"https:\/\/miamedic.lt\/en\/wp-json\/wp\/v2\/product\/13097\/revisions"}],"predecessor-version":[{"id":13101,"href":"https:\/\/miamedic.lt\/en\/wp-json\/wp\/v2\/product\/13097\/revisions\/13101"}],"wp:featuredmedia":[{"embeddable":true,"href":"https:\/\/miamedic.lt\/en\/wp-json\/wp\/v2\/media\/13100"}],"wp:attachment":[{"href":"https:\/\/miamedic.lt\/en\/wp-json\/wp\/v2\/media?parent=13097"}],"wp:term":[{"taxonomy":"product_cat","embeddable":true,"href":"https:\/\/miamedic.lt\/en\/wp-json\/wp\/v2\/product_cat?post=13097"},{"taxonomy":"product_tag","embeddable":true,"href":"https:\/\/miamedic.lt\/en\/wp-json\/wp\/v2\/product_tag?post=13097"}],"curies":[{"name":"wp","href":"https:\/\/api.w.org\/{rel}","templated":true}]}}