{"id":13089,"date":"2026-02-20T14:51:42","date_gmt":"2026-02-20T14:51:42","guid":{"rendered":"https:\/\/miamedic.lt\/?post_type=product&#038;p=13089"},"modified":"2026-02-20T14:51:43","modified_gmt":"2026-02-20T14:51:43","slug":"balmain-hair-professional-aftercare-mask","status":"publish","type":"product","link":"https:\/\/miamedic.lt\/en\/shop\/balmain-hair-professional-aftercare-mask\/","title":{"rendered":"BALMAIN HAIR Professional Aftercare Mask"},"content":{"rendered":"<p>Norint, kad priauginti ir nat\u016bral\u016bs plaukai b\u016bt\u0173 puikios b\u016bkl\u0117s, labai svarbu naudoti profesionalias plauk\u0173 prie\u017ei\u016bros priemones. Balmain Hair kauk\u0117 plaukams su priaugintais plaukais yra specialiai sukurta nat\u016brali\u0173\u00a0 ir priaugint\u0173 plauk\u0173 prie\u017ei\u016brai. Intensyvi kauk\u0117 atkuria ir atstato plauko strukt\u016br\u0105,\u00a0 plaukai intensyviai maitinami.<br \/>\nDr\u0117kinanti kauk\u0117 plaukams praturtinta argano aliejumi ir \u0161ilko proteinais. Dr\u0117kina ir atkuria sausus, pa\u017eeistus plaukus. Kauk\u0117 plaukams stiprina plauk\u0105 i\u0161 vidaus, suteikia gyvybingumo ir blizgesio. Kauk\u0117 pailgina priauginam\u0173 plauk\u0173 tarnavimo laik\u0105 ir pagerina j\u0173 b\u016bkl\u0119, tod\u0117l yra nepakei\u010diama kasdienin\u0117s plauk\u0173 prie\u017ei\u016bros po plauk\u0173 priauginimo dalis.<\/p>\n<p>\u2013 Kassavaitin\u0117 kauk\u0117 plaukams su priaugintais plaukais<br \/>\n\u2013 Atkuria ir stiprina plaukus<br \/>\n\u2013 Patvirtina 6 m\u0117nesi\u0173 kokyb\u0117s garantij\u0105 visiems Human Hair plaukams.<\/p>\n<p><em><strong>Usage:<\/strong><\/em>\u00a0U\u017etepkite ant rank\u0161luos\u010diu nusausint\u0173 plauk\u0173, \u0161velniai \u012fmasa\u017euokite, po 5-10 min. kruop\u0161\u010diai i\u0161skalaukite.<\/p>","protected":false},"excerpt":{"rendered":"<p>Kauk\u0117 plaukams su priaugintais plaukais<\/p>","protected":false},"featured_media":13090,"comment_status":"open","ping_status":"closed","template":"","meta":[],"product_cat":[270],"product_tag":[],"class_list":{"0":"post-13089","1":"product","2":"type-product","3":"status-publish","4":"has-post-thumbnail","6":"product_cat-plauku-kaukes","7":"pa_brands-balmain-hair","8":"pa_talpa-150ml","10":"first","11":"instock","12":"taxable","13":"shipping-taxable","14":"purchasable","15":"product-type-simple"},"_links":{"self":[{"href":"https:\/\/miamedic.lt\/en\/wp-json\/wp\/v2\/product\/13089","targetHints":{"allow":["GET"]}}],"collection":[{"href":"https:\/\/miamedic.lt\/en\/wp-json\/wp\/v2\/product"}],"about":[{"href":"https:\/\/miamedic.lt\/en\/wp-json\/wp\/v2\/types\/product"}],"replies":[{"embeddable":true,"href":"https:\/\/miamedic.lt\/en\/wp-json\/wp\/v2\/comments?post=13089"}],"version-history":[{"count":1,"href":"https:\/\/miamedic.lt\/en\/wp-json\/wp\/v2\/product\/13089\/revisions"}],"predecessor-version":[{"id":13091,"href":"https:\/\/miamedic.lt\/en\/wp-json\/wp\/v2\/product\/13089\/revisions\/13091"}],"wp:featuredmedia":[{"embeddable":true,"href":"https:\/\/miamedic.lt\/en\/wp-json\/wp\/v2\/media\/13090"}],"wp:attachment":[{"href":"https:\/\/miamedic.lt\/en\/wp-json\/wp\/v2\/media?parent=13089"}],"wp:term":[{"taxonomy":"product_cat","embeddable":true,"href":"https:\/\/miamedic.lt\/en\/wp-json\/wp\/v2\/product_cat?post=13089"},{"taxonomy":"product_tag","embeddable":true,"href":"https:\/\/miamedic.lt\/en\/wp-json\/wp\/v2\/product_tag?post=13089"}],"curies":[{"name":"wp","href":"https:\/\/api.w.org\/{rel}","templated":true}]}}