{"id":13063,"date":"2026-02-20T14:47:55","date_gmt":"2026-02-20T14:47:55","guid":{"rendered":"https:\/\/miamedic.lt\/?post_type=product&#038;p=13063"},"modified":"2026-02-20T14:49:15","modified_gmt":"2026-02-20T14:49:15","slug":"balmain-hair-couleurs-couture-illuminating-mask","status":"publish","type":"product","link":"https:\/\/miamedic.lt\/en\/shop\/balmain-hair-couleurs-couture-illuminating-mask\/","title":{"rendered":"BALMAIN HAIR Couleurs Couture Illuminating Mask"},"content":{"rendered":"<p>Praturtinta grynais nat\u016braliais pigmentais, tonuojanti plauk\u0173 kauk\u0117 skirta pary\u0161kinti spalv\u0105 plaukuose. Atgaivina da\u017eytus ir nat\u016bralius plaukus.<br \/>\nM\u0117gaukit\u0117s nuostabiu savo plauk\u0173 spalvos patvarumu. Kartu \u0161is produktas u\u017etikrina gil\u0173 plauk\u0173 dr\u0117kinim\u0105, patog\u0173 ir lengv\u0105 plauk\u0173 \u0161epe\u010dio slydim\u0105 per plaukus \u2013 visa tai galima lengvai pasiekti atliekant nam\u0173 proced\u016br\u0105 plaukams.<\/p>\n<p>\u2013 Gerina plauko strukt\u016br\u0105, apsaugo nuo l\u016b\u017ein\u0117jimo<br \/>\n\u2013 Giliai dr\u0117kina<br \/>\n\u2013 Efektas i\u0161lieka iki 8 plovim\u0173<\/p>\n<p>\u0160i tonuojanti plauk\u0173 kauk\u0117 yra skirta i\u0161laikyti spalvos gyvybingum\u0105 tarp apsilankym\u0173 salone. Joje yra gryn\u0173 pigment\u0173, kurie neutralizuoja nepageidaujamus plauk\u0173 atspalvius, plauk\u0173 spalva i\u0161lieka ilgiau. Tinka tiek nat\u016braliems, tiek da\u017eytiems plaukams.<\/p>\n<p>Praturtinta gintaro r\u016bg\u0161timi ir komponentais, atkurian\u010diais plauk\u0173 molekulin\u0119 strukt\u016br\u0105, \u0161i giliai dr\u0117kinanti ir maitinanti plauk\u0173 kauk\u0117 \u012fsiskverbia giliai \u012f plauko vid\u0173, atkuria ir stiprina. Intensyvus dr\u0117kinimas atkuria dr\u0117gm\u0117s lyg\u012f sausuose ir pa\u017eeistuose plaukuose, tod\u0117l plaukai tampa \u0161veln\u016bs, glotn\u016bs ir \u017evilgantys.<\/p>\n<p>Sukurta tiek da\u017eytiems, tiek nat\u016braliems plaukams, \u0161i tonuojanti plauk\u0173 kauk\u0117 suteikia SPA kokyb\u0117s prie\u017ei\u016br\u0105, padidina blizges\u012f ir i\u0161saugo sodrius tonus.<br \/>\nM\u0117gaukit\u0117s rezultatais, kurie i\u0161lieka iki 8 plovim\u0173, suteikdami plaukams ilgesn\u012f gyvybingum\u0105, dr\u0117kinim\u0105 ir atstatym\u0105.<br \/>\nTur\u0117kite plaukus, kurie atrodo ir jau\u010diasi tokie pat gaiv\u016bs kaip ir \u00a0po profesionalios prie\u017ei\u016bros.<\/p>\n<p>Plauk\u0173 paruo\u0161imas ir atsargumo priemon\u0117s:<br \/>\n\u2013 Prie\u0161 naudojant kauk\u0119 nebalinkite plauk\u0173, nes tai gali pakeisti spalv\u0105.<br \/>\n\u2013 Tepimo ir paskirstymo metu rekomenduojama m\u016bv\u0117ti pir\u0161tines.<\/p>\n<p>Usage:<br \/>\n1. Plaukus ir galvos od\u0105 i\u0161plaukite su Balmain Hair Couleurs Couture \u0161amp\u016bnu. Kruop\u0161\u010diai i\u0161skalaukite ir nusausinkite.<br \/>\n2. \u0160ukomis arba galvos odos masa\u017euokliu tolygiai paskirstykite Balmain Hair Illuminating Mask kauk\u0119 nuo \u0161akn\u0173 iki galiuk\u0173.<br \/>\n3. Priklausomai nuo norimos plauk\u0173 spalvos intensyvumo, palaukite 5-15 minu\u010di\u0173. Kruop\u0161\u010diai nuplaukite.<br \/>\n4. Nor\u0117dami patikimiau u\u017efiksuoti spalvos pigmentus, naudokite Balmain Hair Couleurs Couture kondicionieri\u0173, kad u\u017esandarintum\u0117te plauko pavir\u0161i\u0173. Kruop\u0161\u010diai nuplaukite.<br \/>\n5. Prie\u0161 d\u017eiovindami plauk\u0173 d\u017eiovintuvu, naudokite Balmain Hair Leave In Conditioner. \u0160is gaminys u\u017etikrina apsaug\u0105 nuo kar\u0161\u010dio iki 160 laipsni\u0173.<\/p>","protected":false},"excerpt":{"rendered":"<p class=\"product-title product_title entry-title\">\u00a0Tonuojanti kauk\u0117 plaukams<\/p>","protected":false},"featured_media":13087,"comment_status":"open","ping_status":"closed","template":"","meta":[],"product_cat":[270],"product_tag":[],"class_list":{"0":"post-13063","1":"product","2":"type-product","3":"status-publish","4":"has-post-thumbnail","6":"product_cat-plauku-kaukes","7":"pa_brands-balmain-hair","8":"pa_talpa-150ml","10":"first","11":"instock","12":"taxable","13":"shipping-taxable","14":"purchasable","15":"product-type-variable"},"_links":{"self":[{"href":"https:\/\/miamedic.lt\/en\/wp-json\/wp\/v2\/product\/13063","targetHints":{"allow":["GET"]}}],"collection":[{"href":"https:\/\/miamedic.lt\/en\/wp-json\/wp\/v2\/product"}],"about":[{"href":"https:\/\/miamedic.lt\/en\/wp-json\/wp\/v2\/types\/product"}],"replies":[{"embeddable":true,"href":"https:\/\/miamedic.lt\/en\/wp-json\/wp\/v2\/comments?post=13063"}],"version-history":[{"count":1,"href":"https:\/\/miamedic.lt\/en\/wp-json\/wp\/v2\/product\/13063\/revisions"}],"predecessor-version":[{"id":13088,"href":"https:\/\/miamedic.lt\/en\/wp-json\/wp\/v2\/product\/13063\/revisions\/13088"}],"wp:featuredmedia":[{"embeddable":true,"href":"https:\/\/miamedic.lt\/en\/wp-json\/wp\/v2\/media\/13087"}],"wp:attachment":[{"href":"https:\/\/miamedic.lt\/en\/wp-json\/wp\/v2\/media?parent=13063"}],"wp:term":[{"taxonomy":"product_cat","embeddable":true,"href":"https:\/\/miamedic.lt\/en\/wp-json\/wp\/v2\/product_cat?post=13063"},{"taxonomy":"product_tag","embeddable":true,"href":"https:\/\/miamedic.lt\/en\/wp-json\/wp\/v2\/product_tag?post=13063"}],"curies":[{"name":"wp","href":"https:\/\/api.w.org\/{rel}","templated":true}]}}