{"id":13057,"date":"2026-02-20T14:32:26","date_gmt":"2026-02-20T14:32:26","guid":{"rendered":"https:\/\/miamedic.lt\/?post_type=product&#038;p=13057"},"modified":"2026-02-20T14:32:27","modified_gmt":"2026-02-20T14:32:27","slug":"balmain-hair-moisturizing-conditioner","status":"publish","type":"product","link":"https:\/\/miamedic.lt\/en\/shop\/balmain-hair-moisturizing-conditioner\/","title":{"rendered":"BALMAIN HAIR Moisturizing Conditioner"},"content":{"rendered":"<p>\u0160is balzamas \u2013 specialiai sukurtos giliai dr\u0117kinan\u010di\u0173 plauk\u0173 produkt\u0173 serijos dalis. Jis idealiai tinka normaliems ir da\u017eytiems plaukams. Produkt\u0173 serija praturtinta grynu organiniu argano aliejumi, kuris atkuria ir apsaugo plaukus, suteikia jiems nat\u016bralaus blizgesio ir elastingumo. Visuose asortimento produktuose n\u0117ra paraben\u0173.<br \/>\nDr\u0117kinamosios produkt\u0173 serijos prie\u017ei\u016bros priemon\u0117s praturtintos geriausiomis sudedamosiomis dalimis, kad b\u016bt\u0173 pasiektas optimalus rezultatas plaukams. UV apsauga suteikia papildom\u0105 apsaug\u0105 nuo UV spinduli\u0173, neleisdama i\u0161blukti plauk\u0173 spalvai. Ji suteikia da\u017eytiems plaukams ilgai i\u0161liekan\u010di\u0105 gaivi\u0105 i\u0161vaizd\u0105 ir puik\u0173 blizges\u012f. Provitaminas B5 padeda geriau sulaikyti dr\u0117gm\u0119, tod\u0117l plaukai i\u0161lieka elastingi, stipr\u016bs ir lankst\u016bs. Priemon\u0117 taip pat ramina sudirgusi\u0105 ir jautri\u0105 galvos od\u0105, mink\u0161tina plaukus ir suteikia jiems sodraus blizgesio. Veiklioji med\u017eiaga papildomai stimuliuoja plaukus vitaminu B, tod\u0117l plaukai tampa tankesni ir skatinamas j\u0173 augimas. Padeda i\u0161vengti plauk\u0173 slinkimo!<br \/>\nDr\u0117kinamasis patobulintos sud\u0117ties balzamas giliai maitina ir dr\u0117kina plaukus. Jo sud\u0117tis praturtinta grynu organiniu argano aliejumi. Tinka chemi\u0161kai apdorotiems ir (arba) da\u017eytiems plaukams. Plaukai tampa stipr\u016bs, blizgantys, lengvai tvarkomi ir \u0161ukuojami. Maitina, atkuria ir suteikia plaukams nat\u016bralaus \u017evilgesio bei elastingumo. \u0160ilko baltymai ir argano aliejus palaiko optimal\u0173 dr\u0117gm\u0117s lyg\u012f plaukuose, atkuria ir apsaugo pa\u017eeistus, sausus ir silpnus plaukus nuo \u017ealingo aplinkos poveikio. Produktas praturtintas firmini\u0173 \u201eBalmain Hair\u201c kvepal\u0173 aromatu. Be paraben\u0173.<\/p>\n<p><strong><em>Naudojimas<\/em>:<\/strong>\u00a0tepkite ant dr\u0117gn\u0173 plauk\u0173, masa\u017euokite ir 3 min. \u0161velniai tepkite produkt\u0105 per vis\u0105 plauk\u0173 ilg\u012f, po to kruop\u0161\u010diai i\u0161skalaukite.<\/p>\n<p><em><strong>Rekomenduojame:<\/strong><\/em>\u00a0i\u0161skalaukite plaukus v\u0117siu vandeniu \u2013 priklausomai nuo v\u0117saus vandens pH lygio, naudingosios balzamo sudedamosios dalys \u012fsigers \u012f plaukus ir suteiks jiems gra\u017eaus blizgesio. Nor\u0117dami pasieki geriausi\u0105 rezultat\u0105, naudokite kartu su<strong>\u00a0Balmain Hair Moisturising Shampoo<\/strong>\u00a0ir\u00a0<strong>Balmain Hair Moisturising Repair Mask.<\/strong><\/p>","protected":false},"excerpt":{"rendered":"<p>Dr\u0117kinamasis kondicionierius<\/p>","protected":false},"featured_media":13061,"comment_status":"open","ping_status":"closed","template":"","meta":[],"product_cat":[251],"product_tag":[],"class_list":{"0":"post-13057","1":"product","2":"type-product","3":"status-publish","4":"has-post-thumbnail","6":"product_cat-plauku-kondicionieriai","7":"pa_brands-balmain-hair","8":"pa_talpa-1000ml","9":"pa_talpa-300ml","10":"pa_talpa-50ml-2","12":"first","13":"instock","14":"taxable","15":"shipping-taxable","16":"purchasable","17":"product-type-variable"},"_links":{"self":[{"href":"https:\/\/miamedic.lt\/en\/wp-json\/wp\/v2\/product\/13057","targetHints":{"allow":["GET"]}}],"collection":[{"href":"https:\/\/miamedic.lt\/en\/wp-json\/wp\/v2\/product"}],"about":[{"href":"https:\/\/miamedic.lt\/en\/wp-json\/wp\/v2\/types\/product"}],"replies":[{"embeddable":true,"href":"https:\/\/miamedic.lt\/en\/wp-json\/wp\/v2\/comments?post=13057"}],"version-history":[{"count":1,"href":"https:\/\/miamedic.lt\/en\/wp-json\/wp\/v2\/product\/13057\/revisions"}],"predecessor-version":[{"id":13062,"href":"https:\/\/miamedic.lt\/en\/wp-json\/wp\/v2\/product\/13057\/revisions\/13062"}],"wp:featuredmedia":[{"embeddable":true,"href":"https:\/\/miamedic.lt\/en\/wp-json\/wp\/v2\/media\/13061"}],"wp:attachment":[{"href":"https:\/\/miamedic.lt\/en\/wp-json\/wp\/v2\/media?parent=13057"}],"wp:term":[{"taxonomy":"product_cat","embeddable":true,"href":"https:\/\/miamedic.lt\/en\/wp-json\/wp\/v2\/product_cat?post=13057"},{"taxonomy":"product_tag","embeddable":true,"href":"https:\/\/miamedic.lt\/en\/wp-json\/wp\/v2\/product_tag?post=13057"}],"curies":[{"name":"wp","href":"https:\/\/api.w.org\/{rel}","templated":true}]}}