{"id":13052,"date":"2026-02-20T14:29:52","date_gmt":"2026-02-20T14:29:52","guid":{"rendered":"https:\/\/miamedic.lt\/?post_type=product&#038;p=13052"},"modified":"2026-02-20T14:29:52","modified_gmt":"2026-02-20T14:29:52","slug":"balmain-hair-revitalizing-conditioner","status":"publish","type":"product","link":"https:\/\/miamedic.lt\/en\/shop\/balmain-hair-revitalizing-conditioner\/","title":{"rendered":"BALMAIN HAIR Revitalizing Conditioner"},"content":{"rendered":"<p>Turtingas savo sud\u0117timi kondicionierius sulaiko plaukuose dr\u0117gm\u0119, kad sustiprint\u0173 plauk\u0173 ir, apsaugot\u0173 nuo \u017ealingo aplinkos poveikio. Atkuria prarast\u0105 spindes\u012f. Intensyviai dr\u0117kina plaukus ir stabdo kritim\u0105. Praturtintas vitaminais E, F ir P, ka\u0161myru ir AC Colorplex. Geriausios sudedamosios dalys blizgioms ir sveikoms garbanoms. Vitaminai E, F ir P suteikia plaukams did\u017eiausi\u0105 energijos u\u017etais\u0105. Vitaminai saugo galvos od\u0105 ir atkuria plaukus nuo \u0161akn\u0173 iki galiuk\u0173. Ka\u0161myro baltymai suteikia plaukams prabangos ir \u0161velnumo poj\u016bt\u012f, tod\u0117l plaukai tampa paklusn\u016bs. AC Colorplex \u2013 kompleksas, pagamintas i\u0161 melanino ir japoni\u0161ko vasabi \u0161aknies. Sud\u0117tyje yra blukim\u0105 stabdan\u010dios med\u017eiagos, kuri apsaugo plaukus nuo UV spinduli\u0173 ir neleid\u017eia plaukams blukti ar keisti spalv\u0105.<\/p>\n<p><em><strong>Usage:<\/strong><\/em>\u00a0tepkite ant dr\u0117gn\u0173 plauk\u0173, \u0161velniai masa\u017euokite 3 minutes ir kruop\u0161\u010diai i\u0161skalaukite.<\/p>\n<p>Rekomenduojame naudoti kartu su\u00a0<strong>Revitalising Shampoo<\/strong>\u00a0ir\u00a0<strong>Revitalising Hair Mask<\/strong>.<\/p>","protected":false},"excerpt":{"rendered":"<p>Atstatomasis kondicionierius<\/p>","protected":false},"featured_media":13055,"comment_status":"open","ping_status":"closed","template":"","meta":[],"product_cat":[251],"product_tag":[],"class_list":{"0":"post-13052","1":"product","2":"type-product","3":"status-publish","4":"has-post-thumbnail","6":"product_cat-plauku-kondicionieriai","7":"pa_brands-balmain-hair","8":"pa_talpa-1000ml","9":"pa_talpa-300ml","11":"first","12":"instock","13":"taxable","14":"shipping-taxable","15":"purchasable","16":"product-type-variable"},"_links":{"self":[{"href":"https:\/\/miamedic.lt\/en\/wp-json\/wp\/v2\/product\/13052","targetHints":{"allow":["GET"]}}],"collection":[{"href":"https:\/\/miamedic.lt\/en\/wp-json\/wp\/v2\/product"}],"about":[{"href":"https:\/\/miamedic.lt\/en\/wp-json\/wp\/v2\/types\/product"}],"replies":[{"embeddable":true,"href":"https:\/\/miamedic.lt\/en\/wp-json\/wp\/v2\/comments?post=13052"}],"version-history":[{"count":1,"href":"https:\/\/miamedic.lt\/en\/wp-json\/wp\/v2\/product\/13052\/revisions"}],"predecessor-version":[{"id":13056,"href":"https:\/\/miamedic.lt\/en\/wp-json\/wp\/v2\/product\/13052\/revisions\/13056"}],"wp:featuredmedia":[{"embeddable":true,"href":"https:\/\/miamedic.lt\/en\/wp-json\/wp\/v2\/media\/13055"}],"wp:attachment":[{"href":"https:\/\/miamedic.lt\/en\/wp-json\/wp\/v2\/media?parent=13052"}],"wp:term":[{"taxonomy":"product_cat","embeddable":true,"href":"https:\/\/miamedic.lt\/en\/wp-json\/wp\/v2\/product_cat?post=13052"},{"taxonomy":"product_tag","embeddable":true,"href":"https:\/\/miamedic.lt\/en\/wp-json\/wp\/v2\/product_tag?post=13052"}],"curies":[{"name":"wp","href":"https:\/\/api.w.org\/{rel}","templated":true}]}}