{"id":13047,"date":"2026-02-20T14:27:43","date_gmt":"2026-02-20T14:27:43","guid":{"rendered":"https:\/\/miamedic.lt\/?post_type=product&#038;p=13047"},"modified":"2026-02-20T14:27:44","modified_gmt":"2026-02-20T14:27:44","slug":"balmain-hair-volume-conditioner","status":"publish","type":"product","link":"https:\/\/miamedic.lt\/en\/shop\/balmain-hair-volume-conditioner\/","title":{"rendered":"BALMAIN HAIR Volume Conditioner"},"content":{"rendered":"<p>Lengva \u0161io balzamo sud\u0117tis kondicionuoja ir maitina plaukus, suteikdamas jiems apimties ir purumo. \u0160ilko proteinai ir argano aliejus palaiko optimal\u0173 dr\u0117gm\u0117s lyg\u012f, atkuria ir apsaugo pa\u017eeistus, sausus ir silpnus plaukus nuo aplinkos poveikio. Prabangi ir lengva, \u0161i produkt\u0173 serija tinka kasdieniam naudojimui, ploniems ir \u0161velniems plaukams suteikia i\u0161skirtinio purumo ir apimties. Rezultatas \u2013 blizgantys, stipr\u016bs, mink\u0161ti ir tobulai u\u017ebaigti plaukai. Asortimentas pasi\u017eymi nuostabiu kvapu, b\u016bdingu Balmain plauk\u0173 gaminiams. Be paraben\u0173 ir sulfat\u0173.<br \/>\n\u2013 Lengva sud\u0117tis<br \/>\n\u2013 Stiprina ir apsaugo plaukus<br \/>\n\u2013 Be paraben\u0173 ir sulfat\u0173<\/p>\n<p><em><strong>Usage:<\/strong><\/em>\u00a0Tepkite ant rank\u0161luos\u010diu nusausint\u0173 plauk\u0173. \u012emasa\u017euokite \u012f plaukus ir palikite 3 minutes. I\u0161skalaukite.<\/p>\n<p><em><strong>Rekomenduojame:<\/strong><\/em>\u00a0norint pasiekti geriausi\u0105 rezultat\u0105, naudokite kartu su\u00a0<strong>Balmain Hair Volume Shampoo<\/strong><\/p>","protected":false},"excerpt":{"rendered":"<p>Apimties suteikiantis kondicionierius<\/p>","protected":false},"featured_media":13050,"comment_status":"open","ping_status":"closed","template":"","meta":[],"product_cat":[251],"product_tag":[],"class_list":{"0":"post-13047","1":"product","2":"type-product","3":"status-publish","4":"has-post-thumbnail","6":"product_cat-plauku-kondicionieriai","7":"pa_brands-balmain-hair","8":"pa_talpa-1000ml","9":"pa_talpa-300ml","11":"first","12":"instock","13":"taxable","14":"shipping-taxable","15":"purchasable","16":"product-type-variable"},"_links":{"self":[{"href":"https:\/\/miamedic.lt\/en\/wp-json\/wp\/v2\/product\/13047","targetHints":{"allow":["GET"]}}],"collection":[{"href":"https:\/\/miamedic.lt\/en\/wp-json\/wp\/v2\/product"}],"about":[{"href":"https:\/\/miamedic.lt\/en\/wp-json\/wp\/v2\/types\/product"}],"replies":[{"embeddable":true,"href":"https:\/\/miamedic.lt\/en\/wp-json\/wp\/v2\/comments?post=13047"}],"version-history":[{"count":1,"href":"https:\/\/miamedic.lt\/en\/wp-json\/wp\/v2\/product\/13047\/revisions"}],"predecessor-version":[{"id":13051,"href":"https:\/\/miamedic.lt\/en\/wp-json\/wp\/v2\/product\/13047\/revisions\/13051"}],"wp:featuredmedia":[{"embeddable":true,"href":"https:\/\/miamedic.lt\/en\/wp-json\/wp\/v2\/media\/13050"}],"wp:attachment":[{"href":"https:\/\/miamedic.lt\/en\/wp-json\/wp\/v2\/media?parent=13047"}],"wp:term":[{"taxonomy":"product_cat","embeddable":true,"href":"https:\/\/miamedic.lt\/en\/wp-json\/wp\/v2\/product_cat?post=13047"},{"taxonomy":"product_tag","embeddable":true,"href":"https:\/\/miamedic.lt\/en\/wp-json\/wp\/v2\/product_tag?post=13047"}],"curies":[{"name":"wp","href":"https:\/\/api.w.org\/{rel}","templated":true}]}}