{"id":13041,"date":"2026-02-20T14:24:56","date_gmt":"2026-02-20T14:24:56","guid":{"rendered":"https:\/\/miamedic.lt\/?post_type=product&#038;p=13041"},"modified":"2026-02-20T14:24:56","modified_gmt":"2026-02-20T14:24:56","slug":"balmain-hair-couleurs-couture-conditioner","status":"publish","type":"product","link":"https:\/\/miamedic.lt\/en\/shop\/balmain-hair-couleurs-couture-conditioner\/","title":{"rendered":"BALMAIN HAIR Couleurs Couture Conditioner"},"content":{"rendered":"<p>Unikalios\u00a0<strong>Couleurs Couture<\/strong>\u00a0produkt\u0173 linijos \u0161amp\u016bnas ir balzamas yra specialiai sukurti da\u017eyt\u0173, nualint\u0173 ir pa\u017eeist\u0173 plauk\u0173 prie\u017ei\u016brai.\u00a0<strong>Couleurs Couture<\/strong>\u00a0\u0161amp\u016bnas ir balzamas kartu skatina spalvos ilgaam\u017ei\u0161kum\u0105, atkuria, stiprina ir atgaivina plaukus i\u0161 vidaus. D\u0117l patobulintos giliai dr\u0117kinan\u010dios sud\u0117ties plaukai tampa glotn\u016bs ir lengviau \u0161ukuojami, o kartu apsaugomi nuo l\u016b\u017ein\u0117jimo. Pagerina ir sustiprina plaukus, plaukai tampa blizgantys ir \u0161veln\u016bs.<br \/>\nIntensyvus, giliai dr\u0117kinantis balzamas, specialiai sukurtas da\u017eytiems, pa\u017eeistiems ir nualintiems plaukams. Balzamas maitina, valo ir stiprina plaukus i\u0161 vidaus.<br \/>\nProdukto sud\u0117tyje yra kruop\u0161\u010diai atrinkt\u0173 pagrindini\u0173 ingredient\u0173: argano eliksyro, \u0161ilko ir ka\u0161myro baltym\u0173, praturtint\u0173 kvinojos s\u0117klomis ir kokos\u0173 aliejumi. Unikalus ir praturtintas geriausi\u0173 ingredient\u0173 derinys stiprina ir dr\u0117kina plaukus giliai i\u0161 vidaus, suteikia jiems nereg\u0117to \u0161velnumo, juos tampa lengva i\u0161\u0161ukuoti ir i\u0161vengti l\u016b\u017ein\u0117jimo. UV filtrai apsaugo plaukus nuo laisv\u0173j\u0173 radikal\u0173, saugodami spalv\u0105.<br \/>\n\u017demas pH lygis ir auk\u0161\u010diausios kokyb\u0117s ingredientai atkuria, stiprina, dr\u0117kina ir apsaugo plauk\u0173 spalv\u0105 nuo i\u0161blukimo. Patobulinta sud\u0117tis, praturtinta auk\u0161\u010diausios kokyb\u0117s ingredientais ir ypatingu firminiu Balmain Hair kvapu.<\/p>\n<p><em><strong>Usage:<\/strong><\/em>\u00a0tepkite ant dr\u0117gn\u0173 plauk\u0173, masa\u017euokite ir \u0161velniai paskirstykite produkt\u0105 per vis\u0105 plauk\u0173 ilg\u012f 3 minutes ir kruop\u0161\u010diai i\u0161skalaukite. I\u0161skalaukite plaukus v\u0117siu vandeniu \u2013 d\u0117l v\u0117saus vandens pH, naudingieji balzamo komponentai geriau \u012fsigers \u012f plaukus ir suteiks jiems gra\u017eaus blizgesio.<\/p>","protected":false},"excerpt":{"rendered":"<p>Kondicionierius da\u017eytiems plaukams<\/p>","protected":false},"featured_media":13045,"comment_status":"open","ping_status":"closed","template":"","meta":[],"product_cat":[251],"product_tag":[],"class_list":{"0":"post-13041","1":"product","2":"type-product","3":"status-publish","4":"has-post-thumbnail","6":"product_cat-plauku-kondicionieriai","7":"pa_brands-balmain-hair","8":"pa_talpa-1000ml","9":"pa_talpa-300ml","10":"pa_talpa-50ml-2","12":"first","13":"instock","14":"taxable","15":"shipping-taxable","16":"purchasable","17":"product-type-variable"},"_links":{"self":[{"href":"https:\/\/miamedic.lt\/en\/wp-json\/wp\/v2\/product\/13041","targetHints":{"allow":["GET"]}}],"collection":[{"href":"https:\/\/miamedic.lt\/en\/wp-json\/wp\/v2\/product"}],"about":[{"href":"https:\/\/miamedic.lt\/en\/wp-json\/wp\/v2\/types\/product"}],"replies":[{"embeddable":true,"href":"https:\/\/miamedic.lt\/en\/wp-json\/wp\/v2\/comments?post=13041"}],"version-history":[{"count":1,"href":"https:\/\/miamedic.lt\/en\/wp-json\/wp\/v2\/product\/13041\/revisions"}],"predecessor-version":[{"id":13046,"href":"https:\/\/miamedic.lt\/en\/wp-json\/wp\/v2\/product\/13041\/revisions\/13046"}],"wp:featuredmedia":[{"embeddable":true,"href":"https:\/\/miamedic.lt\/en\/wp-json\/wp\/v2\/media\/13045"}],"wp:attachment":[{"href":"https:\/\/miamedic.lt\/en\/wp-json\/wp\/v2\/media?parent=13041"}],"wp:term":[{"taxonomy":"product_cat","embeddable":true,"href":"https:\/\/miamedic.lt\/en\/wp-json\/wp\/v2\/product_cat?post=13041"},{"taxonomy":"product_tag","embeddable":true,"href":"https:\/\/miamedic.lt\/en\/wp-json\/wp\/v2\/product_tag?post=13041"}],"curies":[{"name":"wp","href":"https:\/\/api.w.org\/{rel}","templated":true}]}}