{"id":13038,"date":"2026-02-20T14:22:01","date_gmt":"2026-02-20T14:22:01","guid":{"rendered":"https:\/\/miamedic.lt\/?post_type=product&#038;p=13038"},"modified":"2026-02-20T14:22:02","modified_gmt":"2026-02-20T14:22:02","slug":"balmain-hair-professional-aftercare-shampoo","status":"publish","type":"product","link":"https:\/\/miamedic.lt\/en\/shop\/balmain-hair-professional-aftercare-shampoo\/","title":{"rendered":"BALMAIN HAIR Professional Aftercare Shampoo"},"content":{"rendered":"<p>Norint, kad priauginti ir nat\u016bral\u016bs plaukai b\u016bt\u0173 puikios b\u016bkl\u0117s, labai svarbu naudoti profesionalias plauk\u0173 prie\u017ei\u016bros priemones. Balmain Hair \u0161amp\u016bnas priaugintiems plaukams yra specialiai sukurtas nat\u016brali\u0173 plauk\u0173 ir priauginam\u0173 plauk\u0173 prie\u017ei\u016brai. Plauk\u0173 neapsunkinantis, dr\u0117kinantis ir valantis \u0161amp\u016bnas atgaivina plaukus, i\u0161saugo plauk\u0173 spalv\u0105 ir akimirksniu suteikia blizgesio.<br \/>\n\u0160velnus dr\u0117kinantis valiklis, praturtintas keratinu ir argano aliejumi. Maitina, dr\u0117kina ir suteikia ilgalaik\u012f \u017evilges\u012f bei spindes\u012f. \u0160amp\u016bnas pailgina priauginam\u0173 plauk\u0173 tarnavimo laik\u0105 ir pagerina j\u0173 savybes, tod\u0117l yra nepakei\u010diama kasdienin\u0117s plauk\u0173 prie\u017ei\u016bros po plauk\u0173 priauginimo dalis.<\/p>\n<p>\u2013 Kasdienis \u0161amp\u016bnas priaugintiems plaukams<br \/>\n\u2013 I\u0161saugo plauk\u0173 spalv\u0105<br \/>\n\u2013 Patvirtina Balmain Hair 6 m\u0117nesi\u0173 kokyb\u0117s garantij\u0105 visiems Human Hair plaukams.<\/p>\n<p><em><strong>Usage:<\/strong><\/em>\u00a0U\u017etepkite ant dr\u0117gn\u0173 plauk\u0173, \u0161velniai \u012fmasa\u017euokite ir kruop\u0161\u010diai i\u0161skalaukite.<\/p>","protected":false},"excerpt":{"rendered":"<p>\u0160amp\u016bnas priaugintiems plaukams<\/p>","protected":false},"featured_media":13039,"comment_status":"open","ping_status":"closed","template":"","meta":[],"product_cat":[195],"product_tag":[],"class_list":{"0":"post-13038","1":"product","2":"type-product","3":"status-publish","4":"has-post-thumbnail","6":"product_cat-sampunai","7":"pa_brands-balmain-hair","8":"pa_talpa-250ml","10":"first","11":"instock","12":"taxable","13":"shipping-taxable","14":"purchasable","15":"product-type-simple"},"_links":{"self":[{"href":"https:\/\/miamedic.lt\/en\/wp-json\/wp\/v2\/product\/13038","targetHints":{"allow":["GET"]}}],"collection":[{"href":"https:\/\/miamedic.lt\/en\/wp-json\/wp\/v2\/product"}],"about":[{"href":"https:\/\/miamedic.lt\/en\/wp-json\/wp\/v2\/types\/product"}],"replies":[{"embeddable":true,"href":"https:\/\/miamedic.lt\/en\/wp-json\/wp\/v2\/comments?post=13038"}],"version-history":[{"count":1,"href":"https:\/\/miamedic.lt\/en\/wp-json\/wp\/v2\/product\/13038\/revisions"}],"predecessor-version":[{"id":13040,"href":"https:\/\/miamedic.lt\/en\/wp-json\/wp\/v2\/product\/13038\/revisions\/13040"}],"wp:featuredmedia":[{"embeddable":true,"href":"https:\/\/miamedic.lt\/en\/wp-json\/wp\/v2\/media\/13039"}],"wp:attachment":[{"href":"https:\/\/miamedic.lt\/en\/wp-json\/wp\/v2\/media?parent=13038"}],"wp:term":[{"taxonomy":"product_cat","embeddable":true,"href":"https:\/\/miamedic.lt\/en\/wp-json\/wp\/v2\/product_cat?post=13038"},{"taxonomy":"product_tag","embeddable":true,"href":"https:\/\/miamedic.lt\/en\/wp-json\/wp\/v2\/product_tag?post=13038"}],"curies":[{"name":"wp","href":"https:\/\/api.w.org\/{rel}","templated":true}]}}