{"id":13033,"date":"2026-02-20T14:19:25","date_gmt":"2026-02-20T14:19:25","guid":{"rendered":"https:\/\/miamedic.lt\/?post_type=product&#038;p=13033"},"modified":"2026-02-20T14:19:26","modified_gmt":"2026-02-20T14:19:26","slug":"balmain-hair-dry-shampoo","status":"publish","type":"product","link":"https:\/\/miamedic.lt\/en\/shop\/balmain-hair-dry-shampoo\/","title":{"rendered":"BALMAIN HAIR Dry Shampoo"},"content":{"rendered":"<p><strong>Balmain Hair Couture<\/strong>\u00a0sausas \u0161amp\u016bnas yra specialiai sukurtas akimirksniu atgaivinti susiriebalavusius, ne\u0161varius plaukus. \u0160is daugiafunkcis produktas, praturtintas i\u0161skirtiniu argano eliksyro ir \u0161ilko baltym\u0173 mi\u0161iniu, valo plaukus, tuo pa\u010diu didindamas apimt\u012f. Valomasis pur\u0161kiklis sugeria ne\u0161varumus, suteikdamas k\u0105 tik i\u0161plaut\u0173 plauk\u0173 poj\u016bt\u012f. Lengva formul\u0117 pakelia plaukus nuo \u0161akn\u0173. Signature Fragrance praturtinta formul\u0117 pa\u0161alina nepageidaujamus kvapus ir suteikia plaukams subtil\u0173, gaiv\u0173 kvap\u0105.<\/p>\n<p><em><strong>Usage:<\/strong><\/em><\/p>\n<p>Prie\u0161 naudojim\u0105 gerai suplakti. Tolygiai purk\u0161kite tarp plauk\u0173 sluoksni\u0173 20-30 cm atstumu nuo galvos. Leiskite i\u0161d\u017ei\u016bti, paskirstykite pir\u0161tais ir i\u0161\u0161ukuokite sauso \u0161amp\u016bno pertekli\u0173 i\u0161 plauk\u0173.<\/p>\n<p><em><strong>Rekomenduojame:<\/strong><\/em>\u00a0naudokite kaip stilizavimo priemon\u0119, kad sukurtum\u0117te matin\u0119, tekst\u016bruot\u0105 ir apimties suteikian\u010di\u0105 \u0161ukuosen\u0105.<\/p>","protected":false},"excerpt":{"rendered":"<p>Sausasis \u0161amp\u016bnas<\/p>","protected":false},"featured_media":13036,"comment_status":"open","ping_status":"closed","template":"","meta":[],"product_cat":[195],"product_tag":[],"class_list":{"0":"post-13033","1":"product","2":"type-product","3":"status-publish","4":"has-post-thumbnail","6":"product_cat-sampunai","7":"pa_brands-balmain-hair","8":"pa_talpa-300ml","9":"pa_talpa-75ml","11":"first","12":"instock","13":"taxable","14":"shipping-taxable","15":"purchasable","16":"product-type-variable"},"_links":{"self":[{"href":"https:\/\/miamedic.lt\/en\/wp-json\/wp\/v2\/product\/13033","targetHints":{"allow":["GET"]}}],"collection":[{"href":"https:\/\/miamedic.lt\/en\/wp-json\/wp\/v2\/product"}],"about":[{"href":"https:\/\/miamedic.lt\/en\/wp-json\/wp\/v2\/types\/product"}],"replies":[{"embeddable":true,"href":"https:\/\/miamedic.lt\/en\/wp-json\/wp\/v2\/comments?post=13033"}],"version-history":[{"count":1,"href":"https:\/\/miamedic.lt\/en\/wp-json\/wp\/v2\/product\/13033\/revisions"}],"predecessor-version":[{"id":13037,"href":"https:\/\/miamedic.lt\/en\/wp-json\/wp\/v2\/product\/13033\/revisions\/13037"}],"wp:featuredmedia":[{"embeddable":true,"href":"https:\/\/miamedic.lt\/en\/wp-json\/wp\/v2\/media\/13036"}],"wp:attachment":[{"href":"https:\/\/miamedic.lt\/en\/wp-json\/wp\/v2\/media?parent=13033"}],"wp:term":[{"taxonomy":"product_cat","embeddable":true,"href":"https:\/\/miamedic.lt\/en\/wp-json\/wp\/v2\/product_cat?post=13033"},{"taxonomy":"product_tag","embeddable":true,"href":"https:\/\/miamedic.lt\/en\/wp-json\/wp\/v2\/product_tag?post=13033"}],"curies":[{"name":"wp","href":"https:\/\/api.w.org\/{rel}","templated":true}]}}